{"id":1582,"date":"2026-02-23T08:00:50","date_gmt":"2026-02-23T05:00:50","guid":{"rendered":"https:\/\/betwinner.team\/lt\/?page_id=1582"},"modified":"2026-04-28T21:07:09","modified_gmt":"2026-04-28T18:07:09","slug":"login","status":"publish","type":"page","link":"https:\/\/betwinner.team\/lt\/login\/","title":{"rendered":"Prisijungti"},"content":{"rendered":"","protected":false},"excerpt":{"rendered":"","protected":false},"author":1,"featured_media":0,"parent":0,"menu_order":0,"comment_status":"closed","ping_status":"closed","template":"","meta":{"_acf_changed":false,"footnotes":""},"class_list":["post-1582","page","type-page","status-publish","hentry"],"acf":[],"yoast_head":"<!-- This site is optimized with the Yoast SEO plugin v26.9 - https:\/\/yoast.com\/product\/yoast-seo-wordpress\/ -->\n<title>\u201eBetwinner\u201c prisijungimas \u2714\ufe0f prieiga prie asmenin\u0117s paskyros ir atk\u016brimas<\/title>\n<meta name=\"description\" content=\"Greitas prisijungimas prie savo \u201eBetwinner\u201c paskyros \u2714\ufe0f Naudokite savo vartotojo vard\u0105 ir slapta\u017eod\u012f, QR kod\u0105 arba biometrinius duomenis kompiuteryje, \u201eAndroid\u201c ar \u201eiOS\u201c \u012frenginyje. Jei pamir\u0161ote slapta\u017eod\u012f, j\u012f galite atkurti per 1 minut\u0119. Sinchronizavimas visuose \u012frenginiuose, be keli\u0173 paskyr\u0173 \u2013 vienu paspaudimu pasiekite la\u017eybas ir kazino \u017eaidimus!\" \/>\n<meta name=\"robots\" content=\"index, follow, max-snippet:-1, max-image-preview:large, max-video-preview:-1\" \/>\n<link rel=\"canonical\" href=\"https:\/\/betwinner.team\/lt\/login\/\" \/>\n<meta property=\"og:locale\" content=\"lt_LT\" \/>\n<meta property=\"og:type\" content=\"article\" \/>\n<meta property=\"og:title\" content=\"\u201eBetwinner\u201c prisijungimas \u2714\ufe0f prieiga prie asmenin\u0117s paskyros ir atk\u016brimas\" \/>\n<meta property=\"og:description\" content=\"Greitas prisijungimas prie savo \u201eBetwinner\u201c paskyros \u2714\ufe0f Naudokite savo vartotojo vard\u0105 ir slapta\u017eod\u012f, QR kod\u0105 arba biometrinius duomenis kompiuteryje, \u201eAndroid\u201c ar \u201eiOS\u201c \u012frenginyje. Jei pamir\u0161ote slapta\u017eod\u012f, j\u012f galite atkurti per 1 minut\u0119. Sinchronizavimas visuose \u012frenginiuose, be keli\u0173 paskyr\u0173 \u2013 vienu paspaudimu pasiekite la\u017eybas ir kazino \u017eaidimus!\" \/>\n<meta property=\"og:url\" content=\"https:\/\/betwinner.team\/lt\/login\/\" \/>\n<meta property=\"og:site_name\" content=\"Betwinner Team Lt\" \/>\n<meta property=\"article:modified_time\" content=\"2026-04-28T18:07:09+00:00\" \/>\n<meta name=\"twitter:card\" content=\"summary_large_image\" \/>\n<script type=\"application\/ld+json\" class=\"yoast-schema-graph\">{\"@context\":\"https:\/\/schema.org\",\"@graph\":[{\"@type\":\"WebPage\",\"@id\":\"https:\/\/betwinner.team\/lt\/login\/\",\"url\":\"https:\/\/betwinner.team\/lt\/login\/\",\"name\":\"\u201eBetwinner\u201c prisijungimas \u2714\ufe0f prieiga prie asmenin\u0117s paskyros ir atk\u016brimas\",\"isPartOf\":{\"@id\":\"https:\/\/betwinner.team\/lt\/#website\"},\"datePublished\":\"2026-02-23T05:00:50+00:00\",\"dateModified\":\"2026-04-28T18:07:09+00:00\",\"description\":\"Greitas prisijungimas prie savo \u201eBetwinner\u201c paskyros \u2714\ufe0f Naudokite savo vartotojo vard\u0105 ir slapta\u017eod\u012f, QR kod\u0105 arba biometrinius duomenis kompiuteryje, \u201eAndroid\u201c ar \u201eiOS\u201c \u012frenginyje. Jei pamir\u0161ote slapta\u017eod\u012f, j\u012f galite atkurti per 1 minut\u0119. Sinchronizavimas visuose \u012frenginiuose, be keli\u0173 paskyr\u0173 \u2013 vienu paspaudimu pasiekite la\u017eybas ir kazino \u017eaidimus!\",\"inLanguage\":\"lt-LT\",\"potentialAction\":[{\"@type\":\"ReadAction\",\"target\":[\"https:\/\/betwinner.team\/lt\/login\/\"]}]},{\"@type\":\"WebSite\",\"@id\":\"https:\/\/betwinner.team\/lt\/#website\",\"url\":\"https:\/\/betwinner.team\/lt\/\",\"name\":\"Betwinner Team Lt\",\"description\":\"\",\"potentialAction\":[{\"@type\":\"SearchAction\",\"target\":{\"@type\":\"EntryPoint\",\"urlTemplate\":\"https:\/\/betwinner.team\/lt\/?s={search_term_string}\"},\"query-input\":{\"@type\":\"PropertyValueSpecification\",\"valueRequired\":true,\"valueName\":\"search_term_string\"}}],\"inLanguage\":\"lt-LT\"}]}<\/script>\n<!-- \/ Yoast SEO plugin. -->","yoast_head_json":{"title":"\u201eBetwinner\u201c prisijungimas \u2714\ufe0f prieiga prie asmenin\u0117s paskyros ir atk\u016brimas","description":"Greitas prisijungimas prie savo \u201eBetwinner\u201c paskyros \u2714\ufe0f Naudokite savo vartotojo vard\u0105 ir slapta\u017eod\u012f, QR kod\u0105 arba biometrinius duomenis kompiuteryje, \u201eAndroid\u201c ar \u201eiOS\u201c \u012frenginyje. Jei pamir\u0161ote slapta\u017eod\u012f, j\u012f galite atkurti per 1 minut\u0119. Sinchronizavimas visuose \u012frenginiuose, be keli\u0173 paskyr\u0173 \u2013 vienu paspaudimu pasiekite la\u017eybas ir kazino \u017eaidimus!","robots":{"index":"index","follow":"follow","max-snippet":"max-snippet:-1","max-image-preview":"max-image-preview:large","max-video-preview":"max-video-preview:-1"},"canonical":"https:\/\/betwinner.team\/lt\/login\/","og_locale":"lt_LT","og_type":"article","og_title":"\u201eBetwinner\u201c prisijungimas \u2714\ufe0f prieiga prie asmenin\u0117s paskyros ir atk\u016brimas","og_description":"Greitas prisijungimas prie savo \u201eBetwinner\u201c paskyros \u2714\ufe0f Naudokite savo vartotojo vard\u0105 ir slapta\u017eod\u012f, QR kod\u0105 arba biometrinius duomenis kompiuteryje, \u201eAndroid\u201c ar \u201eiOS\u201c \u012frenginyje. Jei pamir\u0161ote slapta\u017eod\u012f, j\u012f galite atkurti per 1 minut\u0119. Sinchronizavimas visuose \u012frenginiuose, be keli\u0173 paskyr\u0173 \u2013 vienu paspaudimu pasiekite la\u017eybas ir kazino \u017eaidimus!","og_url":"https:\/\/betwinner.team\/lt\/login\/","og_site_name":"Betwinner Team Lt","article_modified_time":"2026-04-28T18:07:09+00:00","twitter_card":"summary_large_image","schema":{"@context":"https:\/\/schema.org","@graph":[{"@type":"WebPage","@id":"https:\/\/betwinner.team\/lt\/login\/","url":"https:\/\/betwinner.team\/lt\/login\/","name":"\u201eBetwinner\u201c prisijungimas \u2714\ufe0f prieiga prie asmenin\u0117s paskyros ir atk\u016brimas","isPartOf":{"@id":"https:\/\/betwinner.team\/lt\/#website"},"datePublished":"2026-02-23T05:00:50+00:00","dateModified":"2026-04-28T18:07:09+00:00","description":"Greitas prisijungimas prie savo \u201eBetwinner\u201c paskyros \u2714\ufe0f Naudokite savo vartotojo vard\u0105 ir slapta\u017eod\u012f, QR kod\u0105 arba biometrinius duomenis kompiuteryje, \u201eAndroid\u201c ar \u201eiOS\u201c \u012frenginyje. Jei pamir\u0161ote slapta\u017eod\u012f, j\u012f galite atkurti per 1 minut\u0119. Sinchronizavimas visuose \u012frenginiuose, be keli\u0173 paskyr\u0173 \u2013 vienu paspaudimu pasiekite la\u017eybas ir kazino \u017eaidimus!","inLanguage":"lt-LT","potentialAction":[{"@type":"ReadAction","target":["https:\/\/betwinner.team\/lt\/login\/"]}]},{"@type":"WebSite","@id":"https:\/\/betwinner.team\/lt\/#website","url":"https:\/\/betwinner.team\/lt\/","name":"Betwinner Team Lt","description":"","potentialAction":[{"@type":"SearchAction","target":{"@type":"EntryPoint","urlTemplate":"https:\/\/betwinner.team\/lt\/?s={search_term_string}"},"query-input":{"@type":"PropertyValueSpecification","valueRequired":true,"valueName":"search_term_string"}}],"inLanguage":"lt-LT"}]}},"_links":{"self":[{"href":"https:\/\/betwinner.team\/lt\/wp-json\/wp\/v2\/pages\/1582","targetHints":{"allow":["GET"]}}],"collection":[{"href":"https:\/\/betwinner.team\/lt\/wp-json\/wp\/v2\/pages"}],"about":[{"href":"https:\/\/betwinner.team\/lt\/wp-json\/wp\/v2\/types\/page"}],"author":[{"embeddable":true,"href":"https:\/\/betwinner.team\/lt\/wp-json\/wp\/v2\/users\/1"}],"replies":[{"embeddable":true,"href":"https:\/\/betwinner.team\/lt\/wp-json\/wp\/v2\/comments?post=1582"}],"version-history":[{"count":5,"href":"https:\/\/betwinner.team\/lt\/wp-json\/wp\/v2\/pages\/1582\/revisions"}],"predecessor-version":[{"id":1896,"href":"https:\/\/betwinner.team\/lt\/wp-json\/wp\/v2\/pages\/1582\/revisions\/1896"}],"wp:attachment":[{"href":"https:\/\/betwinner.team\/lt\/wp-json\/wp\/v2\/media?parent=1582"}],"curies":[{"name":"wp","href":"https:\/\/api.w.org\/{rel}","templated":true}]}}