{"id":1543,"date":"2026-02-22T08:06:34","date_gmt":"2026-02-22T05:06:34","guid":{"rendered":"https:\/\/betwinner.team\/lt\/?page_id=1543"},"modified":"2026-04-28T21:32:36","modified_gmt":"2026-04-28T18:32:36","slug":"registration","status":"publish","type":"page","link":"https:\/\/betwinner.team\/lt\/registration\/","title":{"rendered":"Registracija"},"content":{"rendered":"","protected":false},"excerpt":{"rendered":"","protected":false},"author":1,"featured_media":0,"parent":0,"menu_order":0,"comment_status":"closed","ping_status":"closed","template":"","meta":{"_acf_changed":false,"footnotes":""},"class_list":["post-1543","page","type-page","status-publish","hentry"],"acf":[],"yoast_head":"<!-- This site is optimized with the Yoast SEO plugin v26.9 - https:\/\/yoast.com\/product\/yoast-seo-wordpress\/ -->\n<title>Betwinner Registracijos vadovas su premija 2026<\/title>\n<meta name=\"description\" content=\"Greita registracija \u201eBetwinner\u201c \u2714\ufe0f Pasirinkite registracijos b\u016bd\u0105 (vienu paspaudimu, telefonu, el. pa\u0161tu), patvirtinkite savo paskyr\u0105 ir gaukite sveikinimo premij\u0105, naudodami reklamin\u012f kod\u0105. Prieiga prie daugiau nei 9 000 rengini\u0173 ir t\u016bkstan\u010di\u0173 lo\u0161imo automat\u0173 visose \u012frangose \u2013 prad\u0117kite vos per 1 minut\u0119!\" \/>\n<meta name=\"robots\" content=\"index, follow, max-snippet:-1, max-image-preview:large, max-video-preview:-1\" \/>\n<link rel=\"canonical\" href=\"https:\/\/betwinner.team\/lt\/registration\/\" \/>\n<meta property=\"og:locale\" content=\"lt_LT\" \/>\n<meta property=\"og:type\" content=\"article\" \/>\n<meta property=\"og:title\" content=\"Betwinner Registracijos vadovas su premija 2026\" \/>\n<meta property=\"og:description\" content=\"Greita registracija \u201eBetwinner\u201c \u2714\ufe0f Pasirinkite registracijos b\u016bd\u0105 (vienu paspaudimu, telefonu, el. pa\u0161tu), patvirtinkite savo paskyr\u0105 ir gaukite sveikinimo premij\u0105, naudodami reklamin\u012f kod\u0105. Prieiga prie daugiau nei 9 000 rengini\u0173 ir t\u016bkstan\u010di\u0173 lo\u0161imo automat\u0173 visose \u012frangose \u2013 prad\u0117kite vos per 1 minut\u0119!\" \/>\n<meta property=\"og:url\" content=\"https:\/\/betwinner.team\/lt\/registration\/\" \/>\n<meta property=\"og:site_name\" content=\"Betwinner Team Lt\" \/>\n<meta property=\"article:modified_time\" content=\"2026-04-28T18:32:36+00:00\" \/>\n<meta name=\"twitter:card\" content=\"summary_large_image\" \/>\n<script type=\"application\/ld+json\" class=\"yoast-schema-graph\">{\"@context\":\"https:\/\/schema.org\",\"@graph\":[{\"@type\":\"WebPage\",\"@id\":\"https:\/\/betwinner.team\/lt\/registration\/\",\"url\":\"https:\/\/betwinner.team\/lt\/registration\/\",\"name\":\"Betwinner Registracijos vadovas su premija 2026\",\"isPartOf\":{\"@id\":\"https:\/\/betwinner.team\/lt\/#website\"},\"datePublished\":\"2026-02-22T05:06:34+00:00\",\"dateModified\":\"2026-04-28T18:32:36+00:00\",\"description\":\"Greita registracija \u201eBetwinner\u201c \u2714\ufe0f Pasirinkite registracijos b\u016bd\u0105 (vienu paspaudimu, telefonu, el. pa\u0161tu), patvirtinkite savo paskyr\u0105 ir gaukite sveikinimo premij\u0105, naudodami reklamin\u012f kod\u0105. Prieiga prie daugiau nei 9 000 rengini\u0173 ir t\u016bkstan\u010di\u0173 lo\u0161imo automat\u0173 visose \u012frangose \u2013 prad\u0117kite vos per 1 minut\u0119!\",\"inLanguage\":\"lt-LT\",\"potentialAction\":[{\"@type\":\"ReadAction\",\"target\":[\"https:\/\/betwinner.team\/lt\/registration\/\"]}]},{\"@type\":\"WebSite\",\"@id\":\"https:\/\/betwinner.team\/lt\/#website\",\"url\":\"https:\/\/betwinner.team\/lt\/\",\"name\":\"Betwinner Team Lt\",\"description\":\"\",\"potentialAction\":[{\"@type\":\"SearchAction\",\"target\":{\"@type\":\"EntryPoint\",\"urlTemplate\":\"https:\/\/betwinner.team\/lt\/?s={search_term_string}\"},\"query-input\":{\"@type\":\"PropertyValueSpecification\",\"valueRequired\":true,\"valueName\":\"search_term_string\"}}],\"inLanguage\":\"lt-LT\"}]}<\/script>\n<!-- \/ Yoast SEO plugin. -->","yoast_head_json":{"title":"Betwinner Registracijos vadovas su premija 2026","description":"Greita registracija \u201eBetwinner\u201c \u2714\ufe0f Pasirinkite registracijos b\u016bd\u0105 (vienu paspaudimu, telefonu, el. pa\u0161tu), patvirtinkite savo paskyr\u0105 ir gaukite sveikinimo premij\u0105, naudodami reklamin\u012f kod\u0105. Prieiga prie daugiau nei 9 000 rengini\u0173 ir t\u016bkstan\u010di\u0173 lo\u0161imo automat\u0173 visose \u012frangose \u2013 prad\u0117kite vos per 1 minut\u0119!","robots":{"index":"index","follow":"follow","max-snippet":"max-snippet:-1","max-image-preview":"max-image-preview:large","max-video-preview":"max-video-preview:-1"},"canonical":"https:\/\/betwinner.team\/lt\/registration\/","og_locale":"lt_LT","og_type":"article","og_title":"Betwinner Registracijos vadovas su premija 2026","og_description":"Greita registracija \u201eBetwinner\u201c \u2714\ufe0f Pasirinkite registracijos b\u016bd\u0105 (vienu paspaudimu, telefonu, el. pa\u0161tu), patvirtinkite savo paskyr\u0105 ir gaukite sveikinimo premij\u0105, naudodami reklamin\u012f kod\u0105. Prieiga prie daugiau nei 9 000 rengini\u0173 ir t\u016bkstan\u010di\u0173 lo\u0161imo automat\u0173 visose \u012frangose \u2013 prad\u0117kite vos per 1 minut\u0119!","og_url":"https:\/\/betwinner.team\/lt\/registration\/","og_site_name":"Betwinner Team Lt","article_modified_time":"2026-04-28T18:32:36+00:00","twitter_card":"summary_large_image","schema":{"@context":"https:\/\/schema.org","@graph":[{"@type":"WebPage","@id":"https:\/\/betwinner.team\/lt\/registration\/","url":"https:\/\/betwinner.team\/lt\/registration\/","name":"Betwinner Registracijos vadovas su premija 2026","isPartOf":{"@id":"https:\/\/betwinner.team\/lt\/#website"},"datePublished":"2026-02-22T05:06:34+00:00","dateModified":"2026-04-28T18:32:36+00:00","description":"Greita registracija \u201eBetwinner\u201c \u2714\ufe0f Pasirinkite registracijos b\u016bd\u0105 (vienu paspaudimu, telefonu, el. pa\u0161tu), patvirtinkite savo paskyr\u0105 ir gaukite sveikinimo premij\u0105, naudodami reklamin\u012f kod\u0105. Prieiga prie daugiau nei 9 000 rengini\u0173 ir t\u016bkstan\u010di\u0173 lo\u0161imo automat\u0173 visose \u012frangose \u2013 prad\u0117kite vos per 1 minut\u0119!","inLanguage":"lt-LT","potentialAction":[{"@type":"ReadAction","target":["https:\/\/betwinner.team\/lt\/registration\/"]}]},{"@type":"WebSite","@id":"https:\/\/betwinner.team\/lt\/#website","url":"https:\/\/betwinner.team\/lt\/","name":"Betwinner Team Lt","description":"","potentialAction":[{"@type":"SearchAction","target":{"@type":"EntryPoint","urlTemplate":"https:\/\/betwinner.team\/lt\/?s={search_term_string}"},"query-input":{"@type":"PropertyValueSpecification","valueRequired":true,"valueName":"search_term_string"}}],"inLanguage":"lt-LT"}]}},"_links":{"self":[{"href":"https:\/\/betwinner.team\/lt\/wp-json\/wp\/v2\/pages\/1543","targetHints":{"allow":["GET"]}}],"collection":[{"href":"https:\/\/betwinner.team\/lt\/wp-json\/wp\/v2\/pages"}],"about":[{"href":"https:\/\/betwinner.team\/lt\/wp-json\/wp\/v2\/types\/page"}],"author":[{"embeddable":true,"href":"https:\/\/betwinner.team\/lt\/wp-json\/wp\/v2\/users\/1"}],"replies":[{"embeddable":true,"href":"https:\/\/betwinner.team\/lt\/wp-json\/wp\/v2\/comments?post=1543"}],"version-history":[{"count":5,"href":"https:\/\/betwinner.team\/lt\/wp-json\/wp\/v2\/pages\/1543\/revisions"}],"predecessor-version":[{"id":1904,"href":"https:\/\/betwinner.team\/lt\/wp-json\/wp\/v2\/pages\/1543\/revisions\/1904"}],"wp:attachment":[{"href":"https:\/\/betwinner.team\/lt\/wp-json\/wp\/v2\/media?parent=1543"}],"curies":[{"name":"wp","href":"https:\/\/api.w.org\/{rel}","templated":true}]}}