{"id":1520,"date":"2026-02-21T15:19:01","date_gmt":"2026-02-21T12:19:01","guid":{"rendered":"https:\/\/betwinner.team\/lt\/?page_id=1520"},"modified":"2026-04-28T21:24:50","modified_gmt":"2026-04-28T18:24:50","slug":"promo-code","status":"publish","type":"page","link":"https:\/\/betwinner.team\/lt\/promo-code\/","title":{"rendered":"Nuolaidos kodas"},"content":{"rendered":"","protected":false},"excerpt":{"rendered":"","protected":false},"author":1,"featured_media":0,"parent":0,"menu_order":0,"comment_status":"closed","ping_status":"closed","template":"","meta":{"_acf_changed":false,"footnotes":""},"class_list":["post-1520","page","type-page","status-publish","hentry"],"acf":[],"yoast_head":"<!-- This site is optimized with the Yoast SEO plugin v26.9 - https:\/\/yoast.com\/product\/yoast-seo-wordpress\/ -->\n<title>Betwinner Nuolaidos kodas 2026 \u2705 Dabartin\u0117 suma u\u017e premij\u0105<\/title>\n<meta name=\"description\" content=\"Aktyvuokite \u201eBetwinner\u201c reklaminius kodus \u2705 kasdienius kodus nemokamiems sukimams ir pinig\u0173 gr\u0105\u017einimui. Su\u017einokite, kur gauti naujausius reklaminius kodus, kaip juos \u012fvesti registracijos metu ir kaip juos panaudoti lo\u0161imo automatuose \u2013 \u017eaiskite ilgiau be nereikaling\u0173 i\u0161laid\u0173!\" \/>\n<meta name=\"robots\" content=\"index, follow, max-snippet:-1, max-image-preview:large, max-video-preview:-1\" \/>\n<link rel=\"canonical\" href=\"https:\/\/betwinner.team\/lt\/promo-code\/\" \/>\n<meta property=\"og:locale\" content=\"lt_LT\" \/>\n<meta property=\"og:type\" content=\"article\" \/>\n<meta property=\"og:title\" content=\"Betwinner Nuolaidos kodas 2026 \u2705 Dabartin\u0117 suma u\u017e premij\u0105\" \/>\n<meta property=\"og:description\" content=\"Aktyvuokite \u201eBetwinner\u201c reklaminius kodus \u2705 kasdienius kodus nemokamiems sukimams ir pinig\u0173 gr\u0105\u017einimui. Su\u017einokite, kur gauti naujausius reklaminius kodus, kaip juos \u012fvesti registracijos metu ir kaip juos panaudoti lo\u0161imo automatuose \u2013 \u017eaiskite ilgiau be nereikaling\u0173 i\u0161laid\u0173!\" \/>\n<meta property=\"og:url\" content=\"https:\/\/betwinner.team\/lt\/promo-code\/\" \/>\n<meta property=\"og:site_name\" content=\"Betwinner Team Lt\" \/>\n<meta property=\"article:modified_time\" content=\"2026-04-28T18:24:50+00:00\" \/>\n<meta name=\"twitter:card\" content=\"summary_large_image\" \/>\n<script type=\"application\/ld+json\" class=\"yoast-schema-graph\">{\"@context\":\"https:\/\/schema.org\",\"@graph\":[{\"@type\":\"WebPage\",\"@id\":\"https:\/\/betwinner.team\/lt\/promo-code\/\",\"url\":\"https:\/\/betwinner.team\/lt\/promo-code\/\",\"name\":\"Betwinner Nuolaidos kodas 2026 \u2705 Dabartin\u0117 suma u\u017e premij\u0105\",\"isPartOf\":{\"@id\":\"https:\/\/betwinner.team\/lt\/#website\"},\"datePublished\":\"2026-02-21T12:19:01+00:00\",\"dateModified\":\"2026-04-28T18:24:50+00:00\",\"description\":\"Aktyvuokite \u201eBetwinner\u201c reklaminius kodus \u2705 kasdienius kodus nemokamiems sukimams ir pinig\u0173 gr\u0105\u017einimui. Su\u017einokite, kur gauti naujausius reklaminius kodus, kaip juos \u012fvesti registracijos metu ir kaip juos panaudoti lo\u0161imo automatuose \u2013 \u017eaiskite ilgiau be nereikaling\u0173 i\u0161laid\u0173!\",\"inLanguage\":\"lt-LT\",\"potentialAction\":[{\"@type\":\"ReadAction\",\"target\":[\"https:\/\/betwinner.team\/lt\/promo-code\/\"]}]},{\"@type\":\"WebSite\",\"@id\":\"https:\/\/betwinner.team\/lt\/#website\",\"url\":\"https:\/\/betwinner.team\/lt\/\",\"name\":\"Betwinner Team Lt\",\"description\":\"\",\"potentialAction\":[{\"@type\":\"SearchAction\",\"target\":{\"@type\":\"EntryPoint\",\"urlTemplate\":\"https:\/\/betwinner.team\/lt\/?s={search_term_string}\"},\"query-input\":{\"@type\":\"PropertyValueSpecification\",\"valueRequired\":true,\"valueName\":\"search_term_string\"}}],\"inLanguage\":\"lt-LT\"}]}<\/script>\n<!-- \/ Yoast SEO plugin. -->","yoast_head_json":{"title":"Betwinner Nuolaidos kodas 2026 \u2705 Dabartin\u0117 suma u\u017e premij\u0105","description":"Aktyvuokite \u201eBetwinner\u201c reklaminius kodus \u2705 kasdienius kodus nemokamiems sukimams ir pinig\u0173 gr\u0105\u017einimui. Su\u017einokite, kur gauti naujausius reklaminius kodus, kaip juos \u012fvesti registracijos metu ir kaip juos panaudoti lo\u0161imo automatuose \u2013 \u017eaiskite ilgiau be nereikaling\u0173 i\u0161laid\u0173!","robots":{"index":"index","follow":"follow","max-snippet":"max-snippet:-1","max-image-preview":"max-image-preview:large","max-video-preview":"max-video-preview:-1"},"canonical":"https:\/\/betwinner.team\/lt\/promo-code\/","og_locale":"lt_LT","og_type":"article","og_title":"Betwinner Nuolaidos kodas 2026 \u2705 Dabartin\u0117 suma u\u017e premij\u0105","og_description":"Aktyvuokite \u201eBetwinner\u201c reklaminius kodus \u2705 kasdienius kodus nemokamiems sukimams ir pinig\u0173 gr\u0105\u017einimui. Su\u017einokite, kur gauti naujausius reklaminius kodus, kaip juos \u012fvesti registracijos metu ir kaip juos panaudoti lo\u0161imo automatuose \u2013 \u017eaiskite ilgiau be nereikaling\u0173 i\u0161laid\u0173!","og_url":"https:\/\/betwinner.team\/lt\/promo-code\/","og_site_name":"Betwinner Team Lt","article_modified_time":"2026-04-28T18:24:50+00:00","twitter_card":"summary_large_image","schema":{"@context":"https:\/\/schema.org","@graph":[{"@type":"WebPage","@id":"https:\/\/betwinner.team\/lt\/promo-code\/","url":"https:\/\/betwinner.team\/lt\/promo-code\/","name":"Betwinner Nuolaidos kodas 2026 \u2705 Dabartin\u0117 suma u\u017e premij\u0105","isPartOf":{"@id":"https:\/\/betwinner.team\/lt\/#website"},"datePublished":"2026-02-21T12:19:01+00:00","dateModified":"2026-04-28T18:24:50+00:00","description":"Aktyvuokite \u201eBetwinner\u201c reklaminius kodus \u2705 kasdienius kodus nemokamiems sukimams ir pinig\u0173 gr\u0105\u017einimui. Su\u017einokite, kur gauti naujausius reklaminius kodus, kaip juos \u012fvesti registracijos metu ir kaip juos panaudoti lo\u0161imo automatuose \u2013 \u017eaiskite ilgiau be nereikaling\u0173 i\u0161laid\u0173!","inLanguage":"lt-LT","potentialAction":[{"@type":"ReadAction","target":["https:\/\/betwinner.team\/lt\/promo-code\/"]}]},{"@type":"WebSite","@id":"https:\/\/betwinner.team\/lt\/#website","url":"https:\/\/betwinner.team\/lt\/","name":"Betwinner Team Lt","description":"","potentialAction":[{"@type":"SearchAction","target":{"@type":"EntryPoint","urlTemplate":"https:\/\/betwinner.team\/lt\/?s={search_term_string}"},"query-input":{"@type":"PropertyValueSpecification","valueRequired":true,"valueName":"search_term_string"}}],"inLanguage":"lt-LT"}]}},"_links":{"self":[{"href":"https:\/\/betwinner.team\/lt\/wp-json\/wp\/v2\/pages\/1520","targetHints":{"allow":["GET"]}}],"collection":[{"href":"https:\/\/betwinner.team\/lt\/wp-json\/wp\/v2\/pages"}],"about":[{"href":"https:\/\/betwinner.team\/lt\/wp-json\/wp\/v2\/types\/page"}],"author":[{"embeddable":true,"href":"https:\/\/betwinner.team\/lt\/wp-json\/wp\/v2\/users\/1"}],"replies":[{"embeddable":true,"href":"https:\/\/betwinner.team\/lt\/wp-json\/wp\/v2\/comments?post=1520"}],"version-history":[{"count":5,"href":"https:\/\/betwinner.team\/lt\/wp-json\/wp\/v2\/pages\/1520\/revisions"}],"predecessor-version":[{"id":1902,"href":"https:\/\/betwinner.team\/lt\/wp-json\/wp\/v2\/pages\/1520\/revisions\/1902"}],"wp:attachment":[{"href":"https:\/\/betwinner.team\/lt\/wp-json\/wp\/v2\/media?parent=1520"}],"curies":[{"name":"wp","href":"https:\/\/api.w.org\/{rel}","templated":true}]}}