{"id":1460,"date":"2026-02-19T11:48:19","date_gmt":"2026-02-19T08:48:19","guid":{"rendered":"https:\/\/betwinner.team\/lt\/?page_id=1460"},"modified":"2026-04-28T17:43:28","modified_gmt":"2026-04-28T14:43:28","slug":"casino","status":"publish","type":"page","link":"https:\/\/betwinner.team\/lt\/casino\/","title":{"rendered":"Kazino"},"content":{"rendered":"","protected":false},"excerpt":{"rendered":"","protected":false},"author":1,"featured_media":0,"parent":0,"menu_order":0,"comment_status":"closed","ping_status":"closed","template":"","meta":{"_acf_changed":false,"footnotes":""},"class_list":["post-1460","page","type-page","status-publish","hentry"],"acf":[],"yoast_head":"<!-- This site is optimized with the Yoast SEO plugin v26.9 - https:\/\/yoast.com\/product\/yoast-seo-wordpress\/ -->\n<title>Betwinner Kazino \u2705 Lo\u0161imo automatai, gyvi \u017eaidimai ir dideli laim\u0117jimai 2026<\/title>\n<meta name=\"description\" content=\"Atraskite \u201eBetwinner\u201c kazino \u2705 J\u016bs\u0173 laukia t\u016bkstan\u010diai lo\u0161imo automat\u0173, \u017eaidimai su gyvais dalintojais ir dosn\u016bs laim\u0117jimai! \u017daiskite internete u\u017e tikrus pinigus arba demo re\u017eimu, i\u0161bandykite savo laim\u0119 \u012fdomiuose lo\u0161imo \u017eaidimuose, neie\u0161kodami partneri\u0173.\" \/>\n<meta name=\"robots\" content=\"index, follow, max-snippet:-1, max-image-preview:large, max-video-preview:-1\" \/>\n<link rel=\"canonical\" href=\"https:\/\/betwinner.team\/lt\/casino\/\" \/>\n<meta property=\"og:locale\" content=\"lt_LT\" \/>\n<meta property=\"og:type\" content=\"article\" \/>\n<meta property=\"og:title\" content=\"Betwinner Kazino \u2705 Lo\u0161imo automatai, gyvi \u017eaidimai ir dideli laim\u0117jimai 2026\" \/>\n<meta property=\"og:description\" content=\"Atraskite \u201eBetwinner\u201c kazino \u2705 J\u016bs\u0173 laukia t\u016bkstan\u010diai lo\u0161imo automat\u0173, \u017eaidimai su gyvais dalintojais ir dosn\u016bs laim\u0117jimai! \u017daiskite internete u\u017e tikrus pinigus arba demo re\u017eimu, i\u0161bandykite savo laim\u0119 \u012fdomiuose lo\u0161imo \u017eaidimuose, neie\u0161kodami partneri\u0173.\" \/>\n<meta property=\"og:url\" content=\"https:\/\/betwinner.team\/lt\/casino\/\" \/>\n<meta property=\"og:site_name\" content=\"Betwinner Team Lt\" \/>\n<meta property=\"article:modified_time\" content=\"2026-04-28T14:43:28+00:00\" \/>\n<meta name=\"twitter:card\" content=\"summary_large_image\" \/>\n<script type=\"application\/ld+json\" class=\"yoast-schema-graph\">{\"@context\":\"https:\/\/schema.org\",\"@graph\":[{\"@type\":\"WebPage\",\"@id\":\"https:\/\/betwinner.team\/lt\/casino\/\",\"url\":\"https:\/\/betwinner.team\/lt\/casino\/\",\"name\":\"Betwinner Kazino \u2705 Lo\u0161imo automatai, gyvi \u017eaidimai ir dideli laim\u0117jimai 2026\",\"isPartOf\":{\"@id\":\"https:\/\/betwinner.team\/lt\/#website\"},\"datePublished\":\"2026-02-19T08:48:19+00:00\",\"dateModified\":\"2026-04-28T14:43:28+00:00\",\"description\":\"Atraskite \u201eBetwinner\u201c kazino \u2705 J\u016bs\u0173 laukia t\u016bkstan\u010diai lo\u0161imo automat\u0173, \u017eaidimai su gyvais dalintojais ir dosn\u016bs laim\u0117jimai! \u017daiskite internete u\u017e tikrus pinigus arba demo re\u017eimu, i\u0161bandykite savo laim\u0119 \u012fdomiuose lo\u0161imo \u017eaidimuose, neie\u0161kodami partneri\u0173.\",\"inLanguage\":\"lt-LT\",\"potentialAction\":[{\"@type\":\"ReadAction\",\"target\":[\"https:\/\/betwinner.team\/lt\/casino\/\"]}]},{\"@type\":\"WebSite\",\"@id\":\"https:\/\/betwinner.team\/lt\/#website\",\"url\":\"https:\/\/betwinner.team\/lt\/\",\"name\":\"Betwinner Team Lt\",\"description\":\"\",\"potentialAction\":[{\"@type\":\"SearchAction\",\"target\":{\"@type\":\"EntryPoint\",\"urlTemplate\":\"https:\/\/betwinner.team\/lt\/?s={search_term_string}\"},\"query-input\":{\"@type\":\"PropertyValueSpecification\",\"valueRequired\":true,\"valueName\":\"search_term_string\"}}],\"inLanguage\":\"lt-LT\"}]}<\/script>\n<!-- \/ Yoast SEO plugin. -->","yoast_head_json":{"title":"Betwinner Kazino \u2705 Lo\u0161imo automatai, gyvi \u017eaidimai ir dideli laim\u0117jimai 2026","description":"Atraskite \u201eBetwinner\u201c kazino \u2705 J\u016bs\u0173 laukia t\u016bkstan\u010diai lo\u0161imo automat\u0173, \u017eaidimai su gyvais dalintojais ir dosn\u016bs laim\u0117jimai! \u017daiskite internete u\u017e tikrus pinigus arba demo re\u017eimu, i\u0161bandykite savo laim\u0119 \u012fdomiuose lo\u0161imo \u017eaidimuose, neie\u0161kodami partneri\u0173.","robots":{"index":"index","follow":"follow","max-snippet":"max-snippet:-1","max-image-preview":"max-image-preview:large","max-video-preview":"max-video-preview:-1"},"canonical":"https:\/\/betwinner.team\/lt\/casino\/","og_locale":"lt_LT","og_type":"article","og_title":"Betwinner Kazino \u2705 Lo\u0161imo automatai, gyvi \u017eaidimai ir dideli laim\u0117jimai 2026","og_description":"Atraskite \u201eBetwinner\u201c kazino \u2705 J\u016bs\u0173 laukia t\u016bkstan\u010diai lo\u0161imo automat\u0173, \u017eaidimai su gyvais dalintojais ir dosn\u016bs laim\u0117jimai! \u017daiskite internete u\u017e tikrus pinigus arba demo re\u017eimu, i\u0161bandykite savo laim\u0119 \u012fdomiuose lo\u0161imo \u017eaidimuose, neie\u0161kodami partneri\u0173.","og_url":"https:\/\/betwinner.team\/lt\/casino\/","og_site_name":"Betwinner Team Lt","article_modified_time":"2026-04-28T14:43:28+00:00","twitter_card":"summary_large_image","schema":{"@context":"https:\/\/schema.org","@graph":[{"@type":"WebPage","@id":"https:\/\/betwinner.team\/lt\/casino\/","url":"https:\/\/betwinner.team\/lt\/casino\/","name":"Betwinner Kazino \u2705 Lo\u0161imo automatai, gyvi \u017eaidimai ir dideli laim\u0117jimai 2026","isPartOf":{"@id":"https:\/\/betwinner.team\/lt\/#website"},"datePublished":"2026-02-19T08:48:19+00:00","dateModified":"2026-04-28T14:43:28+00:00","description":"Atraskite \u201eBetwinner\u201c kazino \u2705 J\u016bs\u0173 laukia t\u016bkstan\u010diai lo\u0161imo automat\u0173, \u017eaidimai su gyvais dalintojais ir dosn\u016bs laim\u0117jimai! \u017daiskite internete u\u017e tikrus pinigus arba demo re\u017eimu, i\u0161bandykite savo laim\u0119 \u012fdomiuose lo\u0161imo \u017eaidimuose, neie\u0161kodami partneri\u0173.","inLanguage":"lt-LT","potentialAction":[{"@type":"ReadAction","target":["https:\/\/betwinner.team\/lt\/casino\/"]}]},{"@type":"WebSite","@id":"https:\/\/betwinner.team\/lt\/#website","url":"https:\/\/betwinner.team\/lt\/","name":"Betwinner Team Lt","description":"","potentialAction":[{"@type":"SearchAction","target":{"@type":"EntryPoint","urlTemplate":"https:\/\/betwinner.team\/lt\/?s={search_term_string}"},"query-input":{"@type":"PropertyValueSpecification","valueRequired":true,"valueName":"search_term_string"}}],"inLanguage":"lt-LT"}]}},"_links":{"self":[{"href":"https:\/\/betwinner.team\/lt\/wp-json\/wp\/v2\/pages\/1460","targetHints":{"allow":["GET"]}}],"collection":[{"href":"https:\/\/betwinner.team\/lt\/wp-json\/wp\/v2\/pages"}],"about":[{"href":"https:\/\/betwinner.team\/lt\/wp-json\/wp\/v2\/types\/page"}],"author":[{"embeddable":true,"href":"https:\/\/betwinner.team\/lt\/wp-json\/wp\/v2\/users\/1"}],"replies":[{"embeddable":true,"href":"https:\/\/betwinner.team\/lt\/wp-json\/wp\/v2\/comments?post=1460"}],"version-history":[{"count":5,"href":"https:\/\/betwinner.team\/lt\/wp-json\/wp\/v2\/pages\/1460\/revisions"}],"predecessor-version":[{"id":1883,"href":"https:\/\/betwinner.team\/lt\/wp-json\/wp\/v2\/pages\/1460\/revisions\/1883"}],"wp:attachment":[{"href":"https:\/\/betwinner.team\/lt\/wp-json\/wp\/v2\/media?parent=1460"}],"curies":[{"name":"wp","href":"https:\/\/api.w.org\/{rel}","templated":true}]}}