{"id":1449,"date":"2026-02-16T18:30:45","date_gmt":"2026-02-16T15:30:45","guid":{"rendered":"https:\/\/betwinner.team\/lt\/?page_id=1449"},"modified":"2026-04-28T17:07:14","modified_gmt":"2026-04-28T14:07:14","slug":"apk","status":"publish","type":"page","link":"https:\/\/betwinner.team\/lt\/apk\/","title":{"rendered":"APK"},"content":{"rendered":"","protected":false},"excerpt":{"rendered":"","protected":false},"author":1,"featured_media":0,"parent":0,"menu_order":0,"comment_status":"closed","ping_status":"closed","template":"","meta":{"_acf_changed":false,"footnotes":""},"class_list":["post-1449","page","type-page","status-publish","hentry"],"acf":[],"yoast_head":"<!-- This site is optimized with the Yoast SEO plugin v26.9 - https:\/\/yoast.com\/product\/yoast-seo-wordpress\/ -->\n<title>\u201eBetwinner\u201c APK \u2014 atsisi\u0173skite oficiali\u0105 program\u0117l\u0119 \u201eAndroid\u201c<\/title>\n<meta name=\"description\" content=\"Atsisi\u0173skite naujausi\u0105 \u201eBetwinner\u201c APK nemokamai: patogi mobili programa sportiniams la\u017eyboms, kazino ir gyviems \u017eaidimams su auk\u0161tais koeficientais, greitu \u012fmok\u0117jimu ir i\u0161\u0117mimu. Gaukite iki 100 % sveikinimo premij\u0105 u\u017e pirm\u0105j\u012f \u012fmok\u0117jim\u0105 \u2013 u\u017esiregistruokite, \u012fdiekite APK ir la\u017einkit\u0117s bet kur!\" \/>\n<meta name=\"robots\" content=\"index, follow, max-snippet:-1, max-image-preview:large, max-video-preview:-1\" \/>\n<link rel=\"canonical\" href=\"https:\/\/betwinner.team\/lt\/apk\/\" \/>\n<meta property=\"og:locale\" content=\"lt_LT\" \/>\n<meta property=\"og:type\" content=\"article\" \/>\n<meta property=\"og:title\" content=\"\u201eBetwinner\u201c APK \u2014 atsisi\u0173skite oficiali\u0105 program\u0117l\u0119 \u201eAndroid\u201c\" \/>\n<meta property=\"og:description\" content=\"Atsisi\u0173skite naujausi\u0105 \u201eBetwinner\u201c APK nemokamai: patogi mobili programa sportiniams la\u017eyboms, kazino ir gyviems \u017eaidimams su auk\u0161tais koeficientais, greitu \u012fmok\u0117jimu ir i\u0161\u0117mimu. Gaukite iki 100 % sveikinimo premij\u0105 u\u017e pirm\u0105j\u012f \u012fmok\u0117jim\u0105 \u2013 u\u017esiregistruokite, \u012fdiekite APK ir la\u017einkit\u0117s bet kur!\" \/>\n<meta property=\"og:url\" content=\"https:\/\/betwinner.team\/lt\/apk\/\" \/>\n<meta property=\"og:site_name\" content=\"Betwinner Team Lt\" \/>\n<meta property=\"article:modified_time\" content=\"2026-04-28T14:07:14+00:00\" \/>\n<meta name=\"twitter:card\" content=\"summary_large_image\" \/>\n<script type=\"application\/ld+json\" class=\"yoast-schema-graph\">{\"@context\":\"https:\/\/schema.org\",\"@graph\":[{\"@type\":\"WebPage\",\"@id\":\"https:\/\/betwinner.team\/lt\/apk\/\",\"url\":\"https:\/\/betwinner.team\/lt\/apk\/\",\"name\":\"\u201eBetwinner\u201c APK \u2014 atsisi\u0173skite oficiali\u0105 program\u0117l\u0119 \u201eAndroid\u201c\",\"isPartOf\":{\"@id\":\"https:\/\/betwinner.team\/lt\/#website\"},\"datePublished\":\"2026-02-16T15:30:45+00:00\",\"dateModified\":\"2026-04-28T14:07:14+00:00\",\"description\":\"Atsisi\u0173skite naujausi\u0105 \u201eBetwinner\u201c APK nemokamai: patogi mobili programa sportiniams la\u017eyboms, kazino ir gyviems \u017eaidimams su auk\u0161tais koeficientais, greitu \u012fmok\u0117jimu ir i\u0161\u0117mimu. Gaukite iki 100 % sveikinimo premij\u0105 u\u017e pirm\u0105j\u012f \u012fmok\u0117jim\u0105 \u2013 u\u017esiregistruokite, \u012fdiekite APK ir la\u017einkit\u0117s bet kur!\",\"inLanguage\":\"lt-LT\",\"potentialAction\":[{\"@type\":\"ReadAction\",\"target\":[\"https:\/\/betwinner.team\/lt\/apk\/\"]}]},{\"@type\":\"WebSite\",\"@id\":\"https:\/\/betwinner.team\/lt\/#website\",\"url\":\"https:\/\/betwinner.team\/lt\/\",\"name\":\"Betwinner Team Lt\",\"description\":\"\",\"potentialAction\":[{\"@type\":\"SearchAction\",\"target\":{\"@type\":\"EntryPoint\",\"urlTemplate\":\"https:\/\/betwinner.team\/lt\/?s={search_term_string}\"},\"query-input\":{\"@type\":\"PropertyValueSpecification\",\"valueRequired\":true,\"valueName\":\"search_term_string\"}}],\"inLanguage\":\"lt-LT\"}]}<\/script>\n<!-- \/ Yoast SEO plugin. -->","yoast_head_json":{"title":"\u201eBetwinner\u201c APK \u2014 atsisi\u0173skite oficiali\u0105 program\u0117l\u0119 \u201eAndroid\u201c","description":"Atsisi\u0173skite naujausi\u0105 \u201eBetwinner\u201c APK nemokamai: patogi mobili programa sportiniams la\u017eyboms, kazino ir gyviems \u017eaidimams su auk\u0161tais koeficientais, greitu \u012fmok\u0117jimu ir i\u0161\u0117mimu. Gaukite iki 100 % sveikinimo premij\u0105 u\u017e pirm\u0105j\u012f \u012fmok\u0117jim\u0105 \u2013 u\u017esiregistruokite, \u012fdiekite APK ir la\u017einkit\u0117s bet kur!","robots":{"index":"index","follow":"follow","max-snippet":"max-snippet:-1","max-image-preview":"max-image-preview:large","max-video-preview":"max-video-preview:-1"},"canonical":"https:\/\/betwinner.team\/lt\/apk\/","og_locale":"lt_LT","og_type":"article","og_title":"\u201eBetwinner\u201c APK \u2014 atsisi\u0173skite oficiali\u0105 program\u0117l\u0119 \u201eAndroid\u201c","og_description":"Atsisi\u0173skite naujausi\u0105 \u201eBetwinner\u201c APK nemokamai: patogi mobili programa sportiniams la\u017eyboms, kazino ir gyviems \u017eaidimams su auk\u0161tais koeficientais, greitu \u012fmok\u0117jimu ir i\u0161\u0117mimu. Gaukite iki 100 % sveikinimo premij\u0105 u\u017e pirm\u0105j\u012f \u012fmok\u0117jim\u0105 \u2013 u\u017esiregistruokite, \u012fdiekite APK ir la\u017einkit\u0117s bet kur!","og_url":"https:\/\/betwinner.team\/lt\/apk\/","og_site_name":"Betwinner Team Lt","article_modified_time":"2026-04-28T14:07:14+00:00","twitter_card":"summary_large_image","schema":{"@context":"https:\/\/schema.org","@graph":[{"@type":"WebPage","@id":"https:\/\/betwinner.team\/lt\/apk\/","url":"https:\/\/betwinner.team\/lt\/apk\/","name":"\u201eBetwinner\u201c APK \u2014 atsisi\u0173skite oficiali\u0105 program\u0117l\u0119 \u201eAndroid\u201c","isPartOf":{"@id":"https:\/\/betwinner.team\/lt\/#website"},"datePublished":"2026-02-16T15:30:45+00:00","dateModified":"2026-04-28T14:07:14+00:00","description":"Atsisi\u0173skite naujausi\u0105 \u201eBetwinner\u201c APK nemokamai: patogi mobili programa sportiniams la\u017eyboms, kazino ir gyviems \u017eaidimams su auk\u0161tais koeficientais, greitu \u012fmok\u0117jimu ir i\u0161\u0117mimu. Gaukite iki 100 % sveikinimo premij\u0105 u\u017e pirm\u0105j\u012f \u012fmok\u0117jim\u0105 \u2013 u\u017esiregistruokite, \u012fdiekite APK ir la\u017einkit\u0117s bet kur!","inLanguage":"lt-LT","potentialAction":[{"@type":"ReadAction","target":["https:\/\/betwinner.team\/lt\/apk\/"]}]},{"@type":"WebSite","@id":"https:\/\/betwinner.team\/lt\/#website","url":"https:\/\/betwinner.team\/lt\/","name":"Betwinner Team Lt","description":"","potentialAction":[{"@type":"SearchAction","target":{"@type":"EntryPoint","urlTemplate":"https:\/\/betwinner.team\/lt\/?s={search_term_string}"},"query-input":{"@type":"PropertyValueSpecification","valueRequired":true,"valueName":"search_term_string"}}],"inLanguage":"lt-LT"}]}},"_links":{"self":[{"href":"https:\/\/betwinner.team\/lt\/wp-json\/wp\/v2\/pages\/1449","targetHints":{"allow":["GET"]}}],"collection":[{"href":"https:\/\/betwinner.team\/lt\/wp-json\/wp\/v2\/pages"}],"about":[{"href":"https:\/\/betwinner.team\/lt\/wp-json\/wp\/v2\/types\/page"}],"author":[{"embeddable":true,"href":"https:\/\/betwinner.team\/lt\/wp-json\/wp\/v2\/users\/1"}],"replies":[{"embeddable":true,"href":"https:\/\/betwinner.team\/lt\/wp-json\/wp\/v2\/comments?post=1449"}],"version-history":[{"count":5,"href":"https:\/\/betwinner.team\/lt\/wp-json\/wp\/v2\/pages\/1449\/revisions"}],"predecessor-version":[{"id":1877,"href":"https:\/\/betwinner.team\/lt\/wp-json\/wp\/v2\/pages\/1449\/revisions\/1877"}],"wp:attachment":[{"href":"https:\/\/betwinner.team\/lt\/wp-json\/wp\/v2\/media?parent=1449"}],"curies":[{"name":"wp","href":"https:\/\/api.w.org\/{rel}","templated":true}]}}