{"id":1423,"date":"2026-02-11T12:28:48","date_gmt":"2026-02-11T09:28:48","guid":{"rendered":"https:\/\/betwinner.team\/lt\/?page_id=1423"},"modified":"2026-04-28T17:17:51","modified_gmt":"2026-04-28T14:17:51","slug":"app","status":"publish","type":"page","link":"https:\/\/betwinner.team\/lt\/app\/","title":{"rendered":"Program\u0117l\u0117"},"content":{"rendered":"","protected":false},"excerpt":{"rendered":"","protected":false},"author":1,"featured_media":0,"parent":0,"menu_order":0,"comment_status":"closed","ping_status":"closed","template":"","meta":{"_acf_changed":false,"footnotes":""},"class_list":["post-1423","page","type-page","status-publish","hentry"],"acf":[],"yoast_head":"<!-- This site is optimized with the Yoast SEO plugin v26.9 - https:\/\/yoast.com\/product\/yoast-seo-wordpress\/ -->\n<title>Atsisi\u0173skite \u201eBetwinner\u201c program\u0117l\u0119 \u2013 la\u017eybos ir kazino \u201eAndroid\u201c \/ \u201eiOS\u201c<\/title>\n<meta name=\"description\" content=\"Oficiali \u201eBetwinner\u201c program\u0117l\u0117 \u201eAndroid\u201c ir \u201eiOS\u201c sistemoms: la\u017eybos gyvai i\u0161 daugiau nei 1000 rengini\u0173, kazino lo\u0161imo automatai, greiti pinig\u0173 i\u0161\u0117mimai ir populiariausios sporto \u0161akos vienu paspaudimu. Atsisi\u0173skite program\u0117l\u0119 nemokamai, u\u017esiregistruokite naudodami reklamin\u012f kod\u0105 ir gaukite iki 100 % sveikinimo premij\u0105 + pinig\u0173 gr\u0105\u017einim\u0105 \u2013 \u017eaiskite be delsimo bet kur!\" \/>\n<meta name=\"robots\" content=\"index, follow, max-snippet:-1, max-image-preview:large, max-video-preview:-1\" \/>\n<link rel=\"canonical\" href=\"https:\/\/betwinner.team\/lt\/app\/\" \/>\n<meta property=\"og:locale\" content=\"lt_LT\" \/>\n<meta property=\"og:type\" content=\"article\" \/>\n<meta property=\"og:title\" content=\"Atsisi\u0173skite \u201eBetwinner\u201c program\u0117l\u0119 \u2013 la\u017eybos ir kazino \u201eAndroid\u201c \/ \u201eiOS\u201c\" \/>\n<meta property=\"og:description\" content=\"Oficiali \u201eBetwinner\u201c program\u0117l\u0117 \u201eAndroid\u201c ir \u201eiOS\u201c sistemoms: la\u017eybos gyvai i\u0161 daugiau nei 1000 rengini\u0173, kazino lo\u0161imo automatai, greiti pinig\u0173 i\u0161\u0117mimai ir populiariausios sporto \u0161akos vienu paspaudimu. Atsisi\u0173skite program\u0117l\u0119 nemokamai, u\u017esiregistruokite naudodami reklamin\u012f kod\u0105 ir gaukite iki 100 % sveikinimo premij\u0105 + pinig\u0173 gr\u0105\u017einim\u0105 \u2013 \u017eaiskite be delsimo bet kur!\" \/>\n<meta property=\"og:url\" content=\"https:\/\/betwinner.team\/lt\/app\/\" \/>\n<meta property=\"og:site_name\" content=\"Betwinner Team Lt\" \/>\n<meta property=\"article:modified_time\" content=\"2026-04-28T14:17:51+00:00\" \/>\n<meta name=\"twitter:card\" content=\"summary_large_image\" \/>\n<script type=\"application\/ld+json\" class=\"yoast-schema-graph\">{\"@context\":\"https:\/\/schema.org\",\"@graph\":[{\"@type\":\"WebPage\",\"@id\":\"https:\/\/betwinner.team\/lt\/app\/\",\"url\":\"https:\/\/betwinner.team\/lt\/app\/\",\"name\":\"Atsisi\u0173skite \u201eBetwinner\u201c program\u0117l\u0119 \u2013 la\u017eybos ir kazino \u201eAndroid\u201c \/ \u201eiOS\u201c\",\"isPartOf\":{\"@id\":\"https:\/\/betwinner.team\/lt\/#website\"},\"datePublished\":\"2026-02-11T09:28:48+00:00\",\"dateModified\":\"2026-04-28T14:17:51+00:00\",\"description\":\"Oficiali \u201eBetwinner\u201c program\u0117l\u0117 \u201eAndroid\u201c ir \u201eiOS\u201c sistemoms: la\u017eybos gyvai i\u0161 daugiau nei 1000 rengini\u0173, kazino lo\u0161imo automatai, greiti pinig\u0173 i\u0161\u0117mimai ir populiariausios sporto \u0161akos vienu paspaudimu. Atsisi\u0173skite program\u0117l\u0119 nemokamai, u\u017esiregistruokite naudodami reklamin\u012f kod\u0105 ir gaukite iki 100 % sveikinimo premij\u0105 + pinig\u0173 gr\u0105\u017einim\u0105 \u2013 \u017eaiskite be delsimo bet kur!\",\"inLanguage\":\"lt-LT\",\"potentialAction\":[{\"@type\":\"ReadAction\",\"target\":[\"https:\/\/betwinner.team\/lt\/app\/\"]}]},{\"@type\":\"WebSite\",\"@id\":\"https:\/\/betwinner.team\/lt\/#website\",\"url\":\"https:\/\/betwinner.team\/lt\/\",\"name\":\"Betwinner Team Lt\",\"description\":\"\",\"potentialAction\":[{\"@type\":\"SearchAction\",\"target\":{\"@type\":\"EntryPoint\",\"urlTemplate\":\"https:\/\/betwinner.team\/lt\/?s={search_term_string}\"},\"query-input\":{\"@type\":\"PropertyValueSpecification\",\"valueRequired\":true,\"valueName\":\"search_term_string\"}}],\"inLanguage\":\"lt-LT\"}]}<\/script>\n<!-- \/ Yoast SEO plugin. -->","yoast_head_json":{"title":"Atsisi\u0173skite \u201eBetwinner\u201c program\u0117l\u0119 \u2013 la\u017eybos ir kazino \u201eAndroid\u201c \/ \u201eiOS\u201c","description":"Oficiali \u201eBetwinner\u201c program\u0117l\u0117 \u201eAndroid\u201c ir \u201eiOS\u201c sistemoms: la\u017eybos gyvai i\u0161 daugiau nei 1000 rengini\u0173, kazino lo\u0161imo automatai, greiti pinig\u0173 i\u0161\u0117mimai ir populiariausios sporto \u0161akos vienu paspaudimu. Atsisi\u0173skite program\u0117l\u0119 nemokamai, u\u017esiregistruokite naudodami reklamin\u012f kod\u0105 ir gaukite iki 100 % sveikinimo premij\u0105 + pinig\u0173 gr\u0105\u017einim\u0105 \u2013 \u017eaiskite be delsimo bet kur!","robots":{"index":"index","follow":"follow","max-snippet":"max-snippet:-1","max-image-preview":"max-image-preview:large","max-video-preview":"max-video-preview:-1"},"canonical":"https:\/\/betwinner.team\/lt\/app\/","og_locale":"lt_LT","og_type":"article","og_title":"Atsisi\u0173skite \u201eBetwinner\u201c program\u0117l\u0119 \u2013 la\u017eybos ir kazino \u201eAndroid\u201c \/ \u201eiOS\u201c","og_description":"Oficiali \u201eBetwinner\u201c program\u0117l\u0117 \u201eAndroid\u201c ir \u201eiOS\u201c sistemoms: la\u017eybos gyvai i\u0161 daugiau nei 1000 rengini\u0173, kazino lo\u0161imo automatai, greiti pinig\u0173 i\u0161\u0117mimai ir populiariausios sporto \u0161akos vienu paspaudimu. Atsisi\u0173skite program\u0117l\u0119 nemokamai, u\u017esiregistruokite naudodami reklamin\u012f kod\u0105 ir gaukite iki 100 % sveikinimo premij\u0105 + pinig\u0173 gr\u0105\u017einim\u0105 \u2013 \u017eaiskite be delsimo bet kur!","og_url":"https:\/\/betwinner.team\/lt\/app\/","og_site_name":"Betwinner Team Lt","article_modified_time":"2026-04-28T14:17:51+00:00","twitter_card":"summary_large_image","schema":{"@context":"https:\/\/schema.org","@graph":[{"@type":"WebPage","@id":"https:\/\/betwinner.team\/lt\/app\/","url":"https:\/\/betwinner.team\/lt\/app\/","name":"Atsisi\u0173skite \u201eBetwinner\u201c program\u0117l\u0119 \u2013 la\u017eybos ir kazino \u201eAndroid\u201c \/ \u201eiOS\u201c","isPartOf":{"@id":"https:\/\/betwinner.team\/lt\/#website"},"datePublished":"2026-02-11T09:28:48+00:00","dateModified":"2026-04-28T14:17:51+00:00","description":"Oficiali \u201eBetwinner\u201c program\u0117l\u0117 \u201eAndroid\u201c ir \u201eiOS\u201c sistemoms: la\u017eybos gyvai i\u0161 daugiau nei 1000 rengini\u0173, kazino lo\u0161imo automatai, greiti pinig\u0173 i\u0161\u0117mimai ir populiariausios sporto \u0161akos vienu paspaudimu. Atsisi\u0173skite program\u0117l\u0119 nemokamai, u\u017esiregistruokite naudodami reklamin\u012f kod\u0105 ir gaukite iki 100 % sveikinimo premij\u0105 + pinig\u0173 gr\u0105\u017einim\u0105 \u2013 \u017eaiskite be delsimo bet kur!","inLanguage":"lt-LT","potentialAction":[{"@type":"ReadAction","target":["https:\/\/betwinner.team\/lt\/app\/"]}]},{"@type":"WebSite","@id":"https:\/\/betwinner.team\/lt\/#website","url":"https:\/\/betwinner.team\/lt\/","name":"Betwinner Team Lt","description":"","potentialAction":[{"@type":"SearchAction","target":{"@type":"EntryPoint","urlTemplate":"https:\/\/betwinner.team\/lt\/?s={search_term_string}"},"query-input":{"@type":"PropertyValueSpecification","valueRequired":true,"valueName":"search_term_string"}}],"inLanguage":"lt-LT"}]}},"_links":{"self":[{"href":"https:\/\/betwinner.team\/lt\/wp-json\/wp\/v2\/pages\/1423","targetHints":{"allow":["GET"]}}],"collection":[{"href":"https:\/\/betwinner.team\/lt\/wp-json\/wp\/v2\/pages"}],"about":[{"href":"https:\/\/betwinner.team\/lt\/wp-json\/wp\/v2\/types\/page"}],"author":[{"embeddable":true,"href":"https:\/\/betwinner.team\/lt\/wp-json\/wp\/v2\/users\/1"}],"replies":[{"embeddable":true,"href":"https:\/\/betwinner.team\/lt\/wp-json\/wp\/v2\/comments?post=1423"}],"version-history":[{"count":5,"href":"https:\/\/betwinner.team\/lt\/wp-json\/wp\/v2\/pages\/1423\/revisions"}],"predecessor-version":[{"id":1878,"href":"https:\/\/betwinner.team\/lt\/wp-json\/wp\/v2\/pages\/1423\/revisions\/1878"}],"wp:attachment":[{"href":"https:\/\/betwinner.team\/lt\/wp-json\/wp\/v2\/media?parent=1423"}],"curies":[{"name":"wp","href":"https:\/\/api.w.org\/{rel}","templated":true}]}}