{"id":1086,"date":"2025-11-15T16:52:15","date_gmt":"2025-11-15T13:52:15","guid":{"rendered":"https:\/\/betwinner.team\/lt\/?page_id=1086"},"modified":"2026-04-28T19:51:04","modified_gmt":"2026-04-28T16:51:04","slug":"home","status":"publish","type":"page","link":"https:\/\/betwinner.team\/lt\/","title":{"rendered":"Pagrindinis puslapis"},"content":{"rendered":"","protected":false},"excerpt":{"rendered":"","protected":false},"author":1,"featured_media":0,"parent":0,"menu_order":0,"comment_status":"closed","ping_status":"closed","template":"","meta":{"_acf_changed":false,"footnotes":""},"class_list":["post-1086","page","type-page","status-publish","hentry"],"acf":[],"yoast_head":"<!-- This site is optimized with the Yoast SEO plugin v26.9 - https:\/\/yoast.com\/product\/yoast-seo-wordpress\/ -->\n<title>\u201eBetwinner\u201c la\u017eybos ir kazino \u2014 iki 1 500 \u20ac premija \u1409 Registruotis<\/title>\n<meta name=\"description\" content=\"\u201eBetwinner\u201c \u2013 tai viena i\u0161 geriausi\u0173 la\u017eyb\u0173 bendrovi\u0173, si\u016blanti plat\u0173 sporto la\u017eyb\u0173 pasirinkim\u0105, tiesiogines transliacijas, e. sport\u0105 ir kazino lo\u0161imo automatus. Gaukite iki 1 500 \u20ac vert\u0117s pasveikinimo premij\u0105, nemokamas la\u017eybas ir specialius pasi\u016blymus; patogi svetain\u0117, greiti i\u0161mok\u0117jimai ir daugiau nei 100 \u012fmok\u0117jimo b\u016bd\u0173. Mes i\u0161nagrin\u0117jame privalumus, tr\u016bkumus, \u017eaid\u0117j\u0173 atsiliepimus ir patarimus, kaip gauti maksimali\u0105 naud\u0105 i\u0161 \u201eBetwinner\u201c.\" \/>\n<meta name=\"robots\" content=\"index, follow, max-snippet:-1, max-image-preview:large, max-video-preview:-1\" \/>\n<link rel=\"canonical\" href=\"https:\/\/betwinner.team\/lt\/\" \/>\n<meta property=\"og:locale\" content=\"lt_LT\" \/>\n<meta property=\"og:type\" content=\"article\" \/>\n<meta property=\"og:title\" content=\"\u201eBetwinner\u201c la\u017eybos ir kazino \u2014 iki 1 500 \u20ac premija \u1409 Registruotis\" \/>\n<meta property=\"og:description\" content=\"\u201eBetwinner\u201c \u2013 tai viena i\u0161 geriausi\u0173 la\u017eyb\u0173 bendrovi\u0173, si\u016blanti plat\u0173 sporto la\u017eyb\u0173 pasirinkim\u0105, tiesiogines transliacijas, e. sport\u0105 ir kazino lo\u0161imo automatus. Gaukite iki 1 500 \u20ac vert\u0117s pasveikinimo premij\u0105, nemokamas la\u017eybas ir specialius pasi\u016blymus; patogi svetain\u0117, greiti i\u0161mok\u0117jimai ir daugiau nei 100 \u012fmok\u0117jimo b\u016bd\u0173. Mes i\u0161nagrin\u0117jame privalumus, tr\u016bkumus, \u017eaid\u0117j\u0173 atsiliepimus ir patarimus, kaip gauti maksimali\u0105 naud\u0105 i\u0161 \u201eBetwinner\u201c.\" \/>\n<meta property=\"og:url\" content=\"https:\/\/betwinner.team\/lt\/\" \/>\n<meta property=\"og:site_name\" content=\"Betwinner Team Lt\" \/>\n<meta property=\"article:modified_time\" content=\"2026-04-28T16:51:04+00:00\" \/>\n<meta name=\"twitter:card\" content=\"summary_large_image\" \/>\n<script type=\"application\/ld+json\" class=\"yoast-schema-graph\">{\"@context\":\"https:\/\/schema.org\",\"@graph\":[{\"@type\":\"WebPage\",\"@id\":\"https:\/\/betwinner.team\/lt\/\",\"url\":\"https:\/\/betwinner.team\/lt\/\",\"name\":\"\u201eBetwinner\u201c la\u017eybos ir kazino \u2014 iki 1 500 \u20ac premija \u1409 Registruotis\",\"isPartOf\":{\"@id\":\"https:\/\/betwinner.team\/lt\/#website\"},\"datePublished\":\"2025-11-15T13:52:15+00:00\",\"dateModified\":\"2026-04-28T16:51:04+00:00\",\"description\":\"\u201eBetwinner\u201c \u2013 tai viena i\u0161 geriausi\u0173 la\u017eyb\u0173 bendrovi\u0173, si\u016blanti plat\u0173 sporto la\u017eyb\u0173 pasirinkim\u0105, tiesiogines transliacijas, e. sport\u0105 ir kazino lo\u0161imo automatus. Gaukite iki 1 500 \u20ac vert\u0117s pasveikinimo premij\u0105, nemokamas la\u017eybas ir specialius pasi\u016blymus; patogi svetain\u0117, greiti i\u0161mok\u0117jimai ir daugiau nei 100 \u012fmok\u0117jimo b\u016bd\u0173. Mes i\u0161nagrin\u0117jame privalumus, tr\u016bkumus, \u017eaid\u0117j\u0173 atsiliepimus ir patarimus, kaip gauti maksimali\u0105 naud\u0105 i\u0161 \u201eBetwinner\u201c.\",\"inLanguage\":\"lt-LT\",\"potentialAction\":[{\"@type\":\"ReadAction\",\"target\":[\"https:\/\/betwinner.team\/lt\/\"]}]},{\"@type\":\"WebSite\",\"@id\":\"https:\/\/betwinner.team\/lt\/#website\",\"url\":\"https:\/\/betwinner.team\/lt\/\",\"name\":\"Betwinner Team Lt\",\"description\":\"\",\"potentialAction\":[{\"@type\":\"SearchAction\",\"target\":{\"@type\":\"EntryPoint\",\"urlTemplate\":\"https:\/\/betwinner.team\/lt\/?s={search_term_string}\"},\"query-input\":{\"@type\":\"PropertyValueSpecification\",\"valueRequired\":true,\"valueName\":\"search_term_string\"}}],\"inLanguage\":\"lt-LT\"}]}<\/script>\n<!-- \/ Yoast SEO plugin. -->","yoast_head_json":{"title":"\u201eBetwinner\u201c la\u017eybos ir kazino \u2014 iki 1 500 \u20ac premija \u1409 Registruotis","description":"\u201eBetwinner\u201c \u2013 tai viena i\u0161 geriausi\u0173 la\u017eyb\u0173 bendrovi\u0173, si\u016blanti plat\u0173 sporto la\u017eyb\u0173 pasirinkim\u0105, tiesiogines transliacijas, e. sport\u0105 ir kazino lo\u0161imo automatus. Gaukite iki 1 500 \u20ac vert\u0117s pasveikinimo premij\u0105, nemokamas la\u017eybas ir specialius pasi\u016blymus; patogi svetain\u0117, greiti i\u0161mok\u0117jimai ir daugiau nei 100 \u012fmok\u0117jimo b\u016bd\u0173. Mes i\u0161nagrin\u0117jame privalumus, tr\u016bkumus, \u017eaid\u0117j\u0173 atsiliepimus ir patarimus, kaip gauti maksimali\u0105 naud\u0105 i\u0161 \u201eBetwinner\u201c.","robots":{"index":"index","follow":"follow","max-snippet":"max-snippet:-1","max-image-preview":"max-image-preview:large","max-video-preview":"max-video-preview:-1"},"canonical":"https:\/\/betwinner.team\/lt\/","og_locale":"lt_LT","og_type":"article","og_title":"\u201eBetwinner\u201c la\u017eybos ir kazino \u2014 iki 1 500 \u20ac premija \u1409 Registruotis","og_description":"\u201eBetwinner\u201c \u2013 tai viena i\u0161 geriausi\u0173 la\u017eyb\u0173 bendrovi\u0173, si\u016blanti plat\u0173 sporto la\u017eyb\u0173 pasirinkim\u0105, tiesiogines transliacijas, e. sport\u0105 ir kazino lo\u0161imo automatus. Gaukite iki 1 500 \u20ac vert\u0117s pasveikinimo premij\u0105, nemokamas la\u017eybas ir specialius pasi\u016blymus; patogi svetain\u0117, greiti i\u0161mok\u0117jimai ir daugiau nei 100 \u012fmok\u0117jimo b\u016bd\u0173. Mes i\u0161nagrin\u0117jame privalumus, tr\u016bkumus, \u017eaid\u0117j\u0173 atsiliepimus ir patarimus, kaip gauti maksimali\u0105 naud\u0105 i\u0161 \u201eBetwinner\u201c.","og_url":"https:\/\/betwinner.team\/lt\/","og_site_name":"Betwinner Team Lt","article_modified_time":"2026-04-28T16:51:04+00:00","twitter_card":"summary_large_image","schema":{"@context":"https:\/\/schema.org","@graph":[{"@type":"WebPage","@id":"https:\/\/betwinner.team\/lt\/","url":"https:\/\/betwinner.team\/lt\/","name":"\u201eBetwinner\u201c la\u017eybos ir kazino \u2014 iki 1 500 \u20ac premija \u1409 Registruotis","isPartOf":{"@id":"https:\/\/betwinner.team\/lt\/#website"},"datePublished":"2025-11-15T13:52:15+00:00","dateModified":"2026-04-28T16:51:04+00:00","description":"\u201eBetwinner\u201c \u2013 tai viena i\u0161 geriausi\u0173 la\u017eyb\u0173 bendrovi\u0173, si\u016blanti plat\u0173 sporto la\u017eyb\u0173 pasirinkim\u0105, tiesiogines transliacijas, e. sport\u0105 ir kazino lo\u0161imo automatus. Gaukite iki 1 500 \u20ac vert\u0117s pasveikinimo premij\u0105, nemokamas la\u017eybas ir specialius pasi\u016blymus; patogi svetain\u0117, greiti i\u0161mok\u0117jimai ir daugiau nei 100 \u012fmok\u0117jimo b\u016bd\u0173. Mes i\u0161nagrin\u0117jame privalumus, tr\u016bkumus, \u017eaid\u0117j\u0173 atsiliepimus ir patarimus, kaip gauti maksimali\u0105 naud\u0105 i\u0161 \u201eBetwinner\u201c.","inLanguage":"lt-LT","potentialAction":[{"@type":"ReadAction","target":["https:\/\/betwinner.team\/lt\/"]}]},{"@type":"WebSite","@id":"https:\/\/betwinner.team\/lt\/#website","url":"https:\/\/betwinner.team\/lt\/","name":"Betwinner Team Lt","description":"","potentialAction":[{"@type":"SearchAction","target":{"@type":"EntryPoint","urlTemplate":"https:\/\/betwinner.team\/lt\/?s={search_term_string}"},"query-input":{"@type":"PropertyValueSpecification","valueRequired":true,"valueName":"search_term_string"}}],"inLanguage":"lt-LT"}]}},"_links":{"self":[{"href":"https:\/\/betwinner.team\/lt\/wp-json\/wp\/v2\/pages\/1086","targetHints":{"allow":["GET"]}}],"collection":[{"href":"https:\/\/betwinner.team\/lt\/wp-json\/wp\/v2\/pages"}],"about":[{"href":"https:\/\/betwinner.team\/lt\/wp-json\/wp\/v2\/types\/page"}],"author":[{"embeddable":true,"href":"https:\/\/betwinner.team\/lt\/wp-json\/wp\/v2\/users\/1"}],"replies":[{"embeddable":true,"href":"https:\/\/betwinner.team\/lt\/wp-json\/wp\/v2\/comments?post=1086"}],"version-history":[{"count":5,"href":"https:\/\/betwinner.team\/lt\/wp-json\/wp\/v2\/pages\/1086\/revisions"}],"predecessor-version":[{"id":1893,"href":"https:\/\/betwinner.team\/lt\/wp-json\/wp\/v2\/pages\/1086\/revisions\/1893"}],"wp:attachment":[{"href":"https:\/\/betwinner.team\/lt\/wp-json\/wp\/v2\/media?parent=1086"}],"curies":[{"name":"wp","href":"https:\/\/api.w.org\/{rel}","templated":true}]}}