{"id":1560,"date":"2026-02-22T18:04:15","date_gmt":"2026-02-22T15:04:15","guid":{"rendered":"https:\/\/betwinner.team\/hu\/?page_id=1560"},"modified":"2026-03-25T20:39:24","modified_gmt":"2026-03-25T17:39:24","slug":"partners","status":"publish","type":"page","link":"https:\/\/betwinner.team\/hu\/partners\/","title":{"rendered":"Partnerek"},"content":{"rendered":"","protected":false},"excerpt":{"rendered":"","protected":false},"author":1,"featured_media":0,"parent":0,"menu_order":0,"comment_status":"closed","ping_status":"closed","template":"","meta":{"_acf_changed":false,"footnotes":""},"class_list":["post-1560","page","type-page","status-publish","hentry"],"acf":[],"yoast_head":"<!-- This site is optimized with the Yoast SEO plugin v26.9 - https:\/\/yoast.com\/product\/yoast-seo-wordpress\/ -->\n<title>Betwinner partnerprogram \u2013 ak\u00e1r 60%-os bev\u00e9telr\u00e9szesed\u00e9s, bev\u00e9telek<\/title>\n<meta name=\"description\" content=\"Csatlakozzon a Betwinner partnerprogramj\u00e1hoz \u2714\ufe0f vonzzon j\u00e1t\u00e9kosokat, \u00e9s szerezzen ak\u00e1r 60%-os bev\u00e9telr\u00e9szesed\u00e9st, marketingeszk\u00f6z\u00f6ket \u00e9s gyors regisztr\u00e1ci\u00f3t. Ide\u00e1lis azoknak a partnereknek, akik m\u00e1r rendelkeznek k\u00f6z\u00f6ns\u00e9ggel \u2013 \u00e1tl\u00e1that\u00f3 statisztik\u00e1k, \u00fcgyf\u00e9lszolg\u00e1lat \u00e9s korl\u00e1tlan kifizet\u00e9sek!\" \/>\n<meta name=\"robots\" content=\"index, follow, max-snippet:-1, max-image-preview:large, max-video-preview:-1\" \/>\n<link rel=\"canonical\" href=\"https:\/\/betwinner.team\/hu\/partners\/\" \/>\n<meta property=\"og:locale\" content=\"hu_HU\" \/>\n<meta property=\"og:type\" content=\"article\" \/>\n<meta property=\"og:title\" content=\"Betwinner partnerprogram \u2013 ak\u00e1r 60%-os bev\u00e9telr\u00e9szesed\u00e9s, bev\u00e9telek\" \/>\n<meta property=\"og:description\" content=\"Csatlakozzon a Betwinner partnerprogramj\u00e1hoz \u2714\ufe0f vonzzon j\u00e1t\u00e9kosokat, \u00e9s szerezzen ak\u00e1r 60%-os bev\u00e9telr\u00e9szesed\u00e9st, marketingeszk\u00f6z\u00f6ket \u00e9s gyors regisztr\u00e1ci\u00f3t. Ide\u00e1lis azoknak a partnereknek, akik m\u00e1r rendelkeznek k\u00f6z\u00f6ns\u00e9ggel \u2013 \u00e1tl\u00e1that\u00f3 statisztik\u00e1k, \u00fcgyf\u00e9lszolg\u00e1lat \u00e9s korl\u00e1tlan kifizet\u00e9sek!\" \/>\n<meta property=\"og:url\" content=\"https:\/\/betwinner.team\/hu\/partners\/\" \/>\n<meta property=\"og:site_name\" content=\"Betwinner Team hu\" \/>\n<meta property=\"article:modified_time\" content=\"2026-03-25T17:39:24+00:00\" \/>\n<meta name=\"twitter:card\" content=\"summary_large_image\" \/>\n<script type=\"application\/ld+json\" class=\"yoast-schema-graph\">{\"@context\":\"https:\/\/schema.org\",\"@graph\":[{\"@type\":\"WebPage\",\"@id\":\"https:\/\/betwinner.team\/hu\/partners\/\",\"url\":\"https:\/\/betwinner.team\/hu\/partners\/\",\"name\":\"Betwinner partnerprogram \u2013 ak\u00e1r 60%-os bev\u00e9telr\u00e9szesed\u00e9s, bev\u00e9telek\",\"isPartOf\":{\"@id\":\"https:\/\/betwinner.team\/hu\/#website\"},\"datePublished\":\"2026-02-22T15:04:15+00:00\",\"dateModified\":\"2026-03-25T17:39:24+00:00\",\"description\":\"Csatlakozzon a Betwinner partnerprogramj\u00e1hoz \u2714\ufe0f vonzzon j\u00e1t\u00e9kosokat, \u00e9s szerezzen ak\u00e1r 60%-os bev\u00e9telr\u00e9szesed\u00e9st, marketingeszk\u00f6z\u00f6ket \u00e9s gyors regisztr\u00e1ci\u00f3t. Ide\u00e1lis azoknak a partnereknek, akik m\u00e1r rendelkeznek k\u00f6z\u00f6ns\u00e9ggel \u2013 \u00e1tl\u00e1that\u00f3 statisztik\u00e1k, \u00fcgyf\u00e9lszolg\u00e1lat \u00e9s korl\u00e1tlan kifizet\u00e9sek!\",\"inLanguage\":\"hu\",\"potentialAction\":[{\"@type\":\"ReadAction\",\"target\":[\"https:\/\/betwinner.team\/hu\/partners\/\"]}]},{\"@type\":\"WebSite\",\"@id\":\"https:\/\/betwinner.team\/hu\/#website\",\"url\":\"https:\/\/betwinner.team\/hu\/\",\"name\":\"Betwinner Team hu\",\"description\":\"\",\"potentialAction\":[{\"@type\":\"SearchAction\",\"target\":{\"@type\":\"EntryPoint\",\"urlTemplate\":\"https:\/\/betwinner.team\/hu\/?s={search_term_string}\"},\"query-input\":{\"@type\":\"PropertyValueSpecification\",\"valueRequired\":true,\"valueName\":\"search_term_string\"}}],\"inLanguage\":\"hu\"}]}<\/script>\n<!-- \/ Yoast SEO plugin. -->","yoast_head_json":{"title":"Betwinner partnerprogram \u2013 ak\u00e1r 60%-os bev\u00e9telr\u00e9szesed\u00e9s, bev\u00e9telek","description":"Csatlakozzon a Betwinner partnerprogramj\u00e1hoz \u2714\ufe0f vonzzon j\u00e1t\u00e9kosokat, \u00e9s szerezzen ak\u00e1r 60%-os bev\u00e9telr\u00e9szesed\u00e9st, marketingeszk\u00f6z\u00f6ket \u00e9s gyors regisztr\u00e1ci\u00f3t. Ide\u00e1lis azoknak a partnereknek, akik m\u00e1r rendelkeznek k\u00f6z\u00f6ns\u00e9ggel \u2013 \u00e1tl\u00e1that\u00f3 statisztik\u00e1k, \u00fcgyf\u00e9lszolg\u00e1lat \u00e9s korl\u00e1tlan kifizet\u00e9sek!","robots":{"index":"index","follow":"follow","max-snippet":"max-snippet:-1","max-image-preview":"max-image-preview:large","max-video-preview":"max-video-preview:-1"},"canonical":"https:\/\/betwinner.team\/hu\/partners\/","og_locale":"hu_HU","og_type":"article","og_title":"Betwinner partnerprogram \u2013 ak\u00e1r 60%-os bev\u00e9telr\u00e9szesed\u00e9s, bev\u00e9telek","og_description":"Csatlakozzon a Betwinner partnerprogramj\u00e1hoz \u2714\ufe0f vonzzon j\u00e1t\u00e9kosokat, \u00e9s szerezzen ak\u00e1r 60%-os bev\u00e9telr\u00e9szesed\u00e9st, marketingeszk\u00f6z\u00f6ket \u00e9s gyors regisztr\u00e1ci\u00f3t. Ide\u00e1lis azoknak a partnereknek, akik m\u00e1r rendelkeznek k\u00f6z\u00f6ns\u00e9ggel \u2013 \u00e1tl\u00e1that\u00f3 statisztik\u00e1k, \u00fcgyf\u00e9lszolg\u00e1lat \u00e9s korl\u00e1tlan kifizet\u00e9sek!","og_url":"https:\/\/betwinner.team\/hu\/partners\/","og_site_name":"Betwinner Team hu","article_modified_time":"2026-03-25T17:39:24+00:00","twitter_card":"summary_large_image","schema":{"@context":"https:\/\/schema.org","@graph":[{"@type":"WebPage","@id":"https:\/\/betwinner.team\/hu\/partners\/","url":"https:\/\/betwinner.team\/hu\/partners\/","name":"Betwinner partnerprogram \u2013 ak\u00e1r 60%-os bev\u00e9telr\u00e9szesed\u00e9s, bev\u00e9telek","isPartOf":{"@id":"https:\/\/betwinner.team\/hu\/#website"},"datePublished":"2026-02-22T15:04:15+00:00","dateModified":"2026-03-25T17:39:24+00:00","description":"Csatlakozzon a Betwinner partnerprogramj\u00e1hoz \u2714\ufe0f vonzzon j\u00e1t\u00e9kosokat, \u00e9s szerezzen ak\u00e1r 60%-os bev\u00e9telr\u00e9szesed\u00e9st, marketingeszk\u00f6z\u00f6ket \u00e9s gyors regisztr\u00e1ci\u00f3t. Ide\u00e1lis azoknak a partnereknek, akik m\u00e1r rendelkeznek k\u00f6z\u00f6ns\u00e9ggel \u2013 \u00e1tl\u00e1that\u00f3 statisztik\u00e1k, \u00fcgyf\u00e9lszolg\u00e1lat \u00e9s korl\u00e1tlan kifizet\u00e9sek!","inLanguage":"hu","potentialAction":[{"@type":"ReadAction","target":["https:\/\/betwinner.team\/hu\/partners\/"]}]},{"@type":"WebSite","@id":"https:\/\/betwinner.team\/hu\/#website","url":"https:\/\/betwinner.team\/hu\/","name":"Betwinner Team hu","description":"","potentialAction":[{"@type":"SearchAction","target":{"@type":"EntryPoint","urlTemplate":"https:\/\/betwinner.team\/hu\/?s={search_term_string}"},"query-input":{"@type":"PropertyValueSpecification","valueRequired":true,"valueName":"search_term_string"}}],"inLanguage":"hu"}]}},"_links":{"self":[{"href":"https:\/\/betwinner.team\/hu\/wp-json\/wp\/v2\/pages\/1560","targetHints":{"allow":["GET"]}}],"collection":[{"href":"https:\/\/betwinner.team\/hu\/wp-json\/wp\/v2\/pages"}],"about":[{"href":"https:\/\/betwinner.team\/hu\/wp-json\/wp\/v2\/types\/page"}],"author":[{"embeddable":true,"href":"https:\/\/betwinner.team\/hu\/wp-json\/wp\/v2\/users\/1"}],"replies":[{"embeddable":true,"href":"https:\/\/betwinner.team\/hu\/wp-json\/wp\/v2\/comments?post=1560"}],"version-history":[{"count":5,"href":"https:\/\/betwinner.team\/hu\/wp-json\/wp\/v2\/pages\/1560\/revisions"}],"predecessor-version":[{"id":1644,"href":"https:\/\/betwinner.team\/hu\/wp-json\/wp\/v2\/pages\/1560\/revisions\/1644"}],"wp:attachment":[{"href":"https:\/\/betwinner.team\/hu\/wp-json\/wp\/v2\/media?parent=1560"}],"curies":[{"name":"wp","href":"https:\/\/api.w.org\/{rel}","templated":true}]}}