{"id":1543,"date":"2026-02-22T08:06:34","date_gmt":"2026-02-22T05:06:34","guid":{"rendered":"https:\/\/betwinner.team\/hu\/?page_id=1543"},"modified":"2026-03-25T19:44:49","modified_gmt":"2026-03-25T16:44:49","slug":"registration","status":"publish","type":"page","link":"https:\/\/betwinner.team\/hu\/registration\/","title":{"rendered":"Regisztr\u00e1ci\u00f3"},"content":{"rendered":"","protected":false},"excerpt":{"rendered":"","protected":false},"author":1,"featured_media":0,"parent":0,"menu_order":0,"comment_status":"closed","ping_status":"closed","template":"","meta":{"_acf_changed":false,"footnotes":""},"class_list":["post-1543","page","type-page","status-publish","hentry"],"acf":[],"yoast_head":"<!-- This site is optimized with the Yoast SEO plugin v26.9 - https:\/\/yoast.com\/product\/yoast-seo-wordpress\/ -->\n<title>Betwinner regisztr\u00e1ci\u00f3s \u00fatmutat\u00f3 b\u00f3nusszal Jelenlegi \u00e9v<\/title>\n<meta name=\"description\" content=\"Gyors regisztr\u00e1ci\u00f3 a Betwinneren \u2714\ufe0f V\u00e1lasszon regisztr\u00e1ci\u00f3s m\u00f3dot (egy kattint\u00e1ssal, telefonon vagy e-mailben), igazolja fi\u00f3kj\u00e1t, \u00e9s szerezzen \u00fcdv\u00f6zl\u0151 b\u00f3nuszt a prom\u00f3ci\u00f3s k\u00f3d haszn\u00e1lat\u00e1val. T\u00f6bb mint 9 000 esem\u00e9ny \u00e9s t\u00f6bb ezer nyer\u0151g\u00e9p el\u00e9rhet\u0151 minden eszk\u00f6z\u00f6n \u2013 kezdje el mind\u00f6ssze 1 perc alatt!\" \/>\n<meta name=\"robots\" content=\"index, follow, max-snippet:-1, max-image-preview:large, max-video-preview:-1\" \/>\n<link rel=\"canonical\" href=\"https:\/\/betwinner.team\/hu\/registration\/\" \/>\n<meta property=\"og:locale\" content=\"hu_HU\" \/>\n<meta property=\"og:type\" content=\"article\" \/>\n<meta property=\"og:title\" content=\"Betwinner regisztr\u00e1ci\u00f3s \u00fatmutat\u00f3 b\u00f3nusszal Jelenlegi \u00e9v\" \/>\n<meta property=\"og:description\" content=\"Gyors regisztr\u00e1ci\u00f3 a Betwinneren \u2714\ufe0f V\u00e1lasszon regisztr\u00e1ci\u00f3s m\u00f3dot (egy kattint\u00e1ssal, telefonon vagy e-mailben), igazolja fi\u00f3kj\u00e1t, \u00e9s szerezzen \u00fcdv\u00f6zl\u0151 b\u00f3nuszt a prom\u00f3ci\u00f3s k\u00f3d haszn\u00e1lat\u00e1val. T\u00f6bb mint 9 000 esem\u00e9ny \u00e9s t\u00f6bb ezer nyer\u0151g\u00e9p el\u00e9rhet\u0151 minden eszk\u00f6z\u00f6n \u2013 kezdje el mind\u00f6ssze 1 perc alatt!\" \/>\n<meta property=\"og:url\" content=\"https:\/\/betwinner.team\/hu\/registration\/\" \/>\n<meta property=\"og:site_name\" content=\"Betwinner Team hu\" \/>\n<meta property=\"article:modified_time\" content=\"2026-03-25T16:44:49+00:00\" \/>\n<meta name=\"twitter:card\" content=\"summary_large_image\" \/>\n<script type=\"application\/ld+json\" class=\"yoast-schema-graph\">{\"@context\":\"https:\/\/schema.org\",\"@graph\":[{\"@type\":\"WebPage\",\"@id\":\"https:\/\/betwinner.team\/hu\/registration\/\",\"url\":\"https:\/\/betwinner.team\/hu\/registration\/\",\"name\":\"Betwinner regisztr\u00e1ci\u00f3s \u00fatmutat\u00f3 b\u00f3nusszal Jelenlegi \u00e9v\",\"isPartOf\":{\"@id\":\"https:\/\/betwinner.team\/hu\/#website\"},\"datePublished\":\"2026-02-22T05:06:34+00:00\",\"dateModified\":\"2026-03-25T16:44:49+00:00\",\"description\":\"Gyors regisztr\u00e1ci\u00f3 a Betwinneren \u2714\ufe0f V\u00e1lasszon regisztr\u00e1ci\u00f3s m\u00f3dot (egy kattint\u00e1ssal, telefonon vagy e-mailben), igazolja fi\u00f3kj\u00e1t, \u00e9s szerezzen \u00fcdv\u00f6zl\u0151 b\u00f3nuszt a prom\u00f3ci\u00f3s k\u00f3d haszn\u00e1lat\u00e1val. T\u00f6bb mint 9 000 esem\u00e9ny \u00e9s t\u00f6bb ezer nyer\u0151g\u00e9p el\u00e9rhet\u0151 minden eszk\u00f6z\u00f6n \u2013 kezdje el mind\u00f6ssze 1 perc alatt!\",\"inLanguage\":\"hu\",\"potentialAction\":[{\"@type\":\"ReadAction\",\"target\":[\"https:\/\/betwinner.team\/hu\/registration\/\"]}]},{\"@type\":\"WebSite\",\"@id\":\"https:\/\/betwinner.team\/hu\/#website\",\"url\":\"https:\/\/betwinner.team\/hu\/\",\"name\":\"Betwinner Team hu\",\"description\":\"\",\"potentialAction\":[{\"@type\":\"SearchAction\",\"target\":{\"@type\":\"EntryPoint\",\"urlTemplate\":\"https:\/\/betwinner.team\/hu\/?s={search_term_string}\"},\"query-input\":{\"@type\":\"PropertyValueSpecification\",\"valueRequired\":true,\"valueName\":\"search_term_string\"}}],\"inLanguage\":\"hu\"}]}<\/script>\n<!-- \/ Yoast SEO plugin. -->","yoast_head_json":{"title":"Betwinner regisztr\u00e1ci\u00f3s \u00fatmutat\u00f3 b\u00f3nusszal Jelenlegi \u00e9v","description":"Gyors regisztr\u00e1ci\u00f3 a Betwinneren \u2714\ufe0f V\u00e1lasszon regisztr\u00e1ci\u00f3s m\u00f3dot (egy kattint\u00e1ssal, telefonon vagy e-mailben), igazolja fi\u00f3kj\u00e1t, \u00e9s szerezzen \u00fcdv\u00f6zl\u0151 b\u00f3nuszt a prom\u00f3ci\u00f3s k\u00f3d haszn\u00e1lat\u00e1val. T\u00f6bb mint 9 000 esem\u00e9ny \u00e9s t\u00f6bb ezer nyer\u0151g\u00e9p el\u00e9rhet\u0151 minden eszk\u00f6z\u00f6n \u2013 kezdje el mind\u00f6ssze 1 perc alatt!","robots":{"index":"index","follow":"follow","max-snippet":"max-snippet:-1","max-image-preview":"max-image-preview:large","max-video-preview":"max-video-preview:-1"},"canonical":"https:\/\/betwinner.team\/hu\/registration\/","og_locale":"hu_HU","og_type":"article","og_title":"Betwinner regisztr\u00e1ci\u00f3s \u00fatmutat\u00f3 b\u00f3nusszal Jelenlegi \u00e9v","og_description":"Gyors regisztr\u00e1ci\u00f3 a Betwinneren \u2714\ufe0f V\u00e1lasszon regisztr\u00e1ci\u00f3s m\u00f3dot (egy kattint\u00e1ssal, telefonon vagy e-mailben), igazolja fi\u00f3kj\u00e1t, \u00e9s szerezzen \u00fcdv\u00f6zl\u0151 b\u00f3nuszt a prom\u00f3ci\u00f3s k\u00f3d haszn\u00e1lat\u00e1val. T\u00f6bb mint 9 000 esem\u00e9ny \u00e9s t\u00f6bb ezer nyer\u0151g\u00e9p el\u00e9rhet\u0151 minden eszk\u00f6z\u00f6n \u2013 kezdje el mind\u00f6ssze 1 perc alatt!","og_url":"https:\/\/betwinner.team\/hu\/registration\/","og_site_name":"Betwinner Team hu","article_modified_time":"2026-03-25T16:44:49+00:00","twitter_card":"summary_large_image","schema":{"@context":"https:\/\/schema.org","@graph":[{"@type":"WebPage","@id":"https:\/\/betwinner.team\/hu\/registration\/","url":"https:\/\/betwinner.team\/hu\/registration\/","name":"Betwinner regisztr\u00e1ci\u00f3s \u00fatmutat\u00f3 b\u00f3nusszal Jelenlegi \u00e9v","isPartOf":{"@id":"https:\/\/betwinner.team\/hu\/#website"},"datePublished":"2026-02-22T05:06:34+00:00","dateModified":"2026-03-25T16:44:49+00:00","description":"Gyors regisztr\u00e1ci\u00f3 a Betwinneren \u2714\ufe0f V\u00e1lasszon regisztr\u00e1ci\u00f3s m\u00f3dot (egy kattint\u00e1ssal, telefonon vagy e-mailben), igazolja fi\u00f3kj\u00e1t, \u00e9s szerezzen \u00fcdv\u00f6zl\u0151 b\u00f3nuszt a prom\u00f3ci\u00f3s k\u00f3d haszn\u00e1lat\u00e1val. T\u00f6bb mint 9 000 esem\u00e9ny \u00e9s t\u00f6bb ezer nyer\u0151g\u00e9p el\u00e9rhet\u0151 minden eszk\u00f6z\u00f6n \u2013 kezdje el mind\u00f6ssze 1 perc alatt!","inLanguage":"hu","potentialAction":[{"@type":"ReadAction","target":["https:\/\/betwinner.team\/hu\/registration\/"]}]},{"@type":"WebSite","@id":"https:\/\/betwinner.team\/hu\/#website","url":"https:\/\/betwinner.team\/hu\/","name":"Betwinner Team hu","description":"","potentialAction":[{"@type":"SearchAction","target":{"@type":"EntryPoint","urlTemplate":"https:\/\/betwinner.team\/hu\/?s={search_term_string}"},"query-input":{"@type":"PropertyValueSpecification","valueRequired":true,"valueName":"search_term_string"}}],"inLanguage":"hu"}]}},"_links":{"self":[{"href":"https:\/\/betwinner.team\/hu\/wp-json\/wp\/v2\/pages\/1543","targetHints":{"allow":["GET"]}}],"collection":[{"href":"https:\/\/betwinner.team\/hu\/wp-json\/wp\/v2\/pages"}],"about":[{"href":"https:\/\/betwinner.team\/hu\/wp-json\/wp\/v2\/types\/page"}],"author":[{"embeddable":true,"href":"https:\/\/betwinner.team\/hu\/wp-json\/wp\/v2\/users\/1"}],"replies":[{"embeddable":true,"href":"https:\/\/betwinner.team\/hu\/wp-json\/wp\/v2\/comments?post=1543"}],"version-history":[{"count":5,"href":"https:\/\/betwinner.team\/hu\/wp-json\/wp\/v2\/pages\/1543\/revisions"}],"predecessor-version":[{"id":1639,"href":"https:\/\/betwinner.team\/hu\/wp-json\/wp\/v2\/pages\/1543\/revisions\/1639"}],"wp:attachment":[{"href":"https:\/\/betwinner.team\/hu\/wp-json\/wp\/v2\/media?parent=1543"}],"curies":[{"name":"wp","href":"https:\/\/api.w.org\/{rel}","templated":true}]}}