{"id":1520,"date":"2026-02-21T15:19:01","date_gmt":"2026-02-21T12:19:01","guid":{"rendered":"https:\/\/betwinner.team\/hu\/?page_id=1520"},"modified":"2026-03-25T20:36:04","modified_gmt":"2026-03-25T17:36:04","slug":"promo-code","status":"publish","type":"page","link":"https:\/\/betwinner.team\/hu\/promo-code\/","title":{"rendered":"Kedvezm\u00e9nyk\u00f3d"},"content":{"rendered":"","protected":false},"excerpt":{"rendered":"","protected":false},"author":1,"featured_media":0,"parent":0,"menu_order":0,"comment_status":"closed","ping_status":"closed","template":"","meta":{"_acf_changed":false,"footnotes":""},"class_list":["post-1520","page","type-page","status-publish","hentry"],"acf":[],"yoast_head":"<!-- This site is optimized with the Yoast SEO plugin v26.9 - https:\/\/yoast.com\/product\/yoast-seo-wordpress\/ -->\n<title>Betwinner prom\u00f3ci\u00f3s k\u00f3dok Jelenlegi \u00e9v\u2705 Aktu\u00e1lis b\u00f3nuszk\u00f3dok<\/title>\n<meta name=\"description\" content=\"Aktiv\u00e1lja a Betwinner prom\u00f3ci\u00f3s k\u00f3djait \u2705 napi k\u00f3dok ingyenes p\u00f6rget\u00e9sekhez \u00e9s p\u00e9nzvisszat\u00e9r\u00edt\u00e9shez. Tudja meg, hol szerezheti be a leg\u00fajabb prom\u00f3ci\u00f3s k\u00f3dokat, hogyan adhatja meg \u0151ket a regisztr\u00e1ci\u00f3 sor\u00e1n, \u00e9s hogyan haszn\u00e1lhatja fel \u0151ket a nyer\u0151g\u00e9peken \u2013 j\u00e1tsszon tov\u00e1bb felesleges k\u00f6lts\u00e9gek n\u00e9lk\u00fcl!\" \/>\n<meta name=\"robots\" content=\"index, follow, max-snippet:-1, max-image-preview:large, max-video-preview:-1\" \/>\n<link rel=\"canonical\" href=\"https:\/\/betwinner.team\/hu\/promo-code\/\" \/>\n<meta property=\"og:locale\" content=\"hu_HU\" \/>\n<meta property=\"og:type\" content=\"article\" \/>\n<meta property=\"og:title\" content=\"Betwinner prom\u00f3ci\u00f3s k\u00f3dok Jelenlegi \u00e9v\u2705 Aktu\u00e1lis b\u00f3nuszk\u00f3dok\" \/>\n<meta property=\"og:description\" content=\"Aktiv\u00e1lja a Betwinner prom\u00f3ci\u00f3s k\u00f3djait \u2705 napi k\u00f3dok ingyenes p\u00f6rget\u00e9sekhez \u00e9s p\u00e9nzvisszat\u00e9r\u00edt\u00e9shez. Tudja meg, hol szerezheti be a leg\u00fajabb prom\u00f3ci\u00f3s k\u00f3dokat, hogyan adhatja meg \u0151ket a regisztr\u00e1ci\u00f3 sor\u00e1n, \u00e9s hogyan haszn\u00e1lhatja fel \u0151ket a nyer\u0151g\u00e9peken \u2013 j\u00e1tsszon tov\u00e1bb felesleges k\u00f6lts\u00e9gek n\u00e9lk\u00fcl!\" \/>\n<meta property=\"og:url\" content=\"https:\/\/betwinner.team\/hu\/promo-code\/\" \/>\n<meta property=\"og:site_name\" content=\"Betwinner Team hu\" \/>\n<meta property=\"article:modified_time\" content=\"2026-03-25T17:36:04+00:00\" \/>\n<meta name=\"twitter:card\" content=\"summary_large_image\" \/>\n<script type=\"application\/ld+json\" class=\"yoast-schema-graph\">{\"@context\":\"https:\/\/schema.org\",\"@graph\":[{\"@type\":\"WebPage\",\"@id\":\"https:\/\/betwinner.team\/hu\/promo-code\/\",\"url\":\"https:\/\/betwinner.team\/hu\/promo-code\/\",\"name\":\"Betwinner prom\u00f3ci\u00f3s k\u00f3dok Jelenlegi \u00e9v\u2705 Aktu\u00e1lis b\u00f3nuszk\u00f3dok\",\"isPartOf\":{\"@id\":\"https:\/\/betwinner.team\/hu\/#website\"},\"datePublished\":\"2026-02-21T12:19:01+00:00\",\"dateModified\":\"2026-03-25T17:36:04+00:00\",\"description\":\"Aktiv\u00e1lja a Betwinner prom\u00f3ci\u00f3s k\u00f3djait \u2705 napi k\u00f3dok ingyenes p\u00f6rget\u00e9sekhez \u00e9s p\u00e9nzvisszat\u00e9r\u00edt\u00e9shez. Tudja meg, hol szerezheti be a leg\u00fajabb prom\u00f3ci\u00f3s k\u00f3dokat, hogyan adhatja meg \u0151ket a regisztr\u00e1ci\u00f3 sor\u00e1n, \u00e9s hogyan haszn\u00e1lhatja fel \u0151ket a nyer\u0151g\u00e9peken \u2013 j\u00e1tsszon tov\u00e1bb felesleges k\u00f6lts\u00e9gek n\u00e9lk\u00fcl!\",\"inLanguage\":\"hu\",\"potentialAction\":[{\"@type\":\"ReadAction\",\"target\":[\"https:\/\/betwinner.team\/hu\/promo-code\/\"]}]},{\"@type\":\"WebSite\",\"@id\":\"https:\/\/betwinner.team\/hu\/#website\",\"url\":\"https:\/\/betwinner.team\/hu\/\",\"name\":\"Betwinner Team hu\",\"description\":\"\",\"potentialAction\":[{\"@type\":\"SearchAction\",\"target\":{\"@type\":\"EntryPoint\",\"urlTemplate\":\"https:\/\/betwinner.team\/hu\/?s={search_term_string}\"},\"query-input\":{\"@type\":\"PropertyValueSpecification\",\"valueRequired\":true,\"valueName\":\"search_term_string\"}}],\"inLanguage\":\"hu\"}]}<\/script>\n<!-- \/ Yoast SEO plugin. -->","yoast_head_json":{"title":"Betwinner prom\u00f3ci\u00f3s k\u00f3dok Jelenlegi \u00e9v\u2705 Aktu\u00e1lis b\u00f3nuszk\u00f3dok","description":"Aktiv\u00e1lja a Betwinner prom\u00f3ci\u00f3s k\u00f3djait \u2705 napi k\u00f3dok ingyenes p\u00f6rget\u00e9sekhez \u00e9s p\u00e9nzvisszat\u00e9r\u00edt\u00e9shez. Tudja meg, hol szerezheti be a leg\u00fajabb prom\u00f3ci\u00f3s k\u00f3dokat, hogyan adhatja meg \u0151ket a regisztr\u00e1ci\u00f3 sor\u00e1n, \u00e9s hogyan haszn\u00e1lhatja fel \u0151ket a nyer\u0151g\u00e9peken \u2013 j\u00e1tsszon tov\u00e1bb felesleges k\u00f6lts\u00e9gek n\u00e9lk\u00fcl!","robots":{"index":"index","follow":"follow","max-snippet":"max-snippet:-1","max-image-preview":"max-image-preview:large","max-video-preview":"max-video-preview:-1"},"canonical":"https:\/\/betwinner.team\/hu\/promo-code\/","og_locale":"hu_HU","og_type":"article","og_title":"Betwinner prom\u00f3ci\u00f3s k\u00f3dok Jelenlegi \u00e9v\u2705 Aktu\u00e1lis b\u00f3nuszk\u00f3dok","og_description":"Aktiv\u00e1lja a Betwinner prom\u00f3ci\u00f3s k\u00f3djait \u2705 napi k\u00f3dok ingyenes p\u00f6rget\u00e9sekhez \u00e9s p\u00e9nzvisszat\u00e9r\u00edt\u00e9shez. Tudja meg, hol szerezheti be a leg\u00fajabb prom\u00f3ci\u00f3s k\u00f3dokat, hogyan adhatja meg \u0151ket a regisztr\u00e1ci\u00f3 sor\u00e1n, \u00e9s hogyan haszn\u00e1lhatja fel \u0151ket a nyer\u0151g\u00e9peken \u2013 j\u00e1tsszon tov\u00e1bb felesleges k\u00f6lts\u00e9gek n\u00e9lk\u00fcl!","og_url":"https:\/\/betwinner.team\/hu\/promo-code\/","og_site_name":"Betwinner Team hu","article_modified_time":"2026-03-25T17:36:04+00:00","twitter_card":"summary_large_image","schema":{"@context":"https:\/\/schema.org","@graph":[{"@type":"WebPage","@id":"https:\/\/betwinner.team\/hu\/promo-code\/","url":"https:\/\/betwinner.team\/hu\/promo-code\/","name":"Betwinner prom\u00f3ci\u00f3s k\u00f3dok Jelenlegi \u00e9v\u2705 Aktu\u00e1lis b\u00f3nuszk\u00f3dok","isPartOf":{"@id":"https:\/\/betwinner.team\/hu\/#website"},"datePublished":"2026-02-21T12:19:01+00:00","dateModified":"2026-03-25T17:36:04+00:00","description":"Aktiv\u00e1lja a Betwinner prom\u00f3ci\u00f3s k\u00f3djait \u2705 napi k\u00f3dok ingyenes p\u00f6rget\u00e9sekhez \u00e9s p\u00e9nzvisszat\u00e9r\u00edt\u00e9shez. Tudja meg, hol szerezheti be a leg\u00fajabb prom\u00f3ci\u00f3s k\u00f3dokat, hogyan adhatja meg \u0151ket a regisztr\u00e1ci\u00f3 sor\u00e1n, \u00e9s hogyan haszn\u00e1lhatja fel \u0151ket a nyer\u0151g\u00e9peken \u2013 j\u00e1tsszon tov\u00e1bb felesleges k\u00f6lts\u00e9gek n\u00e9lk\u00fcl!","inLanguage":"hu","potentialAction":[{"@type":"ReadAction","target":["https:\/\/betwinner.team\/hu\/promo-code\/"]}]},{"@type":"WebSite","@id":"https:\/\/betwinner.team\/hu\/#website","url":"https:\/\/betwinner.team\/hu\/","name":"Betwinner Team hu","description":"","potentialAction":[{"@type":"SearchAction","target":{"@type":"EntryPoint","urlTemplate":"https:\/\/betwinner.team\/hu\/?s={search_term_string}"},"query-input":{"@type":"PropertyValueSpecification","valueRequired":true,"valueName":"search_term_string"}}],"inLanguage":"hu"}]}},"_links":{"self":[{"href":"https:\/\/betwinner.team\/hu\/wp-json\/wp\/v2\/pages\/1520","targetHints":{"allow":["GET"]}}],"collection":[{"href":"https:\/\/betwinner.team\/hu\/wp-json\/wp\/v2\/pages"}],"about":[{"href":"https:\/\/betwinner.team\/hu\/wp-json\/wp\/v2\/types\/page"}],"author":[{"embeddable":true,"href":"https:\/\/betwinner.team\/hu\/wp-json\/wp\/v2\/users\/1"}],"replies":[{"embeddable":true,"href":"https:\/\/betwinner.team\/hu\/wp-json\/wp\/v2\/comments?post=1520"}],"version-history":[{"count":5,"href":"https:\/\/betwinner.team\/hu\/wp-json\/wp\/v2\/pages\/1520\/revisions"}],"predecessor-version":[{"id":1637,"href":"https:\/\/betwinner.team\/hu\/wp-json\/wp\/v2\/pages\/1520\/revisions\/1637"}],"wp:attachment":[{"href":"https:\/\/betwinner.team\/hu\/wp-json\/wp\/v2\/media?parent=1520"}],"curies":[{"name":"wp","href":"https:\/\/api.w.org\/{rel}","templated":true}]}}