{"id":1449,"date":"2026-02-16T18:30:45","date_gmt":"2026-02-16T15:30:45","guid":{"rendered":"https:\/\/betwinner.team\/hu\/?page_id=1449"},"modified":"2026-03-29T10:28:06","modified_gmt":"2026-03-29T07:28:06","slug":"apk","status":"publish","type":"page","link":"https:\/\/betwinner.team\/hu\/apk\/","title":{"rendered":"APK"},"content":{"rendered":"","protected":false},"excerpt":{"rendered":"","protected":false},"author":1,"featured_media":0,"parent":0,"menu_order":0,"comment_status":"closed","ping_status":"closed","template":"","meta":{"_acf_changed":false,"footnotes":""},"class_list":["post-1449","page","type-page","status-publish","hentry"],"acf":[],"yoast_head":"<!-- This site is optimized with the Yoast SEO plugin v26.9 - https:\/\/yoast.com\/product\/yoast-seo-wordpress\/ -->\n<title>Betwinner APK \u2013 T\u00f6ltsd le a hivatalos Android-alkalmaz\u00e1st<\/title>\n<meta name=\"description\" content=\"T\u00f6ltse le ingyen a leg\u00fajabb Betwinner APK-t: egy k\u00e9nyelmes mobilalkalmaz\u00e1s sportfogad\u00e1shoz, kaszin\u00f3hoz \u00e9s \u00e9l\u0151 j\u00e1t\u00e9kokhoz, magas nyerem\u00e9nyszorz\u00f3kkal, azonnali befizet\u00e9sekkel \u00e9s kifizet\u00e9sekkel. Szerezzen ak\u00e1r 100%-os \u00fcdv\u00f6zl\u0151 b\u00f3nuszt az els\u0151 befizet\u00e9s\u00e9n\u00e9l \u2013 regisztr\u00e1ljon, telep\u00edtse az APK-t, \u00e9s fogadjon b\u00e1rhol, b\u00e1rmikor!\" \/>\n<meta name=\"robots\" content=\"index, follow, max-snippet:-1, max-image-preview:large, max-video-preview:-1\" \/>\n<link rel=\"canonical\" href=\"https:\/\/betwinner.team\/hu\/apk\/\" \/>\n<meta property=\"og:locale\" content=\"hu_HU\" \/>\n<meta property=\"og:type\" content=\"article\" \/>\n<meta property=\"og:title\" content=\"Betwinner APK \u2013 T\u00f6ltsd le a hivatalos Android-alkalmaz\u00e1st\" \/>\n<meta property=\"og:description\" content=\"T\u00f6ltse le ingyen a leg\u00fajabb Betwinner APK-t: egy k\u00e9nyelmes mobilalkalmaz\u00e1s sportfogad\u00e1shoz, kaszin\u00f3hoz \u00e9s \u00e9l\u0151 j\u00e1t\u00e9kokhoz, magas nyerem\u00e9nyszorz\u00f3kkal, azonnali befizet\u00e9sekkel \u00e9s kifizet\u00e9sekkel. Szerezzen ak\u00e1r 100%-os \u00fcdv\u00f6zl\u0151 b\u00f3nuszt az els\u0151 befizet\u00e9s\u00e9n\u00e9l \u2013 regisztr\u00e1ljon, telep\u00edtse az APK-t, \u00e9s fogadjon b\u00e1rhol, b\u00e1rmikor!\" \/>\n<meta property=\"og:url\" content=\"https:\/\/betwinner.team\/hu\/apk\/\" \/>\n<meta property=\"og:site_name\" content=\"Betwinner Team hu\" \/>\n<meta property=\"article:modified_time\" content=\"2026-03-29T07:28:06+00:00\" \/>\n<meta name=\"twitter:card\" content=\"summary_large_image\" \/>\n<script type=\"application\/ld+json\" class=\"yoast-schema-graph\">{\"@context\":\"https:\/\/schema.org\",\"@graph\":[{\"@type\":\"WebPage\",\"@id\":\"https:\/\/betwinner.team\/hu\/apk\/\",\"url\":\"https:\/\/betwinner.team\/hu\/apk\/\",\"name\":\"Betwinner APK \u2013 T\u00f6ltsd le a hivatalos Android-alkalmaz\u00e1st\",\"isPartOf\":{\"@id\":\"https:\/\/betwinner.team\/hu\/#website\"},\"datePublished\":\"2026-02-16T15:30:45+00:00\",\"dateModified\":\"2026-03-29T07:28:06+00:00\",\"description\":\"T\u00f6ltse le ingyen a leg\u00fajabb Betwinner APK-t: egy k\u00e9nyelmes mobilalkalmaz\u00e1s sportfogad\u00e1shoz, kaszin\u00f3hoz \u00e9s \u00e9l\u0151 j\u00e1t\u00e9kokhoz, magas nyerem\u00e9nyszorz\u00f3kkal, azonnali befizet\u00e9sekkel \u00e9s kifizet\u00e9sekkel. Szerezzen ak\u00e1r 100%-os \u00fcdv\u00f6zl\u0151 b\u00f3nuszt az els\u0151 befizet\u00e9s\u00e9n\u00e9l \u2013 regisztr\u00e1ljon, telep\u00edtse az APK-t, \u00e9s fogadjon b\u00e1rhol, b\u00e1rmikor!\",\"inLanguage\":\"hu\",\"potentialAction\":[{\"@type\":\"ReadAction\",\"target\":[\"https:\/\/betwinner.team\/hu\/apk\/\"]}]},{\"@type\":\"WebSite\",\"@id\":\"https:\/\/betwinner.team\/hu\/#website\",\"url\":\"https:\/\/betwinner.team\/hu\/\",\"name\":\"Betwinner Team hu\",\"description\":\"\",\"potentialAction\":[{\"@type\":\"SearchAction\",\"target\":{\"@type\":\"EntryPoint\",\"urlTemplate\":\"https:\/\/betwinner.team\/hu\/?s={search_term_string}\"},\"query-input\":{\"@type\":\"PropertyValueSpecification\",\"valueRequired\":true,\"valueName\":\"search_term_string\"}}],\"inLanguage\":\"hu\"}]}<\/script>\n<!-- \/ Yoast SEO plugin. -->","yoast_head_json":{"title":"Betwinner APK \u2013 T\u00f6ltsd le a hivatalos Android-alkalmaz\u00e1st","description":"T\u00f6ltse le ingyen a leg\u00fajabb Betwinner APK-t: egy k\u00e9nyelmes mobilalkalmaz\u00e1s sportfogad\u00e1shoz, kaszin\u00f3hoz \u00e9s \u00e9l\u0151 j\u00e1t\u00e9kokhoz, magas nyerem\u00e9nyszorz\u00f3kkal, azonnali befizet\u00e9sekkel \u00e9s kifizet\u00e9sekkel. Szerezzen ak\u00e1r 100%-os \u00fcdv\u00f6zl\u0151 b\u00f3nuszt az els\u0151 befizet\u00e9s\u00e9n\u00e9l \u2013 regisztr\u00e1ljon, telep\u00edtse az APK-t, \u00e9s fogadjon b\u00e1rhol, b\u00e1rmikor!","robots":{"index":"index","follow":"follow","max-snippet":"max-snippet:-1","max-image-preview":"max-image-preview:large","max-video-preview":"max-video-preview:-1"},"canonical":"https:\/\/betwinner.team\/hu\/apk\/","og_locale":"hu_HU","og_type":"article","og_title":"Betwinner APK \u2013 T\u00f6ltsd le a hivatalos Android-alkalmaz\u00e1st","og_description":"T\u00f6ltse le ingyen a leg\u00fajabb Betwinner APK-t: egy k\u00e9nyelmes mobilalkalmaz\u00e1s sportfogad\u00e1shoz, kaszin\u00f3hoz \u00e9s \u00e9l\u0151 j\u00e1t\u00e9kokhoz, magas nyerem\u00e9nyszorz\u00f3kkal, azonnali befizet\u00e9sekkel \u00e9s kifizet\u00e9sekkel. Szerezzen ak\u00e1r 100%-os \u00fcdv\u00f6zl\u0151 b\u00f3nuszt az els\u0151 befizet\u00e9s\u00e9n\u00e9l \u2013 regisztr\u00e1ljon, telep\u00edtse az APK-t, \u00e9s fogadjon b\u00e1rhol, b\u00e1rmikor!","og_url":"https:\/\/betwinner.team\/hu\/apk\/","og_site_name":"Betwinner Team hu","article_modified_time":"2026-03-29T07:28:06+00:00","twitter_card":"summary_large_image","schema":{"@context":"https:\/\/schema.org","@graph":[{"@type":"WebPage","@id":"https:\/\/betwinner.team\/hu\/apk\/","url":"https:\/\/betwinner.team\/hu\/apk\/","name":"Betwinner APK \u2013 T\u00f6ltsd le a hivatalos Android-alkalmaz\u00e1st","isPartOf":{"@id":"https:\/\/betwinner.team\/hu\/#website"},"datePublished":"2026-02-16T15:30:45+00:00","dateModified":"2026-03-29T07:28:06+00:00","description":"T\u00f6ltse le ingyen a leg\u00fajabb Betwinner APK-t: egy k\u00e9nyelmes mobilalkalmaz\u00e1s sportfogad\u00e1shoz, kaszin\u00f3hoz \u00e9s \u00e9l\u0151 j\u00e1t\u00e9kokhoz, magas nyerem\u00e9nyszorz\u00f3kkal, azonnali befizet\u00e9sekkel \u00e9s kifizet\u00e9sekkel. Szerezzen ak\u00e1r 100%-os \u00fcdv\u00f6zl\u0151 b\u00f3nuszt az els\u0151 befizet\u00e9s\u00e9n\u00e9l \u2013 regisztr\u00e1ljon, telep\u00edtse az APK-t, \u00e9s fogadjon b\u00e1rhol, b\u00e1rmikor!","inLanguage":"hu","potentialAction":[{"@type":"ReadAction","target":["https:\/\/betwinner.team\/hu\/apk\/"]}]},{"@type":"WebSite","@id":"https:\/\/betwinner.team\/hu\/#website","url":"https:\/\/betwinner.team\/hu\/","name":"Betwinner Team hu","description":"","potentialAction":[{"@type":"SearchAction","target":{"@type":"EntryPoint","urlTemplate":"https:\/\/betwinner.team\/hu\/?s={search_term_string}"},"query-input":{"@type":"PropertyValueSpecification","valueRequired":true,"valueName":"search_term_string"}}],"inLanguage":"hu"}]}},"_links":{"self":[{"href":"https:\/\/betwinner.team\/hu\/wp-json\/wp\/v2\/pages\/1449","targetHints":{"allow":["GET"]}}],"collection":[{"href":"https:\/\/betwinner.team\/hu\/wp-json\/wp\/v2\/pages"}],"about":[{"href":"https:\/\/betwinner.team\/hu\/wp-json\/wp\/v2\/types\/page"}],"author":[{"embeddable":true,"href":"https:\/\/betwinner.team\/hu\/wp-json\/wp\/v2\/users\/1"}],"replies":[{"embeddable":true,"href":"https:\/\/betwinner.team\/hu\/wp-json\/wp\/v2\/comments?post=1449"}],"version-history":[{"count":4,"href":"https:\/\/betwinner.team\/hu\/wp-json\/wp\/v2\/pages\/1449\/revisions"}],"predecessor-version":[{"id":1623,"href":"https:\/\/betwinner.team\/hu\/wp-json\/wp\/v2\/pages\/1449\/revisions\/1623"}],"wp:attachment":[{"href":"https:\/\/betwinner.team\/hu\/wp-json\/wp\/v2\/media?parent=1449"}],"curies":[{"name":"wp","href":"https:\/\/api.w.org\/{rel}","templated":true}]}}