{"id":1423,"date":"2026-02-11T12:28:48","date_gmt":"2026-02-11T09:28:48","guid":{"rendered":"https:\/\/betwinner.team\/hu\/?page_id=1423"},"modified":"2026-03-25T20:10:09","modified_gmt":"2026-03-25T17:10:09","slug":"app","status":"publish","type":"page","link":"https:\/\/betwinner.team\/hu\/app\/","title":{"rendered":"Alkalmaz\u00e1s"},"content":{"rendered":"","protected":false},"excerpt":{"rendered":"","protected":false},"author":1,"featured_media":0,"parent":0,"menu_order":0,"comment_status":"closed","ping_status":"closed","template":"","meta":{"_acf_changed":false,"footnotes":""},"class_list":["post-1423","page","type-page","status-publish","hentry"],"acf":[],"yoast_head":"<!-- This site is optimized with the Yoast SEO plugin v26.9 - https:\/\/yoast.com\/product\/yoast-seo-wordpress\/ -->\n<title>T\u00f6ltse le a Betwinner alkalmaz\u00e1st \u2013 Fogad\u00e1sok \u00e9s kaszin\u00f3 Androidon\/iOS-on<\/title>\n<meta name=\"description\" content=\"A Betwinner hivatalos alkalmaz\u00e1sa Androidra \u00e9s iOS-ra: \u00e9l\u0151 fogad\u00e1sok t\u00f6bb mint 1000 esem\u00e9nyre, kaszin\u00f3 j\u00e1t\u00e9kg\u00e9pek, gyors kifizet\u00e9sek \u00e9s a legn\u00e9pszer\u0171bb sport\u00e1gak egyetlen kattint\u00e1ssal. T\u00f6ltsd le ingyen az alkalmaz\u00e1st, regisztr\u00e1lj prom\u00f3ci\u00f3s k\u00f3ddal, \u00e9s szerezd meg az ak\u00e1r 100%-os \u00fcdv\u00f6zl\u0151 b\u00f3nuszt + cashbacket \u2013 j\u00e1tssz k\u00e9sedelem n\u00e9lk\u00fcl b\u00e1rhol!\" \/>\n<meta name=\"robots\" content=\"index, follow, max-snippet:-1, max-image-preview:large, max-video-preview:-1\" \/>\n<link rel=\"canonical\" href=\"https:\/\/betwinner.team\/hu\/app\/\" \/>\n<meta property=\"og:locale\" content=\"hu_HU\" \/>\n<meta property=\"og:type\" content=\"article\" \/>\n<meta property=\"og:title\" content=\"T\u00f6ltse le a Betwinner alkalmaz\u00e1st \u2013 Fogad\u00e1sok \u00e9s kaszin\u00f3 Androidon\/iOS-on\" \/>\n<meta property=\"og:description\" content=\"A Betwinner hivatalos alkalmaz\u00e1sa Androidra \u00e9s iOS-ra: \u00e9l\u0151 fogad\u00e1sok t\u00f6bb mint 1000 esem\u00e9nyre, kaszin\u00f3 j\u00e1t\u00e9kg\u00e9pek, gyors kifizet\u00e9sek \u00e9s a legn\u00e9pszer\u0171bb sport\u00e1gak egyetlen kattint\u00e1ssal. T\u00f6ltsd le ingyen az alkalmaz\u00e1st, regisztr\u00e1lj prom\u00f3ci\u00f3s k\u00f3ddal, \u00e9s szerezd meg az ak\u00e1r 100%-os \u00fcdv\u00f6zl\u0151 b\u00f3nuszt + cashbacket \u2013 j\u00e1tssz k\u00e9sedelem n\u00e9lk\u00fcl b\u00e1rhol!\" \/>\n<meta property=\"og:url\" content=\"https:\/\/betwinner.team\/hu\/app\/\" \/>\n<meta property=\"og:site_name\" content=\"Betwinner Team hu\" \/>\n<meta property=\"article:modified_time\" content=\"2026-03-25T17:10:09+00:00\" \/>\n<meta name=\"twitter:card\" content=\"summary_large_image\" \/>\n<script type=\"application\/ld+json\" class=\"yoast-schema-graph\">{\"@context\":\"https:\/\/schema.org\",\"@graph\":[{\"@type\":\"WebPage\",\"@id\":\"https:\/\/betwinner.team\/hu\/app\/\",\"url\":\"https:\/\/betwinner.team\/hu\/app\/\",\"name\":\"T\u00f6ltse le a Betwinner alkalmaz\u00e1st \u2013 Fogad\u00e1sok \u00e9s kaszin\u00f3 Androidon\/iOS-on\",\"isPartOf\":{\"@id\":\"https:\/\/betwinner.team\/hu\/#website\"},\"datePublished\":\"2026-02-11T09:28:48+00:00\",\"dateModified\":\"2026-03-25T17:10:09+00:00\",\"description\":\"A Betwinner hivatalos alkalmaz\u00e1sa Androidra \u00e9s iOS-ra: \u00e9l\u0151 fogad\u00e1sok t\u00f6bb mint 1000 esem\u00e9nyre, kaszin\u00f3 j\u00e1t\u00e9kg\u00e9pek, gyors kifizet\u00e9sek \u00e9s a legn\u00e9pszer\u0171bb sport\u00e1gak egyetlen kattint\u00e1ssal. T\u00f6ltsd le ingyen az alkalmaz\u00e1st, regisztr\u00e1lj prom\u00f3ci\u00f3s k\u00f3ddal, \u00e9s szerezd meg az ak\u00e1r 100%-os \u00fcdv\u00f6zl\u0151 b\u00f3nuszt + cashbacket \u2013 j\u00e1tssz k\u00e9sedelem n\u00e9lk\u00fcl b\u00e1rhol!\",\"inLanguage\":\"hu\",\"potentialAction\":[{\"@type\":\"ReadAction\",\"target\":[\"https:\/\/betwinner.team\/hu\/app\/\"]}]},{\"@type\":\"WebSite\",\"@id\":\"https:\/\/betwinner.team\/hu\/#website\",\"url\":\"https:\/\/betwinner.team\/hu\/\",\"name\":\"Betwinner Team hu\",\"description\":\"\",\"potentialAction\":[{\"@type\":\"SearchAction\",\"target\":{\"@type\":\"EntryPoint\",\"urlTemplate\":\"https:\/\/betwinner.team\/hu\/?s={search_term_string}\"},\"query-input\":{\"@type\":\"PropertyValueSpecification\",\"valueRequired\":true,\"valueName\":\"search_term_string\"}}],\"inLanguage\":\"hu\"}]}<\/script>\n<!-- \/ Yoast SEO plugin. -->","yoast_head_json":{"title":"T\u00f6ltse le a Betwinner alkalmaz\u00e1st \u2013 Fogad\u00e1sok \u00e9s kaszin\u00f3 Androidon\/iOS-on","description":"A Betwinner hivatalos alkalmaz\u00e1sa Androidra \u00e9s iOS-ra: \u00e9l\u0151 fogad\u00e1sok t\u00f6bb mint 1000 esem\u00e9nyre, kaszin\u00f3 j\u00e1t\u00e9kg\u00e9pek, gyors kifizet\u00e9sek \u00e9s a legn\u00e9pszer\u0171bb sport\u00e1gak egyetlen kattint\u00e1ssal. T\u00f6ltsd le ingyen az alkalmaz\u00e1st, regisztr\u00e1lj prom\u00f3ci\u00f3s k\u00f3ddal, \u00e9s szerezd meg az ak\u00e1r 100%-os \u00fcdv\u00f6zl\u0151 b\u00f3nuszt + cashbacket \u2013 j\u00e1tssz k\u00e9sedelem n\u00e9lk\u00fcl b\u00e1rhol!","robots":{"index":"index","follow":"follow","max-snippet":"max-snippet:-1","max-image-preview":"max-image-preview:large","max-video-preview":"max-video-preview:-1"},"canonical":"https:\/\/betwinner.team\/hu\/app\/","og_locale":"hu_HU","og_type":"article","og_title":"T\u00f6ltse le a Betwinner alkalmaz\u00e1st \u2013 Fogad\u00e1sok \u00e9s kaszin\u00f3 Androidon\/iOS-on","og_description":"A Betwinner hivatalos alkalmaz\u00e1sa Androidra \u00e9s iOS-ra: \u00e9l\u0151 fogad\u00e1sok t\u00f6bb mint 1000 esem\u00e9nyre, kaszin\u00f3 j\u00e1t\u00e9kg\u00e9pek, gyors kifizet\u00e9sek \u00e9s a legn\u00e9pszer\u0171bb sport\u00e1gak egyetlen kattint\u00e1ssal. T\u00f6ltsd le ingyen az alkalmaz\u00e1st, regisztr\u00e1lj prom\u00f3ci\u00f3s k\u00f3ddal, \u00e9s szerezd meg az ak\u00e1r 100%-os \u00fcdv\u00f6zl\u0151 b\u00f3nuszt + cashbacket \u2013 j\u00e1tssz k\u00e9sedelem n\u00e9lk\u00fcl b\u00e1rhol!","og_url":"https:\/\/betwinner.team\/hu\/app\/","og_site_name":"Betwinner Team hu","article_modified_time":"2026-03-25T17:10:09+00:00","twitter_card":"summary_large_image","schema":{"@context":"https:\/\/schema.org","@graph":[{"@type":"WebPage","@id":"https:\/\/betwinner.team\/hu\/app\/","url":"https:\/\/betwinner.team\/hu\/app\/","name":"T\u00f6ltse le a Betwinner alkalmaz\u00e1st \u2013 Fogad\u00e1sok \u00e9s kaszin\u00f3 Androidon\/iOS-on","isPartOf":{"@id":"https:\/\/betwinner.team\/hu\/#website"},"datePublished":"2026-02-11T09:28:48+00:00","dateModified":"2026-03-25T17:10:09+00:00","description":"A Betwinner hivatalos alkalmaz\u00e1sa Androidra \u00e9s iOS-ra: \u00e9l\u0151 fogad\u00e1sok t\u00f6bb mint 1000 esem\u00e9nyre, kaszin\u00f3 j\u00e1t\u00e9kg\u00e9pek, gyors kifizet\u00e9sek \u00e9s a legn\u00e9pszer\u0171bb sport\u00e1gak egyetlen kattint\u00e1ssal. T\u00f6ltsd le ingyen az alkalmaz\u00e1st, regisztr\u00e1lj prom\u00f3ci\u00f3s k\u00f3ddal, \u00e9s szerezd meg az ak\u00e1r 100%-os \u00fcdv\u00f6zl\u0151 b\u00f3nuszt + cashbacket \u2013 j\u00e1tssz k\u00e9sedelem n\u00e9lk\u00fcl b\u00e1rhol!","inLanguage":"hu","potentialAction":[{"@type":"ReadAction","target":["https:\/\/betwinner.team\/hu\/app\/"]}]},{"@type":"WebSite","@id":"https:\/\/betwinner.team\/hu\/#website","url":"https:\/\/betwinner.team\/hu\/","name":"Betwinner Team hu","description":"","potentialAction":[{"@type":"SearchAction","target":{"@type":"EntryPoint","urlTemplate":"https:\/\/betwinner.team\/hu\/?s={search_term_string}"},"query-input":{"@type":"PropertyValueSpecification","valueRequired":true,"valueName":"search_term_string"}}],"inLanguage":"hu"}]}},"_links":{"self":[{"href":"https:\/\/betwinner.team\/hu\/wp-json\/wp\/v2\/pages\/1423","targetHints":{"allow":["GET"]}}],"collection":[{"href":"https:\/\/betwinner.team\/hu\/wp-json\/wp\/v2\/pages"}],"about":[{"href":"https:\/\/betwinner.team\/hu\/wp-json\/wp\/v2\/types\/page"}],"author":[{"embeddable":true,"href":"https:\/\/betwinner.team\/hu\/wp-json\/wp\/v2\/users\/1"}],"replies":[{"embeddable":true,"href":"https:\/\/betwinner.team\/hu\/wp-json\/wp\/v2\/comments?post=1423"}],"version-history":[{"count":5,"href":"https:\/\/betwinner.team\/hu\/wp-json\/wp\/v2\/pages\/1423\/revisions"}],"predecessor-version":[{"id":1641,"href":"https:\/\/betwinner.team\/hu\/wp-json\/wp\/v2\/pages\/1423\/revisions\/1641"}],"wp:attachment":[{"href":"https:\/\/betwinner.team\/hu\/wp-json\/wp\/v2\/media?parent=1423"}],"curies":[{"name":"wp","href":"https:\/\/api.w.org\/{rel}","templated":true}]}}