{"id":1086,"date":"2025-11-15T16:52:15","date_gmt":"2025-11-15T13:52:15","guid":{"rendered":"https:\/\/betwinner.team\/hu\/?page_id=1086"},"modified":"2026-03-25T20:24:17","modified_gmt":"2026-03-25T17:24:17","slug":"home","status":"publish","type":"page","link":"https:\/\/betwinner.team\/hu\/","title":{"rendered":"F\u0151oldal"},"content":{"rendered":"","protected":false},"excerpt":{"rendered":"","protected":false},"author":1,"featured_media":0,"parent":0,"menu_order":0,"comment_status":"closed","ping_status":"closed","template":"","meta":{"_acf_changed":false,"footnotes":""},"class_list":["post-1086","page","type-page","status-publish","hentry"],"acf":[],"yoast_head":"<!-- This site is optimized with the Yoast SEO plugin v26.9 - https:\/\/yoast.com\/product\/yoast-seo-wordpress\/ -->\n<title>Betwinner fogad\u00e1sok \u00e9s kaszin\u00f3 \u2014 Ak\u00e1r 600 000 HUF b\u00f3nusz \u1409 Regisztr\u00e1ci\u00f3<\/title>\n<meta name=\"description\" content=\"A Betwinner egy vezet\u0151 fogad\u00f3iroda, amely sz\u00e9les k\u00f6r\u0171 sportfogad\u00e1si lehet\u0151s\u00e9geket, \u00e9l\u0151 k\u00f6zvet\u00edt\u00e9seket, e-sportokat \u00e9s kaszin\u00f3 j\u00e1t\u00e9kg\u00e9peket k\u00edn\u00e1l. Ak\u00e1r 600 000 HUF \u00fcdv\u00f6zl\u0151 b\u00f3nusz, ingyenes fogad\u00e1sok \u00e9s prom\u00f3ci\u00f3k v\u00e1rnak r\u00e1d; felhaszn\u00e1l\u00f3bar\u00e1t weboldal, gyors kifizet\u00e9sek \u00e9s t\u00f6bb mint 100 befizet\u00e9si m\u00f3d. Elemezz\u00fck az el\u0151ny\u00f6ket, h\u00e1tr\u00e1nyokat, a felhaszn\u00e1l\u00f3i v\u00e9lem\u00e9nyeket, valamint azt, hogyan hozhatod ki a legt\u00f6bbet a Betwinnerb\u0151l.\" \/>\n<meta name=\"robots\" content=\"index, follow, max-snippet:-1, max-image-preview:large, max-video-preview:-1\" \/>\n<link rel=\"canonical\" href=\"https:\/\/betwinner.team\/hu\/\" \/>\n<meta property=\"og:locale\" content=\"hu_HU\" \/>\n<meta property=\"og:type\" content=\"article\" \/>\n<meta property=\"og:title\" content=\"Betwinner fogad\u00e1sok \u00e9s kaszin\u00f3 \u2014 Ak\u00e1r 600 000 HUF b\u00f3nusz \u1409 Regisztr\u00e1ci\u00f3\" \/>\n<meta property=\"og:description\" content=\"A Betwinner egy vezet\u0151 fogad\u00f3iroda, amely sz\u00e9les k\u00f6r\u0171 sportfogad\u00e1si lehet\u0151s\u00e9geket, \u00e9l\u0151 k\u00f6zvet\u00edt\u00e9seket, e-sportokat \u00e9s kaszin\u00f3 j\u00e1t\u00e9kg\u00e9peket k\u00edn\u00e1l. Ak\u00e1r 600 000 HUF \u00fcdv\u00f6zl\u0151 b\u00f3nusz, ingyenes fogad\u00e1sok \u00e9s prom\u00f3ci\u00f3k v\u00e1rnak r\u00e1d; felhaszn\u00e1l\u00f3bar\u00e1t weboldal, gyors kifizet\u00e9sek \u00e9s t\u00f6bb mint 100 befizet\u00e9si m\u00f3d. Elemezz\u00fck az el\u0151ny\u00f6ket, h\u00e1tr\u00e1nyokat, a felhaszn\u00e1l\u00f3i v\u00e9lem\u00e9nyeket, valamint azt, hogyan hozhatod ki a legt\u00f6bbet a Betwinnerb\u0151l.\" \/>\n<meta property=\"og:url\" content=\"https:\/\/betwinner.team\/hu\/\" \/>\n<meta property=\"og:site_name\" content=\"Betwinner Team hu\" \/>\n<meta property=\"article:modified_time\" content=\"2026-03-25T17:24:17+00:00\" \/>\n<meta name=\"twitter:card\" content=\"summary_large_image\" \/>\n<script type=\"application\/ld+json\" class=\"yoast-schema-graph\">{\"@context\":\"https:\/\/schema.org\",\"@graph\":[{\"@type\":\"WebPage\",\"@id\":\"https:\/\/betwinner.team\/hu\/\",\"url\":\"https:\/\/betwinner.team\/hu\/\",\"name\":\"Betwinner fogad\u00e1sok \u00e9s kaszin\u00f3 \u2014 Ak\u00e1r 600 000 HUF b\u00f3nusz \u1409 Regisztr\u00e1ci\u00f3\",\"isPartOf\":{\"@id\":\"https:\/\/betwinner.team\/hu\/#website\"},\"datePublished\":\"2025-11-15T13:52:15+00:00\",\"dateModified\":\"2026-03-25T17:24:17+00:00\",\"description\":\"A Betwinner egy vezet\u0151 fogad\u00f3iroda, amely sz\u00e9les k\u00f6r\u0171 sportfogad\u00e1si lehet\u0151s\u00e9geket, \u00e9l\u0151 k\u00f6zvet\u00edt\u00e9seket, e-sportokat \u00e9s kaszin\u00f3 j\u00e1t\u00e9kg\u00e9peket k\u00edn\u00e1l. Ak\u00e1r 600 000 HUF \u00fcdv\u00f6zl\u0151 b\u00f3nusz, ingyenes fogad\u00e1sok \u00e9s prom\u00f3ci\u00f3k v\u00e1rnak r\u00e1d; felhaszn\u00e1l\u00f3bar\u00e1t weboldal, gyors kifizet\u00e9sek \u00e9s t\u00f6bb mint 100 befizet\u00e9si m\u00f3d. Elemezz\u00fck az el\u0151ny\u00f6ket, h\u00e1tr\u00e1nyokat, a felhaszn\u00e1l\u00f3i v\u00e9lem\u00e9nyeket, valamint azt, hogyan hozhatod ki a legt\u00f6bbet a Betwinnerb\u0151l.\",\"inLanguage\":\"hu\",\"potentialAction\":[{\"@type\":\"ReadAction\",\"target\":[\"https:\/\/betwinner.team\/hu\/\"]}]},{\"@type\":\"WebSite\",\"@id\":\"https:\/\/betwinner.team\/hu\/#website\",\"url\":\"https:\/\/betwinner.team\/hu\/\",\"name\":\"Betwinner Team hu\",\"description\":\"\",\"potentialAction\":[{\"@type\":\"SearchAction\",\"target\":{\"@type\":\"EntryPoint\",\"urlTemplate\":\"https:\/\/betwinner.team\/hu\/?s={search_term_string}\"},\"query-input\":{\"@type\":\"PropertyValueSpecification\",\"valueRequired\":true,\"valueName\":\"search_term_string\"}}],\"inLanguage\":\"hu\"}]}<\/script>\n<!-- \/ Yoast SEO plugin. -->","yoast_head_json":{"title":"Betwinner fogad\u00e1sok \u00e9s kaszin\u00f3 \u2014 Ak\u00e1r 600 000 HUF b\u00f3nusz \u1409 Regisztr\u00e1ci\u00f3","description":"A Betwinner egy vezet\u0151 fogad\u00f3iroda, amely sz\u00e9les k\u00f6r\u0171 sportfogad\u00e1si lehet\u0151s\u00e9geket, \u00e9l\u0151 k\u00f6zvet\u00edt\u00e9seket, e-sportokat \u00e9s kaszin\u00f3 j\u00e1t\u00e9kg\u00e9peket k\u00edn\u00e1l. Ak\u00e1r 600 000 HUF \u00fcdv\u00f6zl\u0151 b\u00f3nusz, ingyenes fogad\u00e1sok \u00e9s prom\u00f3ci\u00f3k v\u00e1rnak r\u00e1d; felhaszn\u00e1l\u00f3bar\u00e1t weboldal, gyors kifizet\u00e9sek \u00e9s t\u00f6bb mint 100 befizet\u00e9si m\u00f3d. Elemezz\u00fck az el\u0151ny\u00f6ket, h\u00e1tr\u00e1nyokat, a felhaszn\u00e1l\u00f3i v\u00e9lem\u00e9nyeket, valamint azt, hogyan hozhatod ki a legt\u00f6bbet a Betwinnerb\u0151l.","robots":{"index":"index","follow":"follow","max-snippet":"max-snippet:-1","max-image-preview":"max-image-preview:large","max-video-preview":"max-video-preview:-1"},"canonical":"https:\/\/betwinner.team\/hu\/","og_locale":"hu_HU","og_type":"article","og_title":"Betwinner fogad\u00e1sok \u00e9s kaszin\u00f3 \u2014 Ak\u00e1r 600 000 HUF b\u00f3nusz \u1409 Regisztr\u00e1ci\u00f3","og_description":"A Betwinner egy vezet\u0151 fogad\u00f3iroda, amely sz\u00e9les k\u00f6r\u0171 sportfogad\u00e1si lehet\u0151s\u00e9geket, \u00e9l\u0151 k\u00f6zvet\u00edt\u00e9seket, e-sportokat \u00e9s kaszin\u00f3 j\u00e1t\u00e9kg\u00e9peket k\u00edn\u00e1l. Ak\u00e1r 600 000 HUF \u00fcdv\u00f6zl\u0151 b\u00f3nusz, ingyenes fogad\u00e1sok \u00e9s prom\u00f3ci\u00f3k v\u00e1rnak r\u00e1d; felhaszn\u00e1l\u00f3bar\u00e1t weboldal, gyors kifizet\u00e9sek \u00e9s t\u00f6bb mint 100 befizet\u00e9si m\u00f3d. Elemezz\u00fck az el\u0151ny\u00f6ket, h\u00e1tr\u00e1nyokat, a felhaszn\u00e1l\u00f3i v\u00e9lem\u00e9nyeket, valamint azt, hogyan hozhatod ki a legt\u00f6bbet a Betwinnerb\u0151l.","og_url":"https:\/\/betwinner.team\/hu\/","og_site_name":"Betwinner Team hu","article_modified_time":"2026-03-25T17:24:17+00:00","twitter_card":"summary_large_image","schema":{"@context":"https:\/\/schema.org","@graph":[{"@type":"WebPage","@id":"https:\/\/betwinner.team\/hu\/","url":"https:\/\/betwinner.team\/hu\/","name":"Betwinner fogad\u00e1sok \u00e9s kaszin\u00f3 \u2014 Ak\u00e1r 600 000 HUF b\u00f3nusz \u1409 Regisztr\u00e1ci\u00f3","isPartOf":{"@id":"https:\/\/betwinner.team\/hu\/#website"},"datePublished":"2025-11-15T13:52:15+00:00","dateModified":"2026-03-25T17:24:17+00:00","description":"A Betwinner egy vezet\u0151 fogad\u00f3iroda, amely sz\u00e9les k\u00f6r\u0171 sportfogad\u00e1si lehet\u0151s\u00e9geket, \u00e9l\u0151 k\u00f6zvet\u00edt\u00e9seket, e-sportokat \u00e9s kaszin\u00f3 j\u00e1t\u00e9kg\u00e9peket k\u00edn\u00e1l. Ak\u00e1r 600 000 HUF \u00fcdv\u00f6zl\u0151 b\u00f3nusz, ingyenes fogad\u00e1sok \u00e9s prom\u00f3ci\u00f3k v\u00e1rnak r\u00e1d; felhaszn\u00e1l\u00f3bar\u00e1t weboldal, gyors kifizet\u00e9sek \u00e9s t\u00f6bb mint 100 befizet\u00e9si m\u00f3d. Elemezz\u00fck az el\u0151ny\u00f6ket, h\u00e1tr\u00e1nyokat, a felhaszn\u00e1l\u00f3i v\u00e9lem\u00e9nyeket, valamint azt, hogyan hozhatod ki a legt\u00f6bbet a Betwinnerb\u0151l.","inLanguage":"hu","potentialAction":[{"@type":"ReadAction","target":["https:\/\/betwinner.team\/hu\/"]}]},{"@type":"WebSite","@id":"https:\/\/betwinner.team\/hu\/#website","url":"https:\/\/betwinner.team\/hu\/","name":"Betwinner Team hu","description":"","potentialAction":[{"@type":"SearchAction","target":{"@type":"EntryPoint","urlTemplate":"https:\/\/betwinner.team\/hu\/?s={search_term_string}"},"query-input":{"@type":"PropertyValueSpecification","valueRequired":true,"valueName":"search_term_string"}}],"inLanguage":"hu"}]}},"_links":{"self":[{"href":"https:\/\/betwinner.team\/hu\/wp-json\/wp\/v2\/pages\/1086","targetHints":{"allow":["GET"]}}],"collection":[{"href":"https:\/\/betwinner.team\/hu\/wp-json\/wp\/v2\/pages"}],"about":[{"href":"https:\/\/betwinner.team\/hu\/wp-json\/wp\/v2\/types\/page"}],"author":[{"embeddable":true,"href":"https:\/\/betwinner.team\/hu\/wp-json\/wp\/v2\/users\/1"}],"replies":[{"embeddable":true,"href":"https:\/\/betwinner.team\/hu\/wp-json\/wp\/v2\/comments?post=1086"}],"version-history":[{"count":5,"href":"https:\/\/betwinner.team\/hu\/wp-json\/wp\/v2\/pages\/1086\/revisions"}],"predecessor-version":[{"id":1642,"href":"https:\/\/betwinner.team\/hu\/wp-json\/wp\/v2\/pages\/1086\/revisions\/1642"}],"wp:attachment":[{"href":"https:\/\/betwinner.team\/hu\/wp-json\/wp\/v2\/media?parent=1086"}],"curies":[{"name":"wp","href":"https:\/\/api.w.org\/{rel}","templated":true}]}}