{"id":1582,"date":"2026-02-23T08:00:50","date_gmt":"2026-02-23T05:00:50","guid":{"rendered":"https:\/\/betwinner.team\/cm\/?page_id=1582"},"modified":"2026-03-27T21:10:10","modified_gmt":"2026-03-27T18:10:10","slug":"login","status":"publish","type":"page","link":"https:\/\/betwinner.team\/cm\/login\/","title":{"rendered":"Connexion"},"content":{"rendered":"","protected":false},"excerpt":{"rendered":"","protected":false},"author":1,"featured_media":0,"parent":0,"menu_order":0,"comment_status":"closed","ping_status":"closed","template":"","meta":{"_acf_changed":false,"footnotes":""},"class_list":["post-1582","page","type-page","status-publish","hentry"],"acf":[],"yoast_head":"<!-- This site is optimized with the Yoast SEO plugin v26.9 - https:\/\/yoast.com\/product\/yoast-seo-wordpress\/ -->\n<title>Connexion \u00e0 Betwinner \u2714\ufe0f Acc\u00e8s \u00e0 votre compte personnel et r\u00e9cup\u00e9ration<\/title>\n<meta name=\"description\" content=\"Connexion rapide \u00e0 votre compte Betwinner Cameroun \u2714\ufe0f Utilisez votre identifiant\/mot de passe, le code QR ou vos donn\u00e9es biom\u00e9triques sur votre PC, Android ou iOS. Si vous avez oubli\u00e9 votre mot de passe, vous pouvez le r\u00e9cup\u00e9rer en 1 minute. Synchronisation sur tous vos appareils, pas de comptes multiples \u2014 acc\u00e9dez aux paris et aux jeux de casino en un seul clic !\" \/>\n<meta name=\"robots\" content=\"index, follow, max-snippet:-1, max-image-preview:large, max-video-preview:-1\" \/>\n<link rel=\"canonical\" href=\"https:\/\/betwinner.team\/cm\/login\/\" \/>\n<meta property=\"og:locale\" content=\"fr_FR\" \/>\n<meta property=\"og:type\" content=\"article\" \/>\n<meta property=\"og:title\" content=\"Connexion \u00e0 Betwinner \u2714\ufe0f Acc\u00e8s \u00e0 votre compte personnel et r\u00e9cup\u00e9ration\" \/>\n<meta property=\"og:description\" content=\"Connexion rapide \u00e0 votre compte Betwinner Cameroun \u2714\ufe0f Utilisez votre identifiant\/mot de passe, le code QR ou vos donn\u00e9es biom\u00e9triques sur votre PC, Android ou iOS. Si vous avez oubli\u00e9 votre mot de passe, vous pouvez le r\u00e9cup\u00e9rer en 1 minute. Synchronisation sur tous vos appareils, pas de comptes multiples \u2014 acc\u00e9dez aux paris et aux jeux de casino en un seul clic !\" \/>\n<meta property=\"og:url\" content=\"https:\/\/betwinner.team\/cm\/login\/\" \/>\n<meta property=\"og:site_name\" content=\"Betwinner Team CM\" \/>\n<meta property=\"article:modified_time\" content=\"2026-03-27T18:10:10+00:00\" \/>\n<meta name=\"twitter:card\" content=\"summary_large_image\" \/>\n<script type=\"application\/ld+json\" class=\"yoast-schema-graph\">{\"@context\":\"https:\/\/schema.org\",\"@graph\":[{\"@type\":\"WebPage\",\"@id\":\"https:\/\/betwinner.team\/cm\/login\/\",\"url\":\"https:\/\/betwinner.team\/cm\/login\/\",\"name\":\"Connexion \u00e0 Betwinner \u2714\ufe0f Acc\u00e8s \u00e0 votre compte personnel et r\u00e9cup\u00e9ration\",\"isPartOf\":{\"@id\":\"http:\/\/betwinner.team\/cm\/#website\"},\"datePublished\":\"2026-02-23T05:00:50+00:00\",\"dateModified\":\"2026-03-27T18:10:10+00:00\",\"description\":\"Connexion rapide \u00e0 votre compte Betwinner Cameroun \u2714\ufe0f Utilisez votre identifiant\/mot de passe, le code QR ou vos donn\u00e9es biom\u00e9triques sur votre PC, Android ou iOS. Si vous avez oubli\u00e9 votre mot de passe, vous pouvez le r\u00e9cup\u00e9rer en 1 minute. Synchronisation sur tous vos appareils, pas de comptes multiples \u2014 acc\u00e9dez aux paris et aux jeux de casino en un seul clic !\",\"inLanguage\":\"fr-CM\",\"potentialAction\":[{\"@type\":\"ReadAction\",\"target\":[\"https:\/\/betwinner.team\/cm\/login\/\"]}]},{\"@type\":\"WebSite\",\"@id\":\"http:\/\/betwinner.team\/cm\/#website\",\"url\":\"http:\/\/betwinner.team\/cm\/\",\"name\":\"Betwinner Team CM\",\"description\":\"\",\"potentialAction\":[{\"@type\":\"SearchAction\",\"target\":{\"@type\":\"EntryPoint\",\"urlTemplate\":\"http:\/\/betwinner.team\/cm\/?s={search_term_string}\"},\"query-input\":{\"@type\":\"PropertyValueSpecification\",\"valueRequired\":true,\"valueName\":\"search_term_string\"}}],\"inLanguage\":\"fr-CM\"}]}<\/script>\n<!-- \/ Yoast SEO plugin. -->","yoast_head_json":{"title":"Connexion \u00e0 Betwinner \u2714\ufe0f Acc\u00e8s \u00e0 votre compte personnel et r\u00e9cup\u00e9ration","description":"Connexion rapide \u00e0 votre compte Betwinner Cameroun \u2714\ufe0f Utilisez votre identifiant\/mot de passe, le code QR ou vos donn\u00e9es biom\u00e9triques sur votre PC, Android ou iOS. Si vous avez oubli\u00e9 votre mot de passe, vous pouvez le r\u00e9cup\u00e9rer en 1 minute. Synchronisation sur tous vos appareils, pas de comptes multiples \u2014 acc\u00e9dez aux paris et aux jeux de casino en un seul clic !","robots":{"index":"index","follow":"follow","max-snippet":"max-snippet:-1","max-image-preview":"max-image-preview:large","max-video-preview":"max-video-preview:-1"},"canonical":"https:\/\/betwinner.team\/cm\/login\/","og_locale":"fr_FR","og_type":"article","og_title":"Connexion \u00e0 Betwinner \u2714\ufe0f Acc\u00e8s \u00e0 votre compte personnel et r\u00e9cup\u00e9ration","og_description":"Connexion rapide \u00e0 votre compte Betwinner Cameroun \u2714\ufe0f Utilisez votre identifiant\/mot de passe, le code QR ou vos donn\u00e9es biom\u00e9triques sur votre PC, Android ou iOS. Si vous avez oubli\u00e9 votre mot de passe, vous pouvez le r\u00e9cup\u00e9rer en 1 minute. Synchronisation sur tous vos appareils, pas de comptes multiples \u2014 acc\u00e9dez aux paris et aux jeux de casino en un seul clic !","og_url":"https:\/\/betwinner.team\/cm\/login\/","og_site_name":"Betwinner Team CM","article_modified_time":"2026-03-27T18:10:10+00:00","twitter_card":"summary_large_image","schema":{"@context":"https:\/\/schema.org","@graph":[{"@type":"WebPage","@id":"https:\/\/betwinner.team\/cm\/login\/","url":"https:\/\/betwinner.team\/cm\/login\/","name":"Connexion \u00e0 Betwinner \u2714\ufe0f Acc\u00e8s \u00e0 votre compte personnel et r\u00e9cup\u00e9ration","isPartOf":{"@id":"http:\/\/betwinner.team\/cm\/#website"},"datePublished":"2026-02-23T05:00:50+00:00","dateModified":"2026-03-27T18:10:10+00:00","description":"Connexion rapide \u00e0 votre compte Betwinner Cameroun \u2714\ufe0f Utilisez votre identifiant\/mot de passe, le code QR ou vos donn\u00e9es biom\u00e9triques sur votre PC, Android ou iOS. Si vous avez oubli\u00e9 votre mot de passe, vous pouvez le r\u00e9cup\u00e9rer en 1 minute. Synchronisation sur tous vos appareils, pas de comptes multiples \u2014 acc\u00e9dez aux paris et aux jeux de casino en un seul clic !","inLanguage":"fr-CM","potentialAction":[{"@type":"ReadAction","target":["https:\/\/betwinner.team\/cm\/login\/"]}]},{"@type":"WebSite","@id":"http:\/\/betwinner.team\/cm\/#website","url":"http:\/\/betwinner.team\/cm\/","name":"Betwinner Team CM","description":"","potentialAction":[{"@type":"SearchAction","target":{"@type":"EntryPoint","urlTemplate":"http:\/\/betwinner.team\/cm\/?s={search_term_string}"},"query-input":{"@type":"PropertyValueSpecification","valueRequired":true,"valueName":"search_term_string"}}],"inLanguage":"fr-CM"}]}},"_links":{"self":[{"href":"https:\/\/betwinner.team\/cm\/wp-json\/wp\/v2\/pages\/1582","targetHints":{"allow":["GET"]}}],"collection":[{"href":"https:\/\/betwinner.team\/cm\/wp-json\/wp\/v2\/pages"}],"about":[{"href":"https:\/\/betwinner.team\/cm\/wp-json\/wp\/v2\/types\/page"}],"author":[{"embeddable":true,"href":"https:\/\/betwinner.team\/cm\/wp-json\/wp\/v2\/users\/1"}],"replies":[{"embeddable":true,"href":"https:\/\/betwinner.team\/cm\/wp-json\/wp\/v2\/comments?post=1582"}],"version-history":[{"count":5,"href":"https:\/\/betwinner.team\/cm\/wp-json\/wp\/v2\/pages\/1582\/revisions"}],"predecessor-version":[{"id":1631,"href":"https:\/\/betwinner.team\/cm\/wp-json\/wp\/v2\/pages\/1582\/revisions\/1631"}],"wp:attachment":[{"href":"https:\/\/betwinner.team\/cm\/wp-json\/wp\/v2\/media?parent=1582"}],"curies":[{"name":"wp","href":"https:\/\/api.w.org\/{rel}","templated":true}]}}