{"id":1560,"date":"2026-02-22T18:04:15","date_gmt":"2026-02-22T15:04:15","guid":{"rendered":"https:\/\/betwinner.team\/cm\/?page_id=1560"},"modified":"2026-03-27T21:20:05","modified_gmt":"2026-03-27T18:20:05","slug":"partners","status":"publish","type":"page","link":"https:\/\/betwinner.team\/cm\/partners\/","title":{"rendered":"Partenaires"},"content":{"rendered":"","protected":false},"excerpt":{"rendered":"","protected":false},"author":1,"featured_media":0,"parent":0,"menu_order":0,"comment_status":"closed","ping_status":"closed","template":"","meta":{"_acf_changed":false,"footnotes":""},"class_list":["post-1560","page","type-page","status-publish","hentry"],"acf":[],"yoast_head":"<!-- This site is optimized with the Yoast SEO plugin v26.9 - https:\/\/yoast.com\/product\/yoast-seo-wordpress\/ -->\n<title>Programme d&#039;affiliation Betwinner \u2014 Partage des revenus jusqu&#039;\u00e0 60 %, gains<\/title>\n<meta name=\"description\" content=\"Rejoignez le programme d&#039;affiliation Betwinner Cameroun \u2714\ufe0f : attirez des joueurs et b\u00e9n\u00e9ficiez d&#039;une commission pouvant atteindre 60 %, d&#039;outils marketing et d&#039;une inscription rapide. Id\u00e9al pour les affili\u00e9s disposant d&#039;une audience : statistiques transparentes, assistance et paiements illimit\u00e9s !\" \/>\n<meta name=\"robots\" content=\"index, follow, max-snippet:-1, max-image-preview:large, max-video-preview:-1\" \/>\n<link rel=\"canonical\" href=\"https:\/\/betwinner.team\/cm\/partners\/\" \/>\n<meta property=\"og:locale\" content=\"fr_FR\" \/>\n<meta property=\"og:type\" content=\"article\" \/>\n<meta property=\"og:title\" content=\"Programme d&#039;affiliation Betwinner \u2014 Partage des revenus jusqu&#039;\u00e0 60 %, gains\" \/>\n<meta property=\"og:description\" content=\"Rejoignez le programme d&#039;affiliation Betwinner Cameroun \u2714\ufe0f : attirez des joueurs et b\u00e9n\u00e9ficiez d&#039;une commission pouvant atteindre 60 %, d&#039;outils marketing et d&#039;une inscription rapide. Id\u00e9al pour les affili\u00e9s disposant d&#039;une audience : statistiques transparentes, assistance et paiements illimit\u00e9s !\" \/>\n<meta property=\"og:url\" content=\"https:\/\/betwinner.team\/cm\/partners\/\" \/>\n<meta property=\"og:site_name\" content=\"Betwinner Team CM\" \/>\n<meta property=\"article:modified_time\" content=\"2026-03-27T18:20:05+00:00\" \/>\n<meta name=\"twitter:card\" content=\"summary_large_image\" \/>\n<script type=\"application\/ld+json\" class=\"yoast-schema-graph\">{\"@context\":\"https:\/\/schema.org\",\"@graph\":[{\"@type\":\"WebPage\",\"@id\":\"https:\/\/betwinner.team\/cm\/partners\/\",\"url\":\"https:\/\/betwinner.team\/cm\/partners\/\",\"name\":\"Programme d'affiliation Betwinner \u2014 Partage des revenus jusqu'\u00e0 60 %, gains\",\"isPartOf\":{\"@id\":\"http:\/\/betwinner.team\/cm\/#website\"},\"datePublished\":\"2026-02-22T15:04:15+00:00\",\"dateModified\":\"2026-03-27T18:20:05+00:00\",\"description\":\"Rejoignez le programme d'affiliation Betwinner Cameroun \u2714\ufe0f : attirez des joueurs et b\u00e9n\u00e9ficiez d'une commission pouvant atteindre 60 %, d'outils marketing et d'une inscription rapide. Id\u00e9al pour les affili\u00e9s disposant d'une audience : statistiques transparentes, assistance et paiements illimit\u00e9s !\",\"inLanguage\":\"fr-CM\",\"potentialAction\":[{\"@type\":\"ReadAction\",\"target\":[\"https:\/\/betwinner.team\/cm\/partners\/\"]}]},{\"@type\":\"WebSite\",\"@id\":\"http:\/\/betwinner.team\/cm\/#website\",\"url\":\"http:\/\/betwinner.team\/cm\/\",\"name\":\"Betwinner Team CM\",\"description\":\"\",\"potentialAction\":[{\"@type\":\"SearchAction\",\"target\":{\"@type\":\"EntryPoint\",\"urlTemplate\":\"http:\/\/betwinner.team\/cm\/?s={search_term_string}\"},\"query-input\":{\"@type\":\"PropertyValueSpecification\",\"valueRequired\":true,\"valueName\":\"search_term_string\"}}],\"inLanguage\":\"fr-CM\"}]}<\/script>\n<!-- \/ Yoast SEO plugin. -->","yoast_head_json":{"title":"Programme d'affiliation Betwinner \u2014 Partage des revenus jusqu'\u00e0 60 %, gains","description":"Rejoignez le programme d'affiliation Betwinner Cameroun \u2714\ufe0f : attirez des joueurs et b\u00e9n\u00e9ficiez d'une commission pouvant atteindre 60 %, d'outils marketing et d'une inscription rapide. Id\u00e9al pour les affili\u00e9s disposant d'une audience : statistiques transparentes, assistance et paiements illimit\u00e9s !","robots":{"index":"index","follow":"follow","max-snippet":"max-snippet:-1","max-image-preview":"max-image-preview:large","max-video-preview":"max-video-preview:-1"},"canonical":"https:\/\/betwinner.team\/cm\/partners\/","og_locale":"fr_FR","og_type":"article","og_title":"Programme d'affiliation Betwinner \u2014 Partage des revenus jusqu'\u00e0 60 %, gains","og_description":"Rejoignez le programme d'affiliation Betwinner Cameroun \u2714\ufe0f : attirez des joueurs et b\u00e9n\u00e9ficiez d'une commission pouvant atteindre 60 %, d'outils marketing et d'une inscription rapide. Id\u00e9al pour les affili\u00e9s disposant d'une audience : statistiques transparentes, assistance et paiements illimit\u00e9s !","og_url":"https:\/\/betwinner.team\/cm\/partners\/","og_site_name":"Betwinner Team CM","article_modified_time":"2026-03-27T18:20:05+00:00","twitter_card":"summary_large_image","schema":{"@context":"https:\/\/schema.org","@graph":[{"@type":"WebPage","@id":"https:\/\/betwinner.team\/cm\/partners\/","url":"https:\/\/betwinner.team\/cm\/partners\/","name":"Programme d'affiliation Betwinner \u2014 Partage des revenus jusqu'\u00e0 60 %, gains","isPartOf":{"@id":"http:\/\/betwinner.team\/cm\/#website"},"datePublished":"2026-02-22T15:04:15+00:00","dateModified":"2026-03-27T18:20:05+00:00","description":"Rejoignez le programme d'affiliation Betwinner Cameroun \u2714\ufe0f : attirez des joueurs et b\u00e9n\u00e9ficiez d'une commission pouvant atteindre 60 %, d'outils marketing et d'une inscription rapide. Id\u00e9al pour les affili\u00e9s disposant d'une audience : statistiques transparentes, assistance et paiements illimit\u00e9s !","inLanguage":"fr-CM","potentialAction":[{"@type":"ReadAction","target":["https:\/\/betwinner.team\/cm\/partners\/"]}]},{"@type":"WebSite","@id":"http:\/\/betwinner.team\/cm\/#website","url":"http:\/\/betwinner.team\/cm\/","name":"Betwinner Team CM","description":"","potentialAction":[{"@type":"SearchAction","target":{"@type":"EntryPoint","urlTemplate":"http:\/\/betwinner.team\/cm\/?s={search_term_string}"},"query-input":{"@type":"PropertyValueSpecification","valueRequired":true,"valueName":"search_term_string"}}],"inLanguage":"fr-CM"}]}},"_links":{"self":[{"href":"https:\/\/betwinner.team\/cm\/wp-json\/wp\/v2\/pages\/1560","targetHints":{"allow":["GET"]}}],"collection":[{"href":"https:\/\/betwinner.team\/cm\/wp-json\/wp\/v2\/pages"}],"about":[{"href":"https:\/\/betwinner.team\/cm\/wp-json\/wp\/v2\/types\/page"}],"author":[{"embeddable":true,"href":"https:\/\/betwinner.team\/cm\/wp-json\/wp\/v2\/users\/1"}],"replies":[{"embeddable":true,"href":"https:\/\/betwinner.team\/cm\/wp-json\/wp\/v2\/comments?post=1560"}],"version-history":[{"count":5,"href":"https:\/\/betwinner.team\/cm\/wp-json\/wp\/v2\/pages\/1560\/revisions"}],"predecessor-version":[{"id":1633,"href":"https:\/\/betwinner.team\/cm\/wp-json\/wp\/v2\/pages\/1560\/revisions\/1633"}],"wp:attachment":[{"href":"https:\/\/betwinner.team\/cm\/wp-json\/wp\/v2\/media?parent=1560"}],"curies":[{"name":"wp","href":"https:\/\/api.w.org\/{rel}","templated":true}]}}