{"id":1495,"date":"2026-02-20T12:53:50","date_gmt":"2026-02-20T09:53:50","guid":{"rendered":"https:\/\/betwinner.team\/cm\/?page_id=1495"},"modified":"2026-03-27T16:32:26","modified_gmt":"2026-03-27T13:32:26","slug":"bonus","status":"publish","type":"page","link":"https:\/\/betwinner.team\/cm\/bonus\/","title":{"rendered":"Bonus"},"content":{"rendered":"","protected":false},"excerpt":{"rendered":"","protected":false},"author":1,"featured_media":0,"parent":0,"menu_order":0,"comment_status":"closed","ping_status":"closed","template":"","meta":{"_acf_changed":false,"footnotes":""},"class_list":["post-1495","page","type-page","status-publish","hentry"],"acf":[],"yoast_head":"<!-- This site is optimized with the Yoast SEO plugin v26.9 - https:\/\/yoast.com\/product\/yoast-seo-wordpress\/ -->\n<title>Bonus Betwinner \u2014 codes promotionnels actuels, promotions du casino<\/title>\n<meta name=\"description\" content=\"B\u00e9n\u00e9ficiez d&#039;un bonus de bienvenue Betwinner Cameroun sur votre d\u00e9p\u00f4t, de tours gratuits quotidiens et de promotions sur vos gains. Jeux certifi\u00e9s + aide \u00e0 la gestion de votre capital : activez le code promo et commencez \u00e0 jouer sans risque de perte !\" \/>\n<meta name=\"robots\" content=\"index, follow, max-snippet:-1, max-image-preview:large, max-video-preview:-1\" \/>\n<link rel=\"canonical\" href=\"http:\/\/betwinner.team\/cm\/bonus\/\" \/>\n<meta property=\"og:locale\" content=\"fr_FR\" \/>\n<meta property=\"og:type\" content=\"article\" \/>\n<meta property=\"og:title\" content=\"Bonus Betwinner \u2014 codes promotionnels actuels, promotions du casino\" \/>\n<meta property=\"og:description\" content=\"B\u00e9n\u00e9ficiez d&#039;un bonus de bienvenue Betwinner Cameroun sur votre d\u00e9p\u00f4t, de tours gratuits quotidiens et de promotions sur vos gains. Jeux certifi\u00e9s + aide \u00e0 la gestion de votre capital : activez le code promo et commencez \u00e0 jouer sans risque de perte !\" \/>\n<meta property=\"og:url\" content=\"http:\/\/betwinner.team\/cm\/bonus\/\" \/>\n<meta property=\"og:site_name\" content=\"Betwinner Team CM\" \/>\n<meta property=\"article:modified_time\" content=\"2026-03-27T13:32:26+00:00\" \/>\n<meta name=\"twitter:card\" content=\"summary_large_image\" \/>\n<script type=\"application\/ld+json\" class=\"yoast-schema-graph\">{\"@context\":\"https:\/\/schema.org\",\"@graph\":[{\"@type\":\"WebPage\",\"@id\":\"http:\/\/betwinner.team\/cm\/bonus\/\",\"url\":\"http:\/\/betwinner.team\/cm\/bonus\/\",\"name\":\"Bonus Betwinner \u2014 codes promotionnels actuels, promotions du casino\",\"isPartOf\":{\"@id\":\"http:\/\/betwinner.team\/cm\/#website\"},\"datePublished\":\"2026-02-20T09:53:50+00:00\",\"dateModified\":\"2026-03-27T13:32:26+00:00\",\"description\":\"B\u00e9n\u00e9ficiez d'un bonus de bienvenue Betwinner Cameroun sur votre d\u00e9p\u00f4t, de tours gratuits quotidiens et de promotions sur vos gains. Jeux certifi\u00e9s + aide \u00e0 la gestion de votre capital : activez le code promo et commencez \u00e0 jouer sans risque de perte !\",\"inLanguage\":\"fr-CM\",\"potentialAction\":[{\"@type\":\"ReadAction\",\"target\":[\"http:\/\/betwinner.team\/cm\/bonus\/\"]}]},{\"@type\":\"WebSite\",\"@id\":\"http:\/\/betwinner.team\/cm\/#website\",\"url\":\"http:\/\/betwinner.team\/cm\/\",\"name\":\"Betwinner Team CM\",\"description\":\"\",\"potentialAction\":[{\"@type\":\"SearchAction\",\"target\":{\"@type\":\"EntryPoint\",\"urlTemplate\":\"http:\/\/betwinner.team\/cm\/?s={search_term_string}\"},\"query-input\":{\"@type\":\"PropertyValueSpecification\",\"valueRequired\":true,\"valueName\":\"search_term_string\"}}],\"inLanguage\":\"fr-CM\"}]}<\/script>\n<!-- \/ Yoast SEO plugin. -->","yoast_head_json":{"title":"Bonus Betwinner \u2014 codes promotionnels actuels, promotions du casino","description":"B\u00e9n\u00e9ficiez d'un bonus de bienvenue Betwinner Cameroun sur votre d\u00e9p\u00f4t, de tours gratuits quotidiens et de promotions sur vos gains. Jeux certifi\u00e9s + aide \u00e0 la gestion de votre capital : activez le code promo et commencez \u00e0 jouer sans risque de perte !","robots":{"index":"index","follow":"follow","max-snippet":"max-snippet:-1","max-image-preview":"max-image-preview:large","max-video-preview":"max-video-preview:-1"},"canonical":"http:\/\/betwinner.team\/cm\/bonus\/","og_locale":"fr_FR","og_type":"article","og_title":"Bonus Betwinner \u2014 codes promotionnels actuels, promotions du casino","og_description":"B\u00e9n\u00e9ficiez d'un bonus de bienvenue Betwinner Cameroun sur votre d\u00e9p\u00f4t, de tours gratuits quotidiens et de promotions sur vos gains. Jeux certifi\u00e9s + aide \u00e0 la gestion de votre capital : activez le code promo et commencez \u00e0 jouer sans risque de perte !","og_url":"http:\/\/betwinner.team\/cm\/bonus\/","og_site_name":"Betwinner Team CM","article_modified_time":"2026-03-27T13:32:26+00:00","twitter_card":"summary_large_image","schema":{"@context":"https:\/\/schema.org","@graph":[{"@type":"WebPage","@id":"http:\/\/betwinner.team\/cm\/bonus\/","url":"http:\/\/betwinner.team\/cm\/bonus\/","name":"Bonus Betwinner \u2014 codes promotionnels actuels, promotions du casino","isPartOf":{"@id":"http:\/\/betwinner.team\/cm\/#website"},"datePublished":"2026-02-20T09:53:50+00:00","dateModified":"2026-03-27T13:32:26+00:00","description":"B\u00e9n\u00e9ficiez d'un bonus de bienvenue Betwinner Cameroun sur votre d\u00e9p\u00f4t, de tours gratuits quotidiens et de promotions sur vos gains. Jeux certifi\u00e9s + aide \u00e0 la gestion de votre capital : activez le code promo et commencez \u00e0 jouer sans risque de perte !","inLanguage":"fr-CM","potentialAction":[{"@type":"ReadAction","target":["http:\/\/betwinner.team\/cm\/bonus\/"]}]},{"@type":"WebSite","@id":"http:\/\/betwinner.team\/cm\/#website","url":"http:\/\/betwinner.team\/cm\/","name":"Betwinner Team CM","description":"","potentialAction":[{"@type":"SearchAction","target":{"@type":"EntryPoint","urlTemplate":"http:\/\/betwinner.team\/cm\/?s={search_term_string}"},"query-input":{"@type":"PropertyValueSpecification","valueRequired":true,"valueName":"search_term_string"}}],"inLanguage":"fr-CM"}]}},"_links":{"self":[{"href":"https:\/\/betwinner.team\/cm\/wp-json\/wp\/v2\/pages\/1495","targetHints":{"allow":["GET"]}}],"collection":[{"href":"https:\/\/betwinner.team\/cm\/wp-json\/wp\/v2\/pages"}],"about":[{"href":"https:\/\/betwinner.team\/cm\/wp-json\/wp\/v2\/types\/page"}],"author":[{"embeddable":true,"href":"https:\/\/betwinner.team\/cm\/wp-json\/wp\/v2\/users\/1"}],"replies":[{"embeddable":true,"href":"https:\/\/betwinner.team\/cm\/wp-json\/wp\/v2\/comments?post=1495"}],"version-history":[{"count":5,"href":"https:\/\/betwinner.team\/cm\/wp-json\/wp\/v2\/pages\/1495\/revisions"}],"predecessor-version":[{"id":1624,"href":"https:\/\/betwinner.team\/cm\/wp-json\/wp\/v2\/pages\/1495\/revisions\/1624"}],"wp:attachment":[{"href":"https:\/\/betwinner.team\/cm\/wp-json\/wp\/v2\/media?parent=1495"}],"curies":[{"name":"wp","href":"https:\/\/api.w.org\/{rel}","templated":true}]}}