{"id":1449,"date":"2026-02-16T18:30:45","date_gmt":"2026-02-16T15:30:45","guid":{"rendered":"https:\/\/betwinner.team\/cm\/?page_id=1449"},"modified":"2026-03-27T12:06:13","modified_gmt":"2026-03-27T09:06:13","slug":"apk","status":"publish","type":"page","link":"https:\/\/betwinner.team\/cm\/apk\/","title":{"rendered":"APK"},"content":{"rendered":"","protected":false},"excerpt":{"rendered":"","protected":false},"author":1,"featured_media":0,"parent":0,"menu_order":0,"comment_status":"closed","ping_status":"closed","template":"","meta":{"_acf_changed":false,"footnotes":""},"class_list":["post-1449","page","type-page","status-publish","hentry"],"acf":[],"yoast_head":"<!-- This site is optimized with the Yoast SEO plugin v26.9 - https:\/\/yoast.com\/product\/yoast-seo-wordpress\/ -->\n<title>Betwinner APK \u2014 T\u00e9l\u00e9chargez l&#039;application officielle pour Android<\/title>\n<meta name=\"description\" content=\"T\u00e9l\u00e9chargez gratuitement la derni\u00e8re version de l&#039;APK Betwinner Cameroun : une application mobile pratique pour les paris sportifs, le casino et les jeux en direct, avec des cotes \u00e9lev\u00e9es, des d\u00e9p\u00f4ts et des retraits instantan\u00e9s. B\u00e9n\u00e9ficiez d&#039;un bonus de bienvenue pouvant atteindre 100 % sur votre premier d\u00e9p\u00f4t : inscrivez-vous, installez l&#039;APK et pariez o\u00f9 que vous soyez !\" \/>\n<meta name=\"robots\" content=\"index, follow, max-snippet:-1, max-image-preview:large, max-video-preview:-1\" \/>\n<link rel=\"canonical\" href=\"https:\/\/betwinner.team\/cm\/apk\/\" \/>\n<meta property=\"og:locale\" content=\"fr_FR\" \/>\n<meta property=\"og:type\" content=\"article\" \/>\n<meta property=\"og:title\" content=\"Betwinner APK \u2014 T\u00e9l\u00e9chargez l&#039;application officielle pour Android\" \/>\n<meta property=\"og:description\" content=\"T\u00e9l\u00e9chargez gratuitement la derni\u00e8re version de l&#039;APK Betwinner Cameroun : une application mobile pratique pour les paris sportifs, le casino et les jeux en direct, avec des cotes \u00e9lev\u00e9es, des d\u00e9p\u00f4ts et des retraits instantan\u00e9s. B\u00e9n\u00e9ficiez d&#039;un bonus de bienvenue pouvant atteindre 100 % sur votre premier d\u00e9p\u00f4t : inscrivez-vous, installez l&#039;APK et pariez o\u00f9 que vous soyez !\" \/>\n<meta property=\"og:url\" content=\"https:\/\/betwinner.team\/cm\/apk\/\" \/>\n<meta property=\"og:site_name\" content=\"Betwinner Team CM\" \/>\n<meta property=\"article:modified_time\" content=\"2026-03-27T09:06:13+00:00\" \/>\n<meta name=\"twitter:card\" content=\"summary_large_image\" \/>\n<script type=\"application\/ld+json\" class=\"yoast-schema-graph\">{\"@context\":\"https:\/\/schema.org\",\"@graph\":[{\"@type\":\"WebPage\",\"@id\":\"https:\/\/betwinner.team\/cm\/apk\/\",\"url\":\"https:\/\/betwinner.team\/cm\/apk\/\",\"name\":\"Betwinner APK \u2014 T\u00e9l\u00e9chargez l'application officielle pour Android\",\"isPartOf\":{\"@id\":\"http:\/\/betwinner.team\/cm\/#website\"},\"datePublished\":\"2026-02-16T15:30:45+00:00\",\"dateModified\":\"2026-03-27T09:06:13+00:00\",\"description\":\"T\u00e9l\u00e9chargez gratuitement la derni\u00e8re version de l'APK Betwinner Cameroun : une application mobile pratique pour les paris sportifs, le casino et les jeux en direct, avec des cotes \u00e9lev\u00e9es, des d\u00e9p\u00f4ts et des retraits instantan\u00e9s. B\u00e9n\u00e9ficiez d'un bonus de bienvenue pouvant atteindre 100 % sur votre premier d\u00e9p\u00f4t : inscrivez-vous, installez l'APK et pariez o\u00f9 que vous soyez !\",\"inLanguage\":\"fr-CM\",\"potentialAction\":[{\"@type\":\"ReadAction\",\"target\":[\"https:\/\/betwinner.team\/cm\/apk\/\"]}]},{\"@type\":\"WebSite\",\"@id\":\"http:\/\/betwinner.team\/cm\/#website\",\"url\":\"http:\/\/betwinner.team\/cm\/\",\"name\":\"Betwinner Team CM\",\"description\":\"\",\"potentialAction\":[{\"@type\":\"SearchAction\",\"target\":{\"@type\":\"EntryPoint\",\"urlTemplate\":\"http:\/\/betwinner.team\/cm\/?s={search_term_string}\"},\"query-input\":{\"@type\":\"PropertyValueSpecification\",\"valueRequired\":true,\"valueName\":\"search_term_string\"}}],\"inLanguage\":\"fr-CM\"}]}<\/script>\n<!-- \/ Yoast SEO plugin. -->","yoast_head_json":{"title":"Betwinner APK \u2014 T\u00e9l\u00e9chargez l'application officielle pour Android","description":"T\u00e9l\u00e9chargez gratuitement la derni\u00e8re version de l'APK Betwinner Cameroun : une application mobile pratique pour les paris sportifs, le casino et les jeux en direct, avec des cotes \u00e9lev\u00e9es, des d\u00e9p\u00f4ts et des retraits instantan\u00e9s. B\u00e9n\u00e9ficiez d'un bonus de bienvenue pouvant atteindre 100 % sur votre premier d\u00e9p\u00f4t : inscrivez-vous, installez l'APK et pariez o\u00f9 que vous soyez !","robots":{"index":"index","follow":"follow","max-snippet":"max-snippet:-1","max-image-preview":"max-image-preview:large","max-video-preview":"max-video-preview:-1"},"canonical":"https:\/\/betwinner.team\/cm\/apk\/","og_locale":"fr_FR","og_type":"article","og_title":"Betwinner APK \u2014 T\u00e9l\u00e9chargez l'application officielle pour Android","og_description":"T\u00e9l\u00e9chargez gratuitement la derni\u00e8re version de l'APK Betwinner Cameroun : une application mobile pratique pour les paris sportifs, le casino et les jeux en direct, avec des cotes \u00e9lev\u00e9es, des d\u00e9p\u00f4ts et des retraits instantan\u00e9s. B\u00e9n\u00e9ficiez d'un bonus de bienvenue pouvant atteindre 100 % sur votre premier d\u00e9p\u00f4t : inscrivez-vous, installez l'APK et pariez o\u00f9 que vous soyez !","og_url":"https:\/\/betwinner.team\/cm\/apk\/","og_site_name":"Betwinner Team CM","article_modified_time":"2026-03-27T09:06:13+00:00","twitter_card":"summary_large_image","schema":{"@context":"https:\/\/schema.org","@graph":[{"@type":"WebPage","@id":"https:\/\/betwinner.team\/cm\/apk\/","url":"https:\/\/betwinner.team\/cm\/apk\/","name":"Betwinner APK \u2014 T\u00e9l\u00e9chargez l'application officielle pour Android","isPartOf":{"@id":"http:\/\/betwinner.team\/cm\/#website"},"datePublished":"2026-02-16T15:30:45+00:00","dateModified":"2026-03-27T09:06:13+00:00","description":"T\u00e9l\u00e9chargez gratuitement la derni\u00e8re version de l'APK Betwinner Cameroun : une application mobile pratique pour les paris sportifs, le casino et les jeux en direct, avec des cotes \u00e9lev\u00e9es, des d\u00e9p\u00f4ts et des retraits instantan\u00e9s. B\u00e9n\u00e9ficiez d'un bonus de bienvenue pouvant atteindre 100 % sur votre premier d\u00e9p\u00f4t : inscrivez-vous, installez l'APK et pariez o\u00f9 que vous soyez !","inLanguage":"fr-CM","potentialAction":[{"@type":"ReadAction","target":["https:\/\/betwinner.team\/cm\/apk\/"]}]},{"@type":"WebSite","@id":"http:\/\/betwinner.team\/cm\/#website","url":"http:\/\/betwinner.team\/cm\/","name":"Betwinner Team CM","description":"","potentialAction":[{"@type":"SearchAction","target":{"@type":"EntryPoint","urlTemplate":"http:\/\/betwinner.team\/cm\/?s={search_term_string}"},"query-input":{"@type":"PropertyValueSpecification","valueRequired":true,"valueName":"search_term_string"}}],"inLanguage":"fr-CM"}]}},"_links":{"self":[{"href":"https:\/\/betwinner.team\/cm\/wp-json\/wp\/v2\/pages\/1449","targetHints":{"allow":["GET"]}}],"collection":[{"href":"https:\/\/betwinner.team\/cm\/wp-json\/wp\/v2\/pages"}],"about":[{"href":"https:\/\/betwinner.team\/cm\/wp-json\/wp\/v2\/types\/page"}],"author":[{"embeddable":true,"href":"https:\/\/betwinner.team\/cm\/wp-json\/wp\/v2\/users\/1"}],"replies":[{"embeddable":true,"href":"https:\/\/betwinner.team\/cm\/wp-json\/wp\/v2\/comments?post=1449"}],"version-history":[{"count":5,"href":"https:\/\/betwinner.team\/cm\/wp-json\/wp\/v2\/pages\/1449\/revisions"}],"predecessor-version":[{"id":1622,"href":"https:\/\/betwinner.team\/cm\/wp-json\/wp\/v2\/pages\/1449\/revisions\/1622"}],"wp:attachment":[{"href":"https:\/\/betwinner.team\/cm\/wp-json\/wp\/v2\/media?parent=1449"}],"curies":[{"name":"wp","href":"https:\/\/api.w.org\/{rel}","templated":true}]}}