{"id":1086,"date":"2025-11-15T16:52:15","date_gmt":"2025-11-15T13:52:15","guid":{"rendered":"https:\/\/betwinner.team\/cm\/?page_id=1086"},"modified":"2026-03-29T10:45:30","modified_gmt":"2026-03-29T07:45:30","slug":"home","status":"publish","type":"page","link":"https:\/\/betwinner.team\/cm\/","title":{"rendered":"Accueil"},"content":{"rendered":"","protected":false},"excerpt":{"rendered":"","protected":false},"author":1,"featured_media":0,"parent":0,"menu_order":0,"comment_status":"closed","ping_status":"closed","template":"","meta":{"_acf_changed":false,"footnotes":""},"class_list":["post-1086","page","type-page","status-publish","hentry"],"acf":[],"yoast_head":"<!-- This site is optimized with the Yoast SEO plugin v26.9 - https:\/\/yoast.com\/product\/yoast-seo-wordpress\/ -->\n<title>Betwinner paris et casino \u2014 Bonus jusqu&#039;\u00e0 1 000 000 XAF<\/title>\n<meta name=\"description\" content=\"Betwinner Cameroun est l&#039;un des meilleurs bookmakers, proposant une large gamme de paris sportifs, des retransmissions en direct, des e-sports et des machines \u00e0 sous de casino. B\u00e9n\u00e9ficiez d&#039;un bonus de bienvenue pouvant atteindre 1 000 000 XAF, de paris gratuits et de promotions ; un site web convivial, des paiements rapides et plus de 100 m\u00e9thodes de d\u00e9p\u00f4t. Nous analysons les avantages, les inconv\u00e9nients, les avis des joueurs et comment tirer le meilleur parti de Betwinner.\" \/>\n<meta name=\"robots\" content=\"index, follow, max-snippet:-1, max-image-preview:large, max-video-preview:-1\" \/>\n<link rel=\"canonical\" href=\"https:\/\/betwinner.team\/cm\/\" \/>\n<meta property=\"og:locale\" content=\"fr_FR\" \/>\n<meta property=\"og:type\" content=\"article\" \/>\n<meta property=\"og:title\" content=\"Betwinner paris et casino \u2014 Bonus jusqu&#039;\u00e0 1 000 000 XAF\" \/>\n<meta property=\"og:description\" content=\"Betwinner Cameroun est l&#039;un des meilleurs bookmakers, proposant une large gamme de paris sportifs, des retransmissions en direct, des e-sports et des machines \u00e0 sous de casino. B\u00e9n\u00e9ficiez d&#039;un bonus de bienvenue pouvant atteindre 1 000 000 XAF, de paris gratuits et de promotions ; un site web convivial, des paiements rapides et plus de 100 m\u00e9thodes de d\u00e9p\u00f4t. Nous analysons les avantages, les inconv\u00e9nients, les avis des joueurs et comment tirer le meilleur parti de Betwinner.\" \/>\n<meta property=\"og:url\" content=\"https:\/\/betwinner.team\/cm\/\" \/>\n<meta property=\"og:site_name\" content=\"Betwinner Team CM\" \/>\n<meta property=\"article:modified_time\" content=\"2026-03-29T07:45:30+00:00\" \/>\n<meta name=\"twitter:card\" content=\"summary_large_image\" \/>\n<script type=\"application\/ld+json\" class=\"yoast-schema-graph\">{\"@context\":\"https:\/\/schema.org\",\"@graph\":[{\"@type\":\"WebPage\",\"@id\":\"https:\/\/betwinner.team\/cm\/\",\"url\":\"https:\/\/betwinner.team\/cm\/\",\"name\":\"Betwinner paris et casino \u2014 Bonus jusqu'\u00e0 1 000 000 XAF\",\"isPartOf\":{\"@id\":\"https:\/\/betwinner.team\/cm\/#website\"},\"datePublished\":\"2025-11-15T13:52:15+00:00\",\"dateModified\":\"2026-03-29T07:45:30+00:00\",\"description\":\"Betwinner Cameroun est l'un des meilleurs bookmakers, proposant une large gamme de paris sportifs, des retransmissions en direct, des e-sports et des machines \u00e0 sous de casino. B\u00e9n\u00e9ficiez d'un bonus de bienvenue pouvant atteindre 1 000 000 XAF, de paris gratuits et de promotions ; un site web convivial, des paiements rapides et plus de 100 m\u00e9thodes de d\u00e9p\u00f4t. Nous analysons les avantages, les inconv\u00e9nients, les avis des joueurs et comment tirer le meilleur parti de Betwinner.\",\"inLanguage\":\"fr-CM\",\"potentialAction\":[{\"@type\":\"ReadAction\",\"target\":[\"https:\/\/betwinner.team\/cm\/\"]}]},{\"@type\":\"WebSite\",\"@id\":\"https:\/\/betwinner.team\/cm\/#website\",\"url\":\"https:\/\/betwinner.team\/cm\/\",\"name\":\"Betwinner Team CM\",\"description\":\"\",\"potentialAction\":[{\"@type\":\"SearchAction\",\"target\":{\"@type\":\"EntryPoint\",\"urlTemplate\":\"https:\/\/betwinner.team\/cm\/?s={search_term_string}\"},\"query-input\":{\"@type\":\"PropertyValueSpecification\",\"valueRequired\":true,\"valueName\":\"search_term_string\"}}],\"inLanguage\":\"fr-CM\"}]}<\/script>\n<!-- \/ Yoast SEO plugin. -->","yoast_head_json":{"title":"Betwinner paris et casino \u2014 Bonus jusqu'\u00e0 1 000 000 XAF","description":"Betwinner Cameroun est l'un des meilleurs bookmakers, proposant une large gamme de paris sportifs, des retransmissions en direct, des e-sports et des machines \u00e0 sous de casino. B\u00e9n\u00e9ficiez d'un bonus de bienvenue pouvant atteindre 1 000 000 XAF, de paris gratuits et de promotions ; un site web convivial, des paiements rapides et plus de 100 m\u00e9thodes de d\u00e9p\u00f4t. Nous analysons les avantages, les inconv\u00e9nients, les avis des joueurs et comment tirer le meilleur parti de Betwinner.","robots":{"index":"index","follow":"follow","max-snippet":"max-snippet:-1","max-image-preview":"max-image-preview:large","max-video-preview":"max-video-preview:-1"},"canonical":"https:\/\/betwinner.team\/cm\/","og_locale":"fr_FR","og_type":"article","og_title":"Betwinner paris et casino \u2014 Bonus jusqu'\u00e0 1 000 000 XAF","og_description":"Betwinner Cameroun est l'un des meilleurs bookmakers, proposant une large gamme de paris sportifs, des retransmissions en direct, des e-sports et des machines \u00e0 sous de casino. B\u00e9n\u00e9ficiez d'un bonus de bienvenue pouvant atteindre 1 000 000 XAF, de paris gratuits et de promotions ; un site web convivial, des paiements rapides et plus de 100 m\u00e9thodes de d\u00e9p\u00f4t. Nous analysons les avantages, les inconv\u00e9nients, les avis des joueurs et comment tirer le meilleur parti de Betwinner.","og_url":"https:\/\/betwinner.team\/cm\/","og_site_name":"Betwinner Team CM","article_modified_time":"2026-03-29T07:45:30+00:00","twitter_card":"summary_large_image","schema":{"@context":"https:\/\/schema.org","@graph":[{"@type":"WebPage","@id":"https:\/\/betwinner.team\/cm\/","url":"https:\/\/betwinner.team\/cm\/","name":"Betwinner paris et casino \u2014 Bonus jusqu'\u00e0 1 000 000 XAF","isPartOf":{"@id":"https:\/\/betwinner.team\/cm\/#website"},"datePublished":"2025-11-15T13:52:15+00:00","dateModified":"2026-03-29T07:45:30+00:00","description":"Betwinner Cameroun est l'un des meilleurs bookmakers, proposant une large gamme de paris sportifs, des retransmissions en direct, des e-sports et des machines \u00e0 sous de casino. B\u00e9n\u00e9ficiez d'un bonus de bienvenue pouvant atteindre 1 000 000 XAF, de paris gratuits et de promotions ; un site web convivial, des paiements rapides et plus de 100 m\u00e9thodes de d\u00e9p\u00f4t. Nous analysons les avantages, les inconv\u00e9nients, les avis des joueurs et comment tirer le meilleur parti de Betwinner.","inLanguage":"fr-CM","potentialAction":[{"@type":"ReadAction","target":["https:\/\/betwinner.team\/cm\/"]}]},{"@type":"WebSite","@id":"https:\/\/betwinner.team\/cm\/#website","url":"https:\/\/betwinner.team\/cm\/","name":"Betwinner Team CM","description":"","potentialAction":[{"@type":"SearchAction","target":{"@type":"EntryPoint","urlTemplate":"https:\/\/betwinner.team\/cm\/?s={search_term_string}"},"query-input":{"@type":"PropertyValueSpecification","valueRequired":true,"valueName":"search_term_string"}}],"inLanguage":"fr-CM"}]}},"_links":{"self":[{"href":"https:\/\/betwinner.team\/cm\/wp-json\/wp\/v2\/pages\/1086","targetHints":{"allow":["GET"]}}],"collection":[{"href":"https:\/\/betwinner.team\/cm\/wp-json\/wp\/v2\/pages"}],"about":[{"href":"https:\/\/betwinner.team\/cm\/wp-json\/wp\/v2\/types\/page"}],"author":[{"embeddable":true,"href":"https:\/\/betwinner.team\/cm\/wp-json\/wp\/v2\/users\/1"}],"replies":[{"embeddable":true,"href":"https:\/\/betwinner.team\/cm\/wp-json\/wp\/v2\/comments?post=1086"}],"version-history":[{"count":5,"href":"https:\/\/betwinner.team\/cm\/wp-json\/wp\/v2\/pages\/1086\/revisions"}],"predecessor-version":[{"id":1639,"href":"https:\/\/betwinner.team\/cm\/wp-json\/wp\/v2\/pages\/1086\/revisions\/1639"}],"wp:attachment":[{"href":"https:\/\/betwinner.team\/cm\/wp-json\/wp\/v2\/media?parent=1086"}],"curies":[{"name":"wp","href":"https:\/\/api.w.org\/{rel}","templated":true}]}}