{"id":1582,"date":"2026-02-23T08:00:50","date_gmt":"2026-02-23T05:00:50","guid":{"rendered":"https:\/\/betwinner.team\/br\/?page_id=1582"},"modified":"2026-03-17T10:45:15","modified_gmt":"2026-03-17T07:45:15","slug":"login","status":"publish","type":"page","link":"https:\/\/betwinner.team\/br\/login\/","title":{"rendered":"Entrar"},"content":{"rendered":"","protected":false},"excerpt":{"rendered":"","protected":false},"author":1,"featured_media":0,"parent":0,"menu_order":0,"comment_status":"closed","ping_status":"closed","template":"","meta":{"_acf_changed":false,"footnotes":""},"class_list":["post-1582","page","type-page","status-publish","hentry"],"acf":[],"yoast_head":"<!-- This site is optimized with the Yoast SEO plugin v26.9 - https:\/\/yoast.com\/product\/yoast-seo-wordpress\/ -->\n<title>Login na Betwinner Brasil \u2714\ufe0f Acesso \u00e0 sua conta pessoal<\/title>\n<meta name=\"description\" content=\"Acesso r\u00e1pido \u00e0 sua conta Betwinner \u2714\ufe0f Use seu nome de usu\u00e1rio\/senha, c\u00f3digo QR ou dados biom\u00e9tricos no seu PC, Android ou iOS. Se voc\u00ea esqueceu sua senha, pode recuper\u00e1-la em 1 minuto. Sincroniza\u00e7\u00e3o entre todos os dispositivos, sem necessidade de contas m\u00faltiplas \u2014 acesse apostas e jogos de cassino com um clique!\" \/>\n<meta name=\"robots\" content=\"index, follow, max-snippet:-1, max-image-preview:large, max-video-preview:-1\" \/>\n<link rel=\"canonical\" href=\"https:\/\/betwinner.team\/br\/login\/\" \/>\n<meta property=\"og:locale\" content=\"pt_BR\" \/>\n<meta property=\"og:type\" content=\"article\" \/>\n<meta property=\"og:title\" content=\"Login na Betwinner Brasil \u2714\ufe0f Acesso \u00e0 sua conta pessoal\" \/>\n<meta property=\"og:description\" content=\"Acesso r\u00e1pido \u00e0 sua conta Betwinner \u2714\ufe0f Use seu nome de usu\u00e1rio\/senha, c\u00f3digo QR ou dados biom\u00e9tricos no seu PC, Android ou iOS. Se voc\u00ea esqueceu sua senha, pode recuper\u00e1-la em 1 minuto. Sincroniza\u00e7\u00e3o entre todos os dispositivos, sem necessidade de contas m\u00faltiplas \u2014 acesse apostas e jogos de cassino com um clique!\" \/>\n<meta property=\"og:url\" content=\"https:\/\/betwinner.team\/br\/login\/\" \/>\n<meta property=\"og:site_name\" content=\"Betwinner Team BR\" \/>\n<meta property=\"article:modified_time\" content=\"2026-03-17T07:45:15+00:00\" \/>\n<meta name=\"twitter:card\" content=\"summary_large_image\" \/>\n<script type=\"application\/ld+json\" class=\"yoast-schema-graph\">{\"@context\":\"https:\/\/schema.org\",\"@graph\":[{\"@type\":\"WebPage\",\"@id\":\"https:\/\/betwinner.team\/br\/login\/\",\"url\":\"https:\/\/betwinner.team\/br\/login\/\",\"name\":\"Login na Betwinner Brasil \u2714\ufe0f Acesso \u00e0 sua conta pessoal\",\"isPartOf\":{\"@id\":\"https:\/\/betwinner.team\/br\/#website\"},\"datePublished\":\"2026-02-23T05:00:50+00:00\",\"dateModified\":\"2026-03-17T07:45:15+00:00\",\"description\":\"Acesso r\u00e1pido \u00e0 sua conta Betwinner \u2714\ufe0f Use seu nome de usu\u00e1rio\/senha, c\u00f3digo QR ou dados biom\u00e9tricos no seu PC, Android ou iOS. Se voc\u00ea esqueceu sua senha, pode recuper\u00e1-la em 1 minuto. Sincroniza\u00e7\u00e3o entre todos os dispositivos, sem necessidade de contas m\u00faltiplas \u2014 acesse apostas e jogos de cassino com um clique!\",\"inLanguage\":\"pt-BR\",\"potentialAction\":[{\"@type\":\"ReadAction\",\"target\":[\"https:\/\/betwinner.team\/br\/login\/\"]}]},{\"@type\":\"WebSite\",\"@id\":\"https:\/\/betwinner.team\/br\/#website\",\"url\":\"https:\/\/betwinner.team\/br\/\",\"name\":\"Betwinner Team BR\",\"description\":\"\",\"potentialAction\":[{\"@type\":\"SearchAction\",\"target\":{\"@type\":\"EntryPoint\",\"urlTemplate\":\"https:\/\/betwinner.team\/br\/?s={search_term_string}\"},\"query-input\":{\"@type\":\"PropertyValueSpecification\",\"valueRequired\":true,\"valueName\":\"search_term_string\"}}],\"inLanguage\":\"pt-BR\"}]}<\/script>\n<!-- \/ Yoast SEO plugin. -->","yoast_head_json":{"title":"Login na Betwinner Brasil \u2714\ufe0f Acesso \u00e0 sua conta pessoal","description":"Acesso r\u00e1pido \u00e0 sua conta Betwinner \u2714\ufe0f Use seu nome de usu\u00e1rio\/senha, c\u00f3digo QR ou dados biom\u00e9tricos no seu PC, Android ou iOS. Se voc\u00ea esqueceu sua senha, pode recuper\u00e1-la em 1 minuto. Sincroniza\u00e7\u00e3o entre todos os dispositivos, sem necessidade de contas m\u00faltiplas \u2014 acesse apostas e jogos de cassino com um clique!","robots":{"index":"index","follow":"follow","max-snippet":"max-snippet:-1","max-image-preview":"max-image-preview:large","max-video-preview":"max-video-preview:-1"},"canonical":"https:\/\/betwinner.team\/br\/login\/","og_locale":"pt_BR","og_type":"article","og_title":"Login na Betwinner Brasil \u2714\ufe0f Acesso \u00e0 sua conta pessoal","og_description":"Acesso r\u00e1pido \u00e0 sua conta Betwinner \u2714\ufe0f Use seu nome de usu\u00e1rio\/senha, c\u00f3digo QR ou dados biom\u00e9tricos no seu PC, Android ou iOS. Se voc\u00ea esqueceu sua senha, pode recuper\u00e1-la em 1 minuto. Sincroniza\u00e7\u00e3o entre todos os dispositivos, sem necessidade de contas m\u00faltiplas \u2014 acesse apostas e jogos de cassino com um clique!","og_url":"https:\/\/betwinner.team\/br\/login\/","og_site_name":"Betwinner Team BR","article_modified_time":"2026-03-17T07:45:15+00:00","twitter_card":"summary_large_image","schema":{"@context":"https:\/\/schema.org","@graph":[{"@type":"WebPage","@id":"https:\/\/betwinner.team\/br\/login\/","url":"https:\/\/betwinner.team\/br\/login\/","name":"Login na Betwinner Brasil \u2714\ufe0f Acesso \u00e0 sua conta pessoal","isPartOf":{"@id":"https:\/\/betwinner.team\/br\/#website"},"datePublished":"2026-02-23T05:00:50+00:00","dateModified":"2026-03-17T07:45:15+00:00","description":"Acesso r\u00e1pido \u00e0 sua conta Betwinner \u2714\ufe0f Use seu nome de usu\u00e1rio\/senha, c\u00f3digo QR ou dados biom\u00e9tricos no seu PC, Android ou iOS. Se voc\u00ea esqueceu sua senha, pode recuper\u00e1-la em 1 minuto. Sincroniza\u00e7\u00e3o entre todos os dispositivos, sem necessidade de contas m\u00faltiplas \u2014 acesse apostas e jogos de cassino com um clique!","inLanguage":"pt-BR","potentialAction":[{"@type":"ReadAction","target":["https:\/\/betwinner.team\/br\/login\/"]}]},{"@type":"WebSite","@id":"https:\/\/betwinner.team\/br\/#website","url":"https:\/\/betwinner.team\/br\/","name":"Betwinner Team BR","description":"","potentialAction":[{"@type":"SearchAction","target":{"@type":"EntryPoint","urlTemplate":"https:\/\/betwinner.team\/br\/?s={search_term_string}"},"query-input":{"@type":"PropertyValueSpecification","valueRequired":true,"valueName":"search_term_string"}}],"inLanguage":"pt-BR"}]}},"_links":{"self":[{"href":"https:\/\/betwinner.team\/br\/wp-json\/wp\/v2\/pages\/1582","targetHints":{"allow":["GET"]}}],"collection":[{"href":"https:\/\/betwinner.team\/br\/wp-json\/wp\/v2\/pages"}],"about":[{"href":"https:\/\/betwinner.team\/br\/wp-json\/wp\/v2\/types\/page"}],"author":[{"embeddable":true,"href":"https:\/\/betwinner.team\/br\/wp-json\/wp\/v2\/users\/1"}],"replies":[{"embeddable":true,"href":"https:\/\/betwinner.team\/br\/wp-json\/wp\/v2\/comments?post=1582"}],"version-history":[{"count":5,"href":"https:\/\/betwinner.team\/br\/wp-json\/wp\/v2\/pages\/1582\/revisions"}],"predecessor-version":[{"id":1630,"href":"https:\/\/betwinner.team\/br\/wp-json\/wp\/v2\/pages\/1582\/revisions\/1630"}],"wp:attachment":[{"href":"https:\/\/betwinner.team\/br\/wp-json\/wp\/v2\/media?parent=1582"}],"curies":[{"name":"wp","href":"https:\/\/api.w.org\/{rel}","templated":true}]}}