{"id":1560,"date":"2026-02-22T18:04:15","date_gmt":"2026-02-22T15:04:15","guid":{"rendered":"https:\/\/betwinner.team\/br\/?page_id=1560"},"modified":"2026-03-17T10:53:35","modified_gmt":"2026-03-17T07:53:35","slug":"partners","status":"publish","type":"page","link":"https:\/\/betwinner.team\/br\/partners\/","title":{"rendered":"Parceiros"},"content":{"rendered":"","protected":false},"excerpt":{"rendered":"","protected":false},"author":1,"featured_media":0,"parent":0,"menu_order":0,"comment_status":"closed","ping_status":"closed","template":"","meta":{"_acf_changed":false,"footnotes":""},"class_list":["post-1560","page","type-page","status-publish","hentry"],"acf":[],"yoast_head":"<!-- This site is optimized with the Yoast SEO plugin v26.9 - https:\/\/yoast.com\/product\/yoast-seo-wordpress\/ -->\n<title>Programa de afiliados da Betwinner Brasil \u27a4 RevShare<\/title>\n<meta name=\"description\" content=\"Junte-se ao Programa de Afiliados da Betwinner \u2714\ufe0f atraia jogadores e receba at\u00e9 60% de participa\u00e7\u00e3o nos lucros, ferramentas de marketing e cadastro r\u00e1pido. Ideal para afiliados com p\u00fablico \u2014 estat\u00edsticas transparentes, suporte e pagamentos ilimitados!\" \/>\n<meta name=\"robots\" content=\"index, follow, max-snippet:-1, max-image-preview:large, max-video-preview:-1\" \/>\n<link rel=\"canonical\" href=\"http:\/\/betwinner.team\/br\/partners\/\" \/>\n<meta property=\"og:locale\" content=\"pt_BR\" \/>\n<meta property=\"og:type\" content=\"article\" \/>\n<meta property=\"og:title\" content=\"Programa de afiliados da Betwinner Brasil \u27a4 RevShare\" \/>\n<meta property=\"og:description\" content=\"Junte-se ao Programa de Afiliados da Betwinner \u2714\ufe0f atraia jogadores e receba at\u00e9 60% de participa\u00e7\u00e3o nos lucros, ferramentas de marketing e cadastro r\u00e1pido. Ideal para afiliados com p\u00fablico \u2014 estat\u00edsticas transparentes, suporte e pagamentos ilimitados!\" \/>\n<meta property=\"og:url\" content=\"http:\/\/betwinner.team\/br\/partners\/\" \/>\n<meta property=\"og:site_name\" content=\"Betwinner Team BR\" \/>\n<meta property=\"article:modified_time\" content=\"2026-03-17T07:53:35+00:00\" \/>\n<meta name=\"twitter:card\" content=\"summary_large_image\" \/>\n<script type=\"application\/ld+json\" class=\"yoast-schema-graph\">{\"@context\":\"https:\/\/schema.org\",\"@graph\":[{\"@type\":\"WebPage\",\"@id\":\"http:\/\/betwinner.team\/br\/partners\/\",\"url\":\"http:\/\/betwinner.team\/br\/partners\/\",\"name\":\"Programa de afiliados da Betwinner Brasil \u27a4 RevShare\",\"isPartOf\":{\"@id\":\"https:\/\/betwinner.team\/br\/#website\"},\"datePublished\":\"2026-02-22T15:04:15+00:00\",\"dateModified\":\"2026-03-17T07:53:35+00:00\",\"description\":\"Junte-se ao Programa de Afiliados da Betwinner \u2714\ufe0f atraia jogadores e receba at\u00e9 60% de participa\u00e7\u00e3o nos lucros, ferramentas de marketing e cadastro r\u00e1pido. Ideal para afiliados com p\u00fablico \u2014 estat\u00edsticas transparentes, suporte e pagamentos ilimitados!\",\"inLanguage\":\"pt-BR\",\"potentialAction\":[{\"@type\":\"ReadAction\",\"target\":[\"http:\/\/betwinner.team\/br\/partners\/\"]}]},{\"@type\":\"WebSite\",\"@id\":\"https:\/\/betwinner.team\/br\/#website\",\"url\":\"https:\/\/betwinner.team\/br\/\",\"name\":\"Betwinner Team BR\",\"description\":\"\",\"potentialAction\":[{\"@type\":\"SearchAction\",\"target\":{\"@type\":\"EntryPoint\",\"urlTemplate\":\"https:\/\/betwinner.team\/br\/?s={search_term_string}\"},\"query-input\":{\"@type\":\"PropertyValueSpecification\",\"valueRequired\":true,\"valueName\":\"search_term_string\"}}],\"inLanguage\":\"pt-BR\"}]}<\/script>\n<!-- \/ Yoast SEO plugin. -->","yoast_head_json":{"title":"Programa de afiliados da Betwinner Brasil \u27a4 RevShare","description":"Junte-se ao Programa de Afiliados da Betwinner \u2714\ufe0f atraia jogadores e receba at\u00e9 60% de participa\u00e7\u00e3o nos lucros, ferramentas de marketing e cadastro r\u00e1pido. Ideal para afiliados com p\u00fablico \u2014 estat\u00edsticas transparentes, suporte e pagamentos ilimitados!","robots":{"index":"index","follow":"follow","max-snippet":"max-snippet:-1","max-image-preview":"max-image-preview:large","max-video-preview":"max-video-preview:-1"},"canonical":"http:\/\/betwinner.team\/br\/partners\/","og_locale":"pt_BR","og_type":"article","og_title":"Programa de afiliados da Betwinner Brasil \u27a4 RevShare","og_description":"Junte-se ao Programa de Afiliados da Betwinner \u2714\ufe0f atraia jogadores e receba at\u00e9 60% de participa\u00e7\u00e3o nos lucros, ferramentas de marketing e cadastro r\u00e1pido. Ideal para afiliados com p\u00fablico \u2014 estat\u00edsticas transparentes, suporte e pagamentos ilimitados!","og_url":"http:\/\/betwinner.team\/br\/partners\/","og_site_name":"Betwinner Team BR","article_modified_time":"2026-03-17T07:53:35+00:00","twitter_card":"summary_large_image","schema":{"@context":"https:\/\/schema.org","@graph":[{"@type":"WebPage","@id":"http:\/\/betwinner.team\/br\/partners\/","url":"http:\/\/betwinner.team\/br\/partners\/","name":"Programa de afiliados da Betwinner Brasil \u27a4 RevShare","isPartOf":{"@id":"https:\/\/betwinner.team\/br\/#website"},"datePublished":"2026-02-22T15:04:15+00:00","dateModified":"2026-03-17T07:53:35+00:00","description":"Junte-se ao Programa de Afiliados da Betwinner \u2714\ufe0f atraia jogadores e receba at\u00e9 60% de participa\u00e7\u00e3o nos lucros, ferramentas de marketing e cadastro r\u00e1pido. Ideal para afiliados com p\u00fablico \u2014 estat\u00edsticas transparentes, suporte e pagamentos ilimitados!","inLanguage":"pt-BR","potentialAction":[{"@type":"ReadAction","target":["http:\/\/betwinner.team\/br\/partners\/"]}]},{"@type":"WebSite","@id":"https:\/\/betwinner.team\/br\/#website","url":"https:\/\/betwinner.team\/br\/","name":"Betwinner Team BR","description":"","potentialAction":[{"@type":"SearchAction","target":{"@type":"EntryPoint","urlTemplate":"https:\/\/betwinner.team\/br\/?s={search_term_string}"},"query-input":{"@type":"PropertyValueSpecification","valueRequired":true,"valueName":"search_term_string"}}],"inLanguage":"pt-BR"}]}},"_links":{"self":[{"href":"https:\/\/betwinner.team\/br\/wp-json\/wp\/v2\/pages\/1560","targetHints":{"allow":["GET"]}}],"collection":[{"href":"https:\/\/betwinner.team\/br\/wp-json\/wp\/v2\/pages"}],"about":[{"href":"https:\/\/betwinner.team\/br\/wp-json\/wp\/v2\/types\/page"}],"author":[{"embeddable":true,"href":"https:\/\/betwinner.team\/br\/wp-json\/wp\/v2\/users\/1"}],"replies":[{"embeddable":true,"href":"https:\/\/betwinner.team\/br\/wp-json\/wp\/v2\/comments?post=1560"}],"version-history":[{"count":5,"href":"https:\/\/betwinner.team\/br\/wp-json\/wp\/v2\/pages\/1560\/revisions"}],"predecessor-version":[{"id":1632,"href":"https:\/\/betwinner.team\/br\/wp-json\/wp\/v2\/pages\/1560\/revisions\/1632"}],"wp:attachment":[{"href":"https:\/\/betwinner.team\/br\/wp-json\/wp\/v2\/media?parent=1560"}],"curies":[{"name":"wp","href":"https:\/\/api.w.org\/{rel}","templated":true}]}}