{"id":1543,"date":"2026-02-22T08:06:34","date_gmt":"2026-02-22T05:06:34","guid":{"rendered":"https:\/\/betwinner.team\/br\/?page_id=1543"},"modified":"2026-03-17T11:17:56","modified_gmt":"2026-03-17T08:17:56","slug":"registration","status":"publish","type":"page","link":"https:\/\/betwinner.team\/br\/registration\/","title":{"rendered":"Inscri\u00e7\u00e3o"},"content":{"rendered":"","protected":false},"excerpt":{"rendered":"","protected":false},"author":1,"featured_media":0,"parent":0,"menu_order":0,"comment_status":"closed","ping_status":"closed","template":"","meta":{"_acf_changed":false,"footnotes":""},"class_list":["post-1543","page","type-page","status-publish","hentry"],"acf":[],"yoast_head":"<!-- This site is optimized with the Yoast SEO plugin v26.9 - https:\/\/yoast.com\/product\/yoast-seo-wordpress\/ -->\n<title>Guia de cadastro na Betwinner Brasil com b\u00f4nus 2026<\/title>\n<meta name=\"description\" content=\"Cadastro r\u00e1pido na Betwinner \u2714\ufe0f Escolha um m\u00e9todo (um clique, telefone, e-mail), verifique sua conta e receba um b\u00f4nus de boas-vindas usando o c\u00f3digo promocional. Acesse mais de 9.000 eventos e milhares de ca\u00e7a-n\u00edqueis em todos os dispositivos \u2013 comece em apenas 1 minuto!\" \/>\n<meta name=\"robots\" content=\"index, follow, max-snippet:-1, max-image-preview:large, max-video-preview:-1\" \/>\n<link rel=\"canonical\" href=\"http:\/\/betwinner.team\/br\/registration\/\" \/>\n<meta property=\"og:locale\" content=\"pt_BR\" \/>\n<meta property=\"og:type\" content=\"article\" \/>\n<meta property=\"og:title\" content=\"Guia de cadastro na Betwinner Brasil com b\u00f4nus 2026\" \/>\n<meta property=\"og:description\" content=\"Cadastro r\u00e1pido na Betwinner \u2714\ufe0f Escolha um m\u00e9todo (um clique, telefone, e-mail), verifique sua conta e receba um b\u00f4nus de boas-vindas usando o c\u00f3digo promocional. Acesse mais de 9.000 eventos e milhares de ca\u00e7a-n\u00edqueis em todos os dispositivos \u2013 comece em apenas 1 minuto!\" \/>\n<meta property=\"og:url\" content=\"http:\/\/betwinner.team\/br\/registration\/\" \/>\n<meta property=\"og:site_name\" content=\"Betwinner Team BR\" \/>\n<meta property=\"article:modified_time\" content=\"2026-03-17T08:17:56+00:00\" \/>\n<meta name=\"twitter:card\" content=\"summary_large_image\" \/>\n<script type=\"application\/ld+json\" class=\"yoast-schema-graph\">{\"@context\":\"https:\/\/schema.org\",\"@graph\":[{\"@type\":\"WebPage\",\"@id\":\"http:\/\/betwinner.team\/br\/registration\/\",\"url\":\"http:\/\/betwinner.team\/br\/registration\/\",\"name\":\"Guia de cadastro na Betwinner Brasil com b\u00f4nus 2026\",\"isPartOf\":{\"@id\":\"https:\/\/betwinner.team\/br\/#website\"},\"datePublished\":\"2026-02-22T05:06:34+00:00\",\"dateModified\":\"2026-03-17T08:17:56+00:00\",\"description\":\"Cadastro r\u00e1pido na Betwinner \u2714\ufe0f Escolha um m\u00e9todo (um clique, telefone, e-mail), verifique sua conta e receba um b\u00f4nus de boas-vindas usando o c\u00f3digo promocional. Acesse mais de 9.000 eventos e milhares de ca\u00e7a-n\u00edqueis em todos os dispositivos \u2013 comece em apenas 1 minuto!\",\"inLanguage\":\"pt-BR\",\"potentialAction\":[{\"@type\":\"ReadAction\",\"target\":[\"http:\/\/betwinner.team\/br\/registration\/\"]}]},{\"@type\":\"WebSite\",\"@id\":\"https:\/\/betwinner.team\/br\/#website\",\"url\":\"https:\/\/betwinner.team\/br\/\",\"name\":\"Betwinner Team BR\",\"description\":\"\",\"potentialAction\":[{\"@type\":\"SearchAction\",\"target\":{\"@type\":\"EntryPoint\",\"urlTemplate\":\"https:\/\/betwinner.team\/br\/?s={search_term_string}\"},\"query-input\":{\"@type\":\"PropertyValueSpecification\",\"valueRequired\":true,\"valueName\":\"search_term_string\"}}],\"inLanguage\":\"pt-BR\"}]}<\/script>\n<!-- \/ Yoast SEO plugin. -->","yoast_head_json":{"title":"Guia de cadastro na Betwinner Brasil com b\u00f4nus 2026","description":"Cadastro r\u00e1pido na Betwinner \u2714\ufe0f Escolha um m\u00e9todo (um clique, telefone, e-mail), verifique sua conta e receba um b\u00f4nus de boas-vindas usando o c\u00f3digo promocional. Acesse mais de 9.000 eventos e milhares de ca\u00e7a-n\u00edqueis em todos os dispositivos \u2013 comece em apenas 1 minuto!","robots":{"index":"index","follow":"follow","max-snippet":"max-snippet:-1","max-image-preview":"max-image-preview:large","max-video-preview":"max-video-preview:-1"},"canonical":"http:\/\/betwinner.team\/br\/registration\/","og_locale":"pt_BR","og_type":"article","og_title":"Guia de cadastro na Betwinner Brasil com b\u00f4nus 2026","og_description":"Cadastro r\u00e1pido na Betwinner \u2714\ufe0f Escolha um m\u00e9todo (um clique, telefone, e-mail), verifique sua conta e receba um b\u00f4nus de boas-vindas usando o c\u00f3digo promocional. Acesse mais de 9.000 eventos e milhares de ca\u00e7a-n\u00edqueis em todos os dispositivos \u2013 comece em apenas 1 minuto!","og_url":"http:\/\/betwinner.team\/br\/registration\/","og_site_name":"Betwinner Team BR","article_modified_time":"2026-03-17T08:17:56+00:00","twitter_card":"summary_large_image","schema":{"@context":"https:\/\/schema.org","@graph":[{"@type":"WebPage","@id":"http:\/\/betwinner.team\/br\/registration\/","url":"http:\/\/betwinner.team\/br\/registration\/","name":"Guia de cadastro na Betwinner Brasil com b\u00f4nus 2026","isPartOf":{"@id":"https:\/\/betwinner.team\/br\/#website"},"datePublished":"2026-02-22T05:06:34+00:00","dateModified":"2026-03-17T08:17:56+00:00","description":"Cadastro r\u00e1pido na Betwinner \u2714\ufe0f Escolha um m\u00e9todo (um clique, telefone, e-mail), verifique sua conta e receba um b\u00f4nus de boas-vindas usando o c\u00f3digo promocional. Acesse mais de 9.000 eventos e milhares de ca\u00e7a-n\u00edqueis em todos os dispositivos \u2013 comece em apenas 1 minuto!","inLanguage":"pt-BR","potentialAction":[{"@type":"ReadAction","target":["http:\/\/betwinner.team\/br\/registration\/"]}]},{"@type":"WebSite","@id":"https:\/\/betwinner.team\/br\/#website","url":"https:\/\/betwinner.team\/br\/","name":"Betwinner Team BR","description":"","potentialAction":[{"@type":"SearchAction","target":{"@type":"EntryPoint","urlTemplate":"https:\/\/betwinner.team\/br\/?s={search_term_string}"},"query-input":{"@type":"PropertyValueSpecification","valueRequired":true,"valueName":"search_term_string"}}],"inLanguage":"pt-BR"}]}},"_links":{"self":[{"href":"https:\/\/betwinner.team\/br\/wp-json\/wp\/v2\/pages\/1543","targetHints":{"allow":["GET"]}}],"collection":[{"href":"https:\/\/betwinner.team\/br\/wp-json\/wp\/v2\/pages"}],"about":[{"href":"https:\/\/betwinner.team\/br\/wp-json\/wp\/v2\/types\/page"}],"author":[{"embeddable":true,"href":"https:\/\/betwinner.team\/br\/wp-json\/wp\/v2\/users\/1"}],"replies":[{"embeddable":true,"href":"https:\/\/betwinner.team\/br\/wp-json\/wp\/v2\/comments?post=1543"}],"version-history":[{"count":5,"href":"https:\/\/betwinner.team\/br\/wp-json\/wp\/v2\/pages\/1543\/revisions"}],"predecessor-version":[{"id":1636,"href":"https:\/\/betwinner.team\/br\/wp-json\/wp\/v2\/pages\/1543\/revisions\/1636"}],"wp:attachment":[{"href":"https:\/\/betwinner.team\/br\/wp-json\/wp\/v2\/media?parent=1543"}],"curies":[{"name":"wp","href":"https:\/\/api.w.org\/{rel}","templated":true}]}}