{"id":1520,"date":"2026-02-21T15:19:01","date_gmt":"2026-02-21T12:19:01","guid":{"rendered":"https:\/\/betwinner.team\/br\/?page_id=1520"},"modified":"2026-03-17T11:03:03","modified_gmt":"2026-03-17T08:03:03","slug":"promo-code","status":"publish","type":"page","link":"https:\/\/betwinner.team\/br\/promo-code\/","title":{"rendered":"C\u00f3digo promocional"},"content":{"rendered":"","protected":false},"excerpt":{"rendered":"","protected":false},"author":1,"featured_media":0,"parent":0,"menu_order":0,"comment_status":"closed","ping_status":"closed","template":"","meta":{"_acf_changed":false,"footnotes":""},"class_list":["post-1520","page","type-page","status-publish","hentry"],"acf":[],"yoast_head":"<!-- This site is optimized with the Yoast SEO plugin v26.9 - https:\/\/yoast.com\/product\/yoast-seo-wordpress\/ -->\n<title>C\u00f3digos promocionais da Betwinner 2026 \u2705 C\u00f3digos para b\u00f4nus<\/title>\n<meta name=\"description\" content=\"Ative os c\u00f3digos promocionais da Betwinner Brasil \u2705 c\u00f3digos di\u00e1rios para rodadas gr\u00e1tis e reembolso. Descubra onde obter os c\u00f3digos promocionais mais recentes, como inseri-los durante o cadastro e como utiliz\u00e1-los nas slots \u2014 jogue por mais tempo sem custos desnecess\u00e1rios!\" \/>\n<meta name=\"robots\" content=\"index, follow, max-snippet:-1, max-image-preview:large, max-video-preview:-1\" \/>\n<link rel=\"canonical\" href=\"http:\/\/betwinner.team\/br\/promo-code\/\" \/>\n<meta property=\"og:locale\" content=\"pt_BR\" \/>\n<meta property=\"og:type\" content=\"article\" \/>\n<meta property=\"og:title\" content=\"C\u00f3digos promocionais da Betwinner 2026 \u2705 C\u00f3digos para b\u00f4nus\" \/>\n<meta property=\"og:description\" content=\"Ative os c\u00f3digos promocionais da Betwinner Brasil \u2705 c\u00f3digos di\u00e1rios para rodadas gr\u00e1tis e reembolso. Descubra onde obter os c\u00f3digos promocionais mais recentes, como inseri-los durante o cadastro e como utiliz\u00e1-los nas slots \u2014 jogue por mais tempo sem custos desnecess\u00e1rios!\" \/>\n<meta property=\"og:url\" content=\"http:\/\/betwinner.team\/br\/promo-code\/\" \/>\n<meta property=\"og:site_name\" content=\"Betwinner Team BR\" \/>\n<meta property=\"article:modified_time\" content=\"2026-03-17T08:03:03+00:00\" \/>\n<meta name=\"twitter:card\" content=\"summary_large_image\" \/>\n<script type=\"application\/ld+json\" class=\"yoast-schema-graph\">{\"@context\":\"https:\/\/schema.org\",\"@graph\":[{\"@type\":\"WebPage\",\"@id\":\"http:\/\/betwinner.team\/br\/promo-code\/\",\"url\":\"http:\/\/betwinner.team\/br\/promo-code\/\",\"name\":\"C\u00f3digos promocionais da Betwinner 2026 \u2705 C\u00f3digos para b\u00f4nus\",\"isPartOf\":{\"@id\":\"https:\/\/betwinner.team\/br\/#website\"},\"datePublished\":\"2026-02-21T12:19:01+00:00\",\"dateModified\":\"2026-03-17T08:03:03+00:00\",\"description\":\"Ative os c\u00f3digos promocionais da Betwinner Brasil \u2705 c\u00f3digos di\u00e1rios para rodadas gr\u00e1tis e reembolso. Descubra onde obter os c\u00f3digos promocionais mais recentes, como inseri-los durante o cadastro e como utiliz\u00e1-los nas slots \u2014 jogue por mais tempo sem custos desnecess\u00e1rios!\",\"inLanguage\":\"pt-BR\",\"potentialAction\":[{\"@type\":\"ReadAction\",\"target\":[\"http:\/\/betwinner.team\/br\/promo-code\/\"]}]},{\"@type\":\"WebSite\",\"@id\":\"https:\/\/betwinner.team\/br\/#website\",\"url\":\"https:\/\/betwinner.team\/br\/\",\"name\":\"Betwinner Team BR\",\"description\":\"\",\"potentialAction\":[{\"@type\":\"SearchAction\",\"target\":{\"@type\":\"EntryPoint\",\"urlTemplate\":\"https:\/\/betwinner.team\/br\/?s={search_term_string}\"},\"query-input\":{\"@type\":\"PropertyValueSpecification\",\"valueRequired\":true,\"valueName\":\"search_term_string\"}}],\"inLanguage\":\"pt-BR\"}]}<\/script>\n<!-- \/ Yoast SEO plugin. -->","yoast_head_json":{"title":"C\u00f3digos promocionais da Betwinner 2026 \u2705 C\u00f3digos para b\u00f4nus","description":"Ative os c\u00f3digos promocionais da Betwinner Brasil \u2705 c\u00f3digos di\u00e1rios para rodadas gr\u00e1tis e reembolso. Descubra onde obter os c\u00f3digos promocionais mais recentes, como inseri-los durante o cadastro e como utiliz\u00e1-los nas slots \u2014 jogue por mais tempo sem custos desnecess\u00e1rios!","robots":{"index":"index","follow":"follow","max-snippet":"max-snippet:-1","max-image-preview":"max-image-preview:large","max-video-preview":"max-video-preview:-1"},"canonical":"http:\/\/betwinner.team\/br\/promo-code\/","og_locale":"pt_BR","og_type":"article","og_title":"C\u00f3digos promocionais da Betwinner 2026 \u2705 C\u00f3digos para b\u00f4nus","og_description":"Ative os c\u00f3digos promocionais da Betwinner Brasil \u2705 c\u00f3digos di\u00e1rios para rodadas gr\u00e1tis e reembolso. Descubra onde obter os c\u00f3digos promocionais mais recentes, como inseri-los durante o cadastro e como utiliz\u00e1-los nas slots \u2014 jogue por mais tempo sem custos desnecess\u00e1rios!","og_url":"http:\/\/betwinner.team\/br\/promo-code\/","og_site_name":"Betwinner Team BR","article_modified_time":"2026-03-17T08:03:03+00:00","twitter_card":"summary_large_image","schema":{"@context":"https:\/\/schema.org","@graph":[{"@type":"WebPage","@id":"http:\/\/betwinner.team\/br\/promo-code\/","url":"http:\/\/betwinner.team\/br\/promo-code\/","name":"C\u00f3digos promocionais da Betwinner 2026 \u2705 C\u00f3digos para b\u00f4nus","isPartOf":{"@id":"https:\/\/betwinner.team\/br\/#website"},"datePublished":"2026-02-21T12:19:01+00:00","dateModified":"2026-03-17T08:03:03+00:00","description":"Ative os c\u00f3digos promocionais da Betwinner Brasil \u2705 c\u00f3digos di\u00e1rios para rodadas gr\u00e1tis e reembolso. Descubra onde obter os c\u00f3digos promocionais mais recentes, como inseri-los durante o cadastro e como utiliz\u00e1-los nas slots \u2014 jogue por mais tempo sem custos desnecess\u00e1rios!","inLanguage":"pt-BR","potentialAction":[{"@type":"ReadAction","target":["http:\/\/betwinner.team\/br\/promo-code\/"]}]},{"@type":"WebSite","@id":"https:\/\/betwinner.team\/br\/#website","url":"https:\/\/betwinner.team\/br\/","name":"Betwinner Team BR","description":"","potentialAction":[{"@type":"SearchAction","target":{"@type":"EntryPoint","urlTemplate":"https:\/\/betwinner.team\/br\/?s={search_term_string}"},"query-input":{"@type":"PropertyValueSpecification","valueRequired":true,"valueName":"search_term_string"}}],"inLanguage":"pt-BR"}]}},"_links":{"self":[{"href":"https:\/\/betwinner.team\/br\/wp-json\/wp\/v2\/pages\/1520","targetHints":{"allow":["GET"]}}],"collection":[{"href":"https:\/\/betwinner.team\/br\/wp-json\/wp\/v2\/pages"}],"about":[{"href":"https:\/\/betwinner.team\/br\/wp-json\/wp\/v2\/types\/page"}],"author":[{"embeddable":true,"href":"https:\/\/betwinner.team\/br\/wp-json\/wp\/v2\/users\/1"}],"replies":[{"embeddable":true,"href":"https:\/\/betwinner.team\/br\/wp-json\/wp\/v2\/comments?post=1520"}],"version-history":[{"count":5,"href":"https:\/\/betwinner.team\/br\/wp-json\/wp\/v2\/pages\/1520\/revisions"}],"predecessor-version":[{"id":1634,"href":"https:\/\/betwinner.team\/br\/wp-json\/wp\/v2\/pages\/1520\/revisions\/1634"}],"wp:attachment":[{"href":"https:\/\/betwinner.team\/br\/wp-json\/wp\/v2\/media?parent=1520"}],"curies":[{"name":"wp","href":"https:\/\/api.w.org\/{rel}","templated":true}]}}