{"id":1495,"date":"2026-02-20T12:53:50","date_gmt":"2026-02-20T09:53:50","guid":{"rendered":"https:\/\/betwinner.team\/br\/?page_id=1495"},"modified":"2026-03-16T17:34:51","modified_gmt":"2026-03-16T14:34:51","slug":"bonus","status":"publish","type":"page","link":"https:\/\/betwinner.team\/br\/bonus\/","title":{"rendered":"B\u00f4nus"},"content":{"rendered":"","protected":false},"excerpt":{"rendered":"","protected":false},"author":1,"featured_media":0,"parent":0,"menu_order":0,"comment_status":"closed","ping_status":"closed","template":"","meta":{"_acf_changed":false,"footnotes":""},"class_list":["post-1495","page","type-page","status-publish","hentry"],"acf":[],"yoast_head":"<!-- This site is optimized with the Yoast SEO plugin v26.9 - https:\/\/yoast.com\/product\/yoast-seo-wordpress\/ -->\n<title>B\u00f4nus da Betwinner Brasil \u27a4 promo\u00e7\u00f5es de cassino<\/title>\n<meta name=\"description\" content=\"Receba um b\u00f4nus de boas-vindas da Betwinner no seu dep\u00f3sito, rodadas gr\u00e1tis di\u00e1rias e promo\u00e7\u00f5es para os seus ganhos. Jogos certificados + assist\u00eancia financeira \u2014 ative o c\u00f3digo promocional e comece a jogar sem perder nada!\" \/>\n<meta name=\"robots\" content=\"index, follow, max-snippet:-1, max-image-preview:large, max-video-preview:-1\" \/>\n<link rel=\"canonical\" href=\"http:\/\/betwinner.team\/br\/bonus\/\" \/>\n<meta property=\"og:locale\" content=\"pt_BR\" \/>\n<meta property=\"og:type\" content=\"article\" \/>\n<meta property=\"og:title\" content=\"B\u00f4nus da Betwinner Brasil \u27a4 promo\u00e7\u00f5es de cassino\" \/>\n<meta property=\"og:description\" content=\"Receba um b\u00f4nus de boas-vindas da Betwinner no seu dep\u00f3sito, rodadas gr\u00e1tis di\u00e1rias e promo\u00e7\u00f5es para os seus ganhos. Jogos certificados + assist\u00eancia financeira \u2014 ative o c\u00f3digo promocional e comece a jogar sem perder nada!\" \/>\n<meta property=\"og:url\" content=\"http:\/\/betwinner.team\/br\/bonus\/\" \/>\n<meta property=\"og:site_name\" content=\"Betwinner Team BR\" \/>\n<meta property=\"article:modified_time\" content=\"2026-03-16T14:34:51+00:00\" \/>\n<meta name=\"twitter:card\" content=\"summary_large_image\" \/>\n<script type=\"application\/ld+json\" class=\"yoast-schema-graph\">{\"@context\":\"https:\/\/schema.org\",\"@graph\":[{\"@type\":\"WebPage\",\"@id\":\"http:\/\/betwinner.team\/br\/bonus\/\",\"url\":\"http:\/\/betwinner.team\/br\/bonus\/\",\"name\":\"B\u00f4nus da Betwinner Brasil \u27a4 promo\u00e7\u00f5es de cassino\",\"isPartOf\":{\"@id\":\"https:\/\/betwinner.team\/br\/#website\"},\"datePublished\":\"2026-02-20T09:53:50+00:00\",\"dateModified\":\"2026-03-16T14:34:51+00:00\",\"description\":\"Receba um b\u00f4nus de boas-vindas da Betwinner no seu dep\u00f3sito, rodadas gr\u00e1tis di\u00e1rias e promo\u00e7\u00f5es para os seus ganhos. Jogos certificados + assist\u00eancia financeira \u2014 ative o c\u00f3digo promocional e comece a jogar sem perder nada!\",\"inLanguage\":\"pt-BR\",\"potentialAction\":[{\"@type\":\"ReadAction\",\"target\":[\"http:\/\/betwinner.team\/br\/bonus\/\"]}]},{\"@type\":\"WebSite\",\"@id\":\"https:\/\/betwinner.team\/br\/#website\",\"url\":\"https:\/\/betwinner.team\/br\/\",\"name\":\"Betwinner Team BR\",\"description\":\"\",\"potentialAction\":[{\"@type\":\"SearchAction\",\"target\":{\"@type\":\"EntryPoint\",\"urlTemplate\":\"https:\/\/betwinner.team\/br\/?s={search_term_string}\"},\"query-input\":{\"@type\":\"PropertyValueSpecification\",\"valueRequired\":true,\"valueName\":\"search_term_string\"}}],\"inLanguage\":\"pt-BR\"}]}<\/script>\n<!-- \/ Yoast SEO plugin. -->","yoast_head_json":{"title":"B\u00f4nus da Betwinner Brasil \u27a4 promo\u00e7\u00f5es de cassino","description":"Receba um b\u00f4nus de boas-vindas da Betwinner no seu dep\u00f3sito, rodadas gr\u00e1tis di\u00e1rias e promo\u00e7\u00f5es para os seus ganhos. Jogos certificados + assist\u00eancia financeira \u2014 ative o c\u00f3digo promocional e comece a jogar sem perder nada!","robots":{"index":"index","follow":"follow","max-snippet":"max-snippet:-1","max-image-preview":"max-image-preview:large","max-video-preview":"max-video-preview:-1"},"canonical":"http:\/\/betwinner.team\/br\/bonus\/","og_locale":"pt_BR","og_type":"article","og_title":"B\u00f4nus da Betwinner Brasil \u27a4 promo\u00e7\u00f5es de cassino","og_description":"Receba um b\u00f4nus de boas-vindas da Betwinner no seu dep\u00f3sito, rodadas gr\u00e1tis di\u00e1rias e promo\u00e7\u00f5es para os seus ganhos. Jogos certificados + assist\u00eancia financeira \u2014 ative o c\u00f3digo promocional e comece a jogar sem perder nada!","og_url":"http:\/\/betwinner.team\/br\/bonus\/","og_site_name":"Betwinner Team BR","article_modified_time":"2026-03-16T14:34:51+00:00","twitter_card":"summary_large_image","schema":{"@context":"https:\/\/schema.org","@graph":[{"@type":"WebPage","@id":"http:\/\/betwinner.team\/br\/bonus\/","url":"http:\/\/betwinner.team\/br\/bonus\/","name":"B\u00f4nus da Betwinner Brasil \u27a4 promo\u00e7\u00f5es de cassino","isPartOf":{"@id":"https:\/\/betwinner.team\/br\/#website"},"datePublished":"2026-02-20T09:53:50+00:00","dateModified":"2026-03-16T14:34:51+00:00","description":"Receba um b\u00f4nus de boas-vindas da Betwinner no seu dep\u00f3sito, rodadas gr\u00e1tis di\u00e1rias e promo\u00e7\u00f5es para os seus ganhos. Jogos certificados + assist\u00eancia financeira \u2014 ative o c\u00f3digo promocional e comece a jogar sem perder nada!","inLanguage":"pt-BR","potentialAction":[{"@type":"ReadAction","target":["http:\/\/betwinner.team\/br\/bonus\/"]}]},{"@type":"WebSite","@id":"https:\/\/betwinner.team\/br\/#website","url":"https:\/\/betwinner.team\/br\/","name":"Betwinner Team BR","description":"","potentialAction":[{"@type":"SearchAction","target":{"@type":"EntryPoint","urlTemplate":"https:\/\/betwinner.team\/br\/?s={search_term_string}"},"query-input":{"@type":"PropertyValueSpecification","valueRequired":true,"valueName":"search_term_string"}}],"inLanguage":"pt-BR"}]}},"_links":{"self":[{"href":"https:\/\/betwinner.team\/br\/wp-json\/wp\/v2\/pages\/1495","targetHints":{"allow":["GET"]}}],"collection":[{"href":"https:\/\/betwinner.team\/br\/wp-json\/wp\/v2\/pages"}],"about":[{"href":"https:\/\/betwinner.team\/br\/wp-json\/wp\/v2\/types\/page"}],"author":[{"embeddable":true,"href":"https:\/\/betwinner.team\/br\/wp-json\/wp\/v2\/users\/1"}],"replies":[{"embeddable":true,"href":"https:\/\/betwinner.team\/br\/wp-json\/wp\/v2\/comments?post=1495"}],"version-history":[{"count":5,"href":"https:\/\/betwinner.team\/br\/wp-json\/wp\/v2\/pages\/1495\/revisions"}],"predecessor-version":[{"id":1627,"href":"https:\/\/betwinner.team\/br\/wp-json\/wp\/v2\/pages\/1495\/revisions\/1627"}],"wp:attachment":[{"href":"https:\/\/betwinner.team\/br\/wp-json\/wp\/v2\/media?parent=1495"}],"curies":[{"name":"wp","href":"https:\/\/api.w.org\/{rel}","templated":true}]}}