{"id":1449,"date":"2026-02-16T18:30:45","date_gmt":"2026-02-16T15:30:45","guid":{"rendered":"https:\/\/betwinner.team\/br\/?page_id=1449"},"modified":"2026-03-16T16:41:47","modified_gmt":"2026-03-16T13:41:47","slug":"apk","status":"publish","type":"page","link":"https:\/\/betwinner.team\/br\/apk\/","title":{"rendered":"APK"},"content":{"rendered":"","protected":false},"excerpt":{"rendered":"","protected":false},"author":1,"featured_media":0,"parent":0,"menu_order":0,"comment_status":"closed","ping_status":"closed","template":"","meta":{"_acf_changed":false,"footnotes":""},"class_list":["post-1449","page","type-page","status-publish","hentry"],"acf":[],"yoast_head":"<!-- This site is optimized with the Yoast SEO plugin v26.9 - https:\/\/yoast.com\/product\/yoast-seo-wordpress\/ -->\n<title>Betwinner Brasil APK \u27a4 Baixe o aplicativo oficial para Android<\/title>\n<meta name=\"description\" content=\"Baixe gratuitamente o APK mais recente da Betwinner: um aplicativo m\u00f3vel pr\u00e1tico para apostas esportivas, cassino e jogos ao vivo com \u00f3timas odds, dep\u00f3sitos e saques instant\u00e2neos. Ganhe um b\u00f4nus de boas-vindas de at\u00e9 100% no seu primeiro dep\u00f3sito \u2013 cadastre-se, instale o APK e aposte onde estiver!\" \/>\n<meta name=\"robots\" content=\"index, follow, max-snippet:-1, max-image-preview:large, max-video-preview:-1\" \/>\n<link rel=\"canonical\" href=\"https:\/\/betwinner.team\/br\/apk\/\" \/>\n<meta property=\"og:locale\" content=\"pt_BR\" \/>\n<meta property=\"og:type\" content=\"article\" \/>\n<meta property=\"og:title\" content=\"Betwinner Brasil APK \u27a4 Baixe o aplicativo oficial para Android\" \/>\n<meta property=\"og:description\" content=\"Baixe gratuitamente o APK mais recente da Betwinner: um aplicativo m\u00f3vel pr\u00e1tico para apostas esportivas, cassino e jogos ao vivo com \u00f3timas odds, dep\u00f3sitos e saques instant\u00e2neos. Ganhe um b\u00f4nus de boas-vindas de at\u00e9 100% no seu primeiro dep\u00f3sito \u2013 cadastre-se, instale o APK e aposte onde estiver!\" \/>\n<meta property=\"og:url\" content=\"https:\/\/betwinner.team\/br\/apk\/\" \/>\n<meta property=\"og:site_name\" content=\"Betwinner Team BR\" \/>\n<meta property=\"article:modified_time\" content=\"2026-03-16T13:41:47+00:00\" \/>\n<meta name=\"twitter:card\" content=\"summary_large_image\" \/>\n<script type=\"application\/ld+json\" class=\"yoast-schema-graph\">{\"@context\":\"https:\/\/schema.org\",\"@graph\":[{\"@type\":\"WebPage\",\"@id\":\"https:\/\/betwinner.team\/br\/apk\/\",\"url\":\"https:\/\/betwinner.team\/br\/apk\/\",\"name\":\"Betwinner Brasil APK \u27a4 Baixe o aplicativo oficial para Android\",\"isPartOf\":{\"@id\":\"https:\/\/betwinner.team\/br\/#website\"},\"datePublished\":\"2026-02-16T15:30:45+00:00\",\"dateModified\":\"2026-03-16T13:41:47+00:00\",\"description\":\"Baixe gratuitamente o APK mais recente da Betwinner: um aplicativo m\u00f3vel pr\u00e1tico para apostas esportivas, cassino e jogos ao vivo com \u00f3timas odds, dep\u00f3sitos e saques instant\u00e2neos. Ganhe um b\u00f4nus de boas-vindas de at\u00e9 100% no seu primeiro dep\u00f3sito \u2013 cadastre-se, instale o APK e aposte onde estiver!\",\"inLanguage\":\"pt-BR\",\"potentialAction\":[{\"@type\":\"ReadAction\",\"target\":[\"https:\/\/betwinner.team\/br\/apk\/\"]}]},{\"@type\":\"WebSite\",\"@id\":\"https:\/\/betwinner.team\/br\/#website\",\"url\":\"https:\/\/betwinner.team\/br\/\",\"name\":\"Betwinner Team BR\",\"description\":\"\",\"potentialAction\":[{\"@type\":\"SearchAction\",\"target\":{\"@type\":\"EntryPoint\",\"urlTemplate\":\"https:\/\/betwinner.team\/br\/?s={search_term_string}\"},\"query-input\":{\"@type\":\"PropertyValueSpecification\",\"valueRequired\":true,\"valueName\":\"search_term_string\"}}],\"inLanguage\":\"pt-BR\"}]}<\/script>\n<!-- \/ Yoast SEO plugin. -->","yoast_head_json":{"title":"Betwinner Brasil APK \u27a4 Baixe o aplicativo oficial para Android","description":"Baixe gratuitamente o APK mais recente da Betwinner: um aplicativo m\u00f3vel pr\u00e1tico para apostas esportivas, cassino e jogos ao vivo com \u00f3timas odds, dep\u00f3sitos e saques instant\u00e2neos. Ganhe um b\u00f4nus de boas-vindas de at\u00e9 100% no seu primeiro dep\u00f3sito \u2013 cadastre-se, instale o APK e aposte onde estiver!","robots":{"index":"index","follow":"follow","max-snippet":"max-snippet:-1","max-image-preview":"max-image-preview:large","max-video-preview":"max-video-preview:-1"},"canonical":"https:\/\/betwinner.team\/br\/apk\/","og_locale":"pt_BR","og_type":"article","og_title":"Betwinner Brasil APK \u27a4 Baixe o aplicativo oficial para Android","og_description":"Baixe gratuitamente o APK mais recente da Betwinner: um aplicativo m\u00f3vel pr\u00e1tico para apostas esportivas, cassino e jogos ao vivo com \u00f3timas odds, dep\u00f3sitos e saques instant\u00e2neos. Ganhe um b\u00f4nus de boas-vindas de at\u00e9 100% no seu primeiro dep\u00f3sito \u2013 cadastre-se, instale o APK e aposte onde estiver!","og_url":"https:\/\/betwinner.team\/br\/apk\/","og_site_name":"Betwinner Team BR","article_modified_time":"2026-03-16T13:41:47+00:00","twitter_card":"summary_large_image","schema":{"@context":"https:\/\/schema.org","@graph":[{"@type":"WebPage","@id":"https:\/\/betwinner.team\/br\/apk\/","url":"https:\/\/betwinner.team\/br\/apk\/","name":"Betwinner Brasil APK \u27a4 Baixe o aplicativo oficial para Android","isPartOf":{"@id":"https:\/\/betwinner.team\/br\/#website"},"datePublished":"2026-02-16T15:30:45+00:00","dateModified":"2026-03-16T13:41:47+00:00","description":"Baixe gratuitamente o APK mais recente da Betwinner: um aplicativo m\u00f3vel pr\u00e1tico para apostas esportivas, cassino e jogos ao vivo com \u00f3timas odds, dep\u00f3sitos e saques instant\u00e2neos. Ganhe um b\u00f4nus de boas-vindas de at\u00e9 100% no seu primeiro dep\u00f3sito \u2013 cadastre-se, instale o APK e aposte onde estiver!","inLanguage":"pt-BR","potentialAction":[{"@type":"ReadAction","target":["https:\/\/betwinner.team\/br\/apk\/"]}]},{"@type":"WebSite","@id":"https:\/\/betwinner.team\/br\/#website","url":"https:\/\/betwinner.team\/br\/","name":"Betwinner Team BR","description":"","potentialAction":[{"@type":"SearchAction","target":{"@type":"EntryPoint","urlTemplate":"https:\/\/betwinner.team\/br\/?s={search_term_string}"},"query-input":{"@type":"PropertyValueSpecification","valueRequired":true,"valueName":"search_term_string"}}],"inLanguage":"pt-BR"}]}},"_links":{"self":[{"href":"https:\/\/betwinner.team\/br\/wp-json\/wp\/v2\/pages\/1449","targetHints":{"allow":["GET"]}}],"collection":[{"href":"https:\/\/betwinner.team\/br\/wp-json\/wp\/v2\/pages"}],"about":[{"href":"https:\/\/betwinner.team\/br\/wp-json\/wp\/v2\/types\/page"}],"author":[{"embeddable":true,"href":"https:\/\/betwinner.team\/br\/wp-json\/wp\/v2\/users\/1"}],"replies":[{"embeddable":true,"href":"https:\/\/betwinner.team\/br\/wp-json\/wp\/v2\/comments?post=1449"}],"version-history":[{"count":5,"href":"https:\/\/betwinner.team\/br\/wp-json\/wp\/v2\/pages\/1449\/revisions"}],"predecessor-version":[{"id":1625,"href":"https:\/\/betwinner.team\/br\/wp-json\/wp\/v2\/pages\/1449\/revisions\/1625"}],"wp:attachment":[{"href":"https:\/\/betwinner.team\/br\/wp-json\/wp\/v2\/media?parent=1449"}],"curies":[{"name":"wp","href":"https:\/\/api.w.org\/{rel}","templated":true}]}}