{"id":1423,"date":"2026-02-11T12:28:48","date_gmt":"2026-02-11T09:28:48","guid":{"rendered":"https:\/\/betwinner.team\/br\/?page_id=1423"},"modified":"2026-03-16T16:57:19","modified_gmt":"2026-03-16T13:57:19","slug":"app","status":"publish","type":"page","link":"https:\/\/betwinner.team\/br\/app\/","title":{"rendered":"Aplicativo"},"content":{"rendered":"","protected":false},"excerpt":{"rendered":"","protected":false},"author":1,"featured_media":0,"parent":0,"menu_order":0,"comment_status":"closed","ping_status":"closed","template":"","meta":{"_acf_changed":false,"footnotes":""},"class_list":["post-1423","page","type-page","status-publish","hentry"],"acf":[],"yoast_head":"<!-- This site is optimized with the Yoast SEO plugin v26.9 - https:\/\/yoast.com\/product\/yoast-seo-wordpress\/ -->\n<title>Baixe o aplicativo Betwinner Brasil \u27a4 Apostas e cassino<\/title>\n<meta name=\"description\" content=\"Aplicativo oficial da Betwinner para Android e iOS: apostas ao vivo em mais de 1.000 eventos, ca\u00e7a-n\u00edqueis de cassino, saques r\u00e1pidos e os principais esportes com um \u00fanico clique. Baixe o aplicativo gratuitamente, cadastre-se com um c\u00f3digo promocional e ganhe um b\u00f4nus de boas-vindas de at\u00e9 100% + reembolso \u2014 jogue sem demora em qualquer lugar!\" \/>\n<meta name=\"robots\" content=\"index, follow, max-snippet:-1, max-image-preview:large, max-video-preview:-1\" \/>\n<link rel=\"canonical\" href=\"https:\/\/betwinner.team\/br\/app\/\" \/>\n<meta property=\"og:locale\" content=\"pt_BR\" \/>\n<meta property=\"og:type\" content=\"article\" \/>\n<meta property=\"og:title\" content=\"Baixe o aplicativo Betwinner Brasil \u27a4 Apostas e cassino\" \/>\n<meta property=\"og:description\" content=\"Aplicativo oficial da Betwinner para Android e iOS: apostas ao vivo em mais de 1.000 eventos, ca\u00e7a-n\u00edqueis de cassino, saques r\u00e1pidos e os principais esportes com um \u00fanico clique. Baixe o aplicativo gratuitamente, cadastre-se com um c\u00f3digo promocional e ganhe um b\u00f4nus de boas-vindas de at\u00e9 100% + reembolso \u2014 jogue sem demora em qualquer lugar!\" \/>\n<meta property=\"og:url\" content=\"https:\/\/betwinner.team\/br\/app\/\" \/>\n<meta property=\"og:site_name\" content=\"Betwinner Team BR\" \/>\n<meta property=\"article:modified_time\" content=\"2026-03-16T13:57:19+00:00\" \/>\n<meta name=\"twitter:card\" content=\"summary_large_image\" \/>\n<script type=\"application\/ld+json\" class=\"yoast-schema-graph\">{\"@context\":\"https:\/\/schema.org\",\"@graph\":[{\"@type\":\"WebPage\",\"@id\":\"https:\/\/betwinner.team\/br\/app\/\",\"url\":\"https:\/\/betwinner.team\/br\/app\/\",\"name\":\"Baixe o aplicativo Betwinner Brasil \u27a4 Apostas e cassino\",\"isPartOf\":{\"@id\":\"https:\/\/betwinner.team\/br\/#website\"},\"datePublished\":\"2026-02-11T09:28:48+00:00\",\"dateModified\":\"2026-03-16T13:57:19+00:00\",\"description\":\"Aplicativo oficial da Betwinner para Android e iOS: apostas ao vivo em mais de 1.000 eventos, ca\u00e7a-n\u00edqueis de cassino, saques r\u00e1pidos e os principais esportes com um \u00fanico clique. Baixe o aplicativo gratuitamente, cadastre-se com um c\u00f3digo promocional e ganhe um b\u00f4nus de boas-vindas de at\u00e9 100% + reembolso \u2014 jogue sem demora em qualquer lugar!\",\"inLanguage\":\"pt-BR\",\"potentialAction\":[{\"@type\":\"ReadAction\",\"target\":[\"https:\/\/betwinner.team\/br\/app\/\"]}]},{\"@type\":\"WebSite\",\"@id\":\"https:\/\/betwinner.team\/br\/#website\",\"url\":\"https:\/\/betwinner.team\/br\/\",\"name\":\"Betwinner Team BR\",\"description\":\"\",\"potentialAction\":[{\"@type\":\"SearchAction\",\"target\":{\"@type\":\"EntryPoint\",\"urlTemplate\":\"https:\/\/betwinner.team\/br\/?s={search_term_string}\"},\"query-input\":{\"@type\":\"PropertyValueSpecification\",\"valueRequired\":true,\"valueName\":\"search_term_string\"}}],\"inLanguage\":\"pt-BR\"}]}<\/script>\n<!-- \/ Yoast SEO plugin. -->","yoast_head_json":{"title":"Baixe o aplicativo Betwinner Brasil \u27a4 Apostas e cassino","description":"Aplicativo oficial da Betwinner para Android e iOS: apostas ao vivo em mais de 1.000 eventos, ca\u00e7a-n\u00edqueis de cassino, saques r\u00e1pidos e os principais esportes com um \u00fanico clique. Baixe o aplicativo gratuitamente, cadastre-se com um c\u00f3digo promocional e ganhe um b\u00f4nus de boas-vindas de at\u00e9 100% + reembolso \u2014 jogue sem demora em qualquer lugar!","robots":{"index":"index","follow":"follow","max-snippet":"max-snippet:-1","max-image-preview":"max-image-preview:large","max-video-preview":"max-video-preview:-1"},"canonical":"https:\/\/betwinner.team\/br\/app\/","og_locale":"pt_BR","og_type":"article","og_title":"Baixe o aplicativo Betwinner Brasil \u27a4 Apostas e cassino","og_description":"Aplicativo oficial da Betwinner para Android e iOS: apostas ao vivo em mais de 1.000 eventos, ca\u00e7a-n\u00edqueis de cassino, saques r\u00e1pidos e os principais esportes com um \u00fanico clique. Baixe o aplicativo gratuitamente, cadastre-se com um c\u00f3digo promocional e ganhe um b\u00f4nus de boas-vindas de at\u00e9 100% + reembolso \u2014 jogue sem demora em qualquer lugar!","og_url":"https:\/\/betwinner.team\/br\/app\/","og_site_name":"Betwinner Team BR","article_modified_time":"2026-03-16T13:57:19+00:00","twitter_card":"summary_large_image","schema":{"@context":"https:\/\/schema.org","@graph":[{"@type":"WebPage","@id":"https:\/\/betwinner.team\/br\/app\/","url":"https:\/\/betwinner.team\/br\/app\/","name":"Baixe o aplicativo Betwinner Brasil \u27a4 Apostas e cassino","isPartOf":{"@id":"https:\/\/betwinner.team\/br\/#website"},"datePublished":"2026-02-11T09:28:48+00:00","dateModified":"2026-03-16T13:57:19+00:00","description":"Aplicativo oficial da Betwinner para Android e iOS: apostas ao vivo em mais de 1.000 eventos, ca\u00e7a-n\u00edqueis de cassino, saques r\u00e1pidos e os principais esportes com um \u00fanico clique. Baixe o aplicativo gratuitamente, cadastre-se com um c\u00f3digo promocional e ganhe um b\u00f4nus de boas-vindas de at\u00e9 100% + reembolso \u2014 jogue sem demora em qualquer lugar!","inLanguage":"pt-BR","potentialAction":[{"@type":"ReadAction","target":["https:\/\/betwinner.team\/br\/app\/"]}]},{"@type":"WebSite","@id":"https:\/\/betwinner.team\/br\/#website","url":"https:\/\/betwinner.team\/br\/","name":"Betwinner Team BR","description":"","potentialAction":[{"@type":"SearchAction","target":{"@type":"EntryPoint","urlTemplate":"https:\/\/betwinner.team\/br\/?s={search_term_string}"},"query-input":{"@type":"PropertyValueSpecification","valueRequired":true,"valueName":"search_term_string"}}],"inLanguage":"pt-BR"}]}},"_links":{"self":[{"href":"https:\/\/betwinner.team\/br\/wp-json\/wp\/v2\/pages\/1423","targetHints":{"allow":["GET"]}}],"collection":[{"href":"https:\/\/betwinner.team\/br\/wp-json\/wp\/v2\/pages"}],"about":[{"href":"https:\/\/betwinner.team\/br\/wp-json\/wp\/v2\/types\/page"}],"author":[{"embeddable":true,"href":"https:\/\/betwinner.team\/br\/wp-json\/wp\/v2\/users\/1"}],"replies":[{"embeddable":true,"href":"https:\/\/betwinner.team\/br\/wp-json\/wp\/v2\/comments?post=1423"}],"version-history":[{"count":5,"href":"https:\/\/betwinner.team\/br\/wp-json\/wp\/v2\/pages\/1423\/revisions"}],"predecessor-version":[{"id":1626,"href":"https:\/\/betwinner.team\/br\/wp-json\/wp\/v2\/pages\/1423\/revisions\/1626"}],"wp:attachment":[{"href":"https:\/\/betwinner.team\/br\/wp-json\/wp\/v2\/media?parent=1423"}],"curies":[{"name":"wp","href":"https:\/\/api.w.org\/{rel}","templated":true}]}}