{"id":1086,"date":"2025-11-15T16:52:15","date_gmt":"2025-11-15T13:52:15","guid":{"rendered":"https:\/\/betwinner.team\/br\/?page_id=1086"},"modified":"2026-03-17T15:50:38","modified_gmt":"2026-03-17T12:50:38","slug":"home","status":"publish","type":"page","link":"https:\/\/betwinner.team\/br\/","title":{"rendered":"P\u00e1gina inicial"},"content":{"rendered":"","protected":false},"excerpt":{"rendered":"","protected":false},"author":1,"featured_media":0,"parent":0,"menu_order":0,"comment_status":"closed","ping_status":"closed","template":"","meta":{"_acf_changed":false,"footnotes":""},"class_list":["post-1086","page","type-page","status-publish","hentry"],"acf":[],"yoast_head":"<!-- This site is optimized with the Yoast SEO plugin v26.9 - https:\/\/yoast.com\/product\/yoast-seo-wordpress\/ -->\n<title>Apostas e Cassino Betwinner Brasil \u27a4 B\u00f4nus de at\u00e9 9.000 BRL<\/title>\n<meta name=\"description\" content=\"A Betwinner \u00e9 uma das principais casas de apostas, com uma ampla variedade de op\u00e7\u00f5es de apostas esportivas, transmiss\u00f5es ao vivo, e-sports e ca\u00e7a-n\u00edqueis de cassino. Receba um b\u00f4nus de boas-vindas de at\u00e9 9.000 BRL, apostas gr\u00e1tis e promo\u00e7\u00f5es; site intuitivo, pagamentos r\u00e1pidos e mais de 100 m\u00e9todos de dep\u00f3sito. Analisamos os pr\u00f3s, os contras, as avalia\u00e7\u00f5es dos usu\u00e1rios e como tirar o m\u00e1ximo proveito da Betwinner.\" \/>\n<meta name=\"robots\" content=\"index, follow, max-snippet:-1, max-image-preview:large, max-video-preview:-1\" \/>\n<link rel=\"canonical\" href=\"https:\/\/betwinner.team\/br\/\" \/>\n<meta property=\"og:locale\" content=\"pt_BR\" \/>\n<meta property=\"og:type\" content=\"article\" \/>\n<meta property=\"og:title\" content=\"Apostas e Cassino Betwinner Brasil \u27a4 B\u00f4nus de at\u00e9 9.000 BRL\" \/>\n<meta property=\"og:description\" content=\"A Betwinner \u00e9 uma das principais casas de apostas, com uma ampla variedade de op\u00e7\u00f5es de apostas esportivas, transmiss\u00f5es ao vivo, e-sports e ca\u00e7a-n\u00edqueis de cassino. Receba um b\u00f4nus de boas-vindas de at\u00e9 9.000 BRL, apostas gr\u00e1tis e promo\u00e7\u00f5es; site intuitivo, pagamentos r\u00e1pidos e mais de 100 m\u00e9todos de dep\u00f3sito. Analisamos os pr\u00f3s, os contras, as avalia\u00e7\u00f5es dos usu\u00e1rios e como tirar o m\u00e1ximo proveito da Betwinner.\" \/>\n<meta property=\"og:url\" content=\"https:\/\/betwinner.team\/br\/\" \/>\n<meta property=\"og:site_name\" content=\"Betwinner Team BR\" \/>\n<meta property=\"article:modified_time\" content=\"2026-03-17T12:50:38+00:00\" \/>\n<meta name=\"twitter:card\" content=\"summary_large_image\" \/>\n<script type=\"application\/ld+json\" class=\"yoast-schema-graph\">{\"@context\":\"https:\/\/schema.org\",\"@graph\":[{\"@type\":\"WebPage\",\"@id\":\"https:\/\/betwinner.team\/br\/\",\"url\":\"https:\/\/betwinner.team\/br\/\",\"name\":\"Apostas e Cassino Betwinner Brasil \u27a4 B\u00f4nus de at\u00e9 9.000 BRL\",\"isPartOf\":{\"@id\":\"https:\/\/betwinner.team\/br\/#website\"},\"datePublished\":\"2025-11-15T13:52:15+00:00\",\"dateModified\":\"2026-03-17T12:50:38+00:00\",\"description\":\"A Betwinner \u00e9 uma das principais casas de apostas, com uma ampla variedade de op\u00e7\u00f5es de apostas esportivas, transmiss\u00f5es ao vivo, e-sports e ca\u00e7a-n\u00edqueis de cassino. Receba um b\u00f4nus de boas-vindas de at\u00e9 9.000 BRL, apostas gr\u00e1tis e promo\u00e7\u00f5es; site intuitivo, pagamentos r\u00e1pidos e mais de 100 m\u00e9todos de dep\u00f3sito. Analisamos os pr\u00f3s, os contras, as avalia\u00e7\u00f5es dos usu\u00e1rios e como tirar o m\u00e1ximo proveito da Betwinner.\",\"inLanguage\":\"pt-BR\",\"potentialAction\":[{\"@type\":\"ReadAction\",\"target\":[\"https:\/\/betwinner.team\/br\/\"]}]},{\"@type\":\"WebSite\",\"@id\":\"https:\/\/betwinner.team\/br\/#website\",\"url\":\"https:\/\/betwinner.team\/br\/\",\"name\":\"Betwinner Team BR\",\"description\":\"\",\"potentialAction\":[{\"@type\":\"SearchAction\",\"target\":{\"@type\":\"EntryPoint\",\"urlTemplate\":\"https:\/\/betwinner.team\/br\/?s={search_term_string}\"},\"query-input\":{\"@type\":\"PropertyValueSpecification\",\"valueRequired\":true,\"valueName\":\"search_term_string\"}}],\"inLanguage\":\"pt-BR\"}]}<\/script>\n<!-- \/ Yoast SEO plugin. -->","yoast_head_json":{"title":"Apostas e Cassino Betwinner Brasil \u27a4 B\u00f4nus de at\u00e9 9.000 BRL","description":"A Betwinner \u00e9 uma das principais casas de apostas, com uma ampla variedade de op\u00e7\u00f5es de apostas esportivas, transmiss\u00f5es ao vivo, e-sports e ca\u00e7a-n\u00edqueis de cassino. Receba um b\u00f4nus de boas-vindas de at\u00e9 9.000 BRL, apostas gr\u00e1tis e promo\u00e7\u00f5es; site intuitivo, pagamentos r\u00e1pidos e mais de 100 m\u00e9todos de dep\u00f3sito. Analisamos os pr\u00f3s, os contras, as avalia\u00e7\u00f5es dos usu\u00e1rios e como tirar o m\u00e1ximo proveito da Betwinner.","robots":{"index":"index","follow":"follow","max-snippet":"max-snippet:-1","max-image-preview":"max-image-preview:large","max-video-preview":"max-video-preview:-1"},"canonical":"https:\/\/betwinner.team\/br\/","og_locale":"pt_BR","og_type":"article","og_title":"Apostas e Cassino Betwinner Brasil \u27a4 B\u00f4nus de at\u00e9 9.000 BRL","og_description":"A Betwinner \u00e9 uma das principais casas de apostas, com uma ampla variedade de op\u00e7\u00f5es de apostas esportivas, transmiss\u00f5es ao vivo, e-sports e ca\u00e7a-n\u00edqueis de cassino. Receba um b\u00f4nus de boas-vindas de at\u00e9 9.000 BRL, apostas gr\u00e1tis e promo\u00e7\u00f5es; site intuitivo, pagamentos r\u00e1pidos e mais de 100 m\u00e9todos de dep\u00f3sito. Analisamos os pr\u00f3s, os contras, as avalia\u00e7\u00f5es dos usu\u00e1rios e como tirar o m\u00e1ximo proveito da Betwinner.","og_url":"https:\/\/betwinner.team\/br\/","og_site_name":"Betwinner Team BR","article_modified_time":"2026-03-17T12:50:38+00:00","twitter_card":"summary_large_image","schema":{"@context":"https:\/\/schema.org","@graph":[{"@type":"WebPage","@id":"https:\/\/betwinner.team\/br\/","url":"https:\/\/betwinner.team\/br\/","name":"Apostas e Cassino Betwinner Brasil \u27a4 B\u00f4nus de at\u00e9 9.000 BRL","isPartOf":{"@id":"https:\/\/betwinner.team\/br\/#website"},"datePublished":"2025-11-15T13:52:15+00:00","dateModified":"2026-03-17T12:50:38+00:00","description":"A Betwinner \u00e9 uma das principais casas de apostas, com uma ampla variedade de op\u00e7\u00f5es de apostas esportivas, transmiss\u00f5es ao vivo, e-sports e ca\u00e7a-n\u00edqueis de cassino. Receba um b\u00f4nus de boas-vindas de at\u00e9 9.000 BRL, apostas gr\u00e1tis e promo\u00e7\u00f5es; site intuitivo, pagamentos r\u00e1pidos e mais de 100 m\u00e9todos de dep\u00f3sito. Analisamos os pr\u00f3s, os contras, as avalia\u00e7\u00f5es dos usu\u00e1rios e como tirar o m\u00e1ximo proveito da Betwinner.","inLanguage":"pt-BR","potentialAction":[{"@type":"ReadAction","target":["https:\/\/betwinner.team\/br\/"]}]},{"@type":"WebSite","@id":"https:\/\/betwinner.team\/br\/#website","url":"https:\/\/betwinner.team\/br\/","name":"Betwinner Team BR","description":"","potentialAction":[{"@type":"SearchAction","target":{"@type":"EntryPoint","urlTemplate":"https:\/\/betwinner.team\/br\/?s={search_term_string}"},"query-input":{"@type":"PropertyValueSpecification","valueRequired":true,"valueName":"search_term_string"}}],"inLanguage":"pt-BR"}]}},"_links":{"self":[{"href":"https:\/\/betwinner.team\/br\/wp-json\/wp\/v2\/pages\/1086","targetHints":{"allow":["GET"]}}],"collection":[{"href":"https:\/\/betwinner.team\/br\/wp-json\/wp\/v2\/pages"}],"about":[{"href":"https:\/\/betwinner.team\/br\/wp-json\/wp\/v2\/types\/page"}],"author":[{"embeddable":true,"href":"https:\/\/betwinner.team\/br\/wp-json\/wp\/v2\/users\/1"}],"replies":[{"embeddable":true,"href":"https:\/\/betwinner.team\/br\/wp-json\/wp\/v2\/comments?post=1086"}],"version-history":[{"count":5,"href":"https:\/\/betwinner.team\/br\/wp-json\/wp\/v2\/pages\/1086\/revisions"}],"predecessor-version":[{"id":1639,"href":"https:\/\/betwinner.team\/br\/wp-json\/wp\/v2\/pages\/1086\/revisions\/1639"}],"wp:attachment":[{"href":"https:\/\/betwinner.team\/br\/wp-json\/wp\/v2\/media?parent=1086"}],"curies":[{"name":"wp","href":"https:\/\/api.w.org\/{rel}","templated":true}]}}