{"id":1449,"date":"2026-02-16T18:30:45","date_gmt":"2026-02-16T15:30:45","guid":{"rendered":"https:\/\/betwinner.team\/bj\/?page_id=1449"},"modified":"2026-05-15T11:30:02","modified_gmt":"2026-05-15T08:30:02","slug":"apk","status":"publish","type":"page","link":"https:\/\/betwinner.team\/bj\/apk\/","title":{"rendered":"APK"},"content":{"rendered":"","protected":false},"excerpt":{"rendered":"","protected":false},"author":1,"featured_media":0,"parent":0,"menu_order":0,"comment_status":"closed","ping_status":"closed","template":"","meta":{"_acf_changed":false,"footnotes":""},"class_list":["post-1449","page","type-page","status-publish","hentry"],"acf":[],"yoast_head":"<!-- This site is optimized with the Yoast SEO plugin v26.9 - https:\/\/yoast.com\/product\/yoast-seo-wordpress\/ -->\n<title>Betwinner APK \u2014 T\u00e9l\u00e9chargez l&#039;application officielle pour Android<\/title>\n<meta name=\"description\" content=\"Download the latest Betwinner B\u00e9nin APK for free: a convenient mobile app for sports betting, casino, and live games with high odds, instant deposits, and withdrawals. Get a welcome bonus of up to 100% on your first deposit \u2013 register, install the APK, and bet on the goT\u00e9l\u00e9chargez gratuitement la derni\u00e8re version de l&#039;APK Betwinner : une application mobile pratique pour les paris sportifs, le casino et les jeux en direct, avec des cotes \u00e9lev\u00e9es, des d\u00e9p\u00f4ts et des retraits instantan\u00e9s. B\u00e9n\u00e9ficiez d&#039;un bonus de bienvenue pouvant atteindre 100 % sur votre premier d\u00e9p\u00f4t : inscrivez-vous, installez l&#039;APK et pariez o\u00f9 que vous soyez !\" \/>\n<meta name=\"robots\" content=\"noindex, follow, max-snippet:-1, max-image-preview:large, max-video-preview:-1\" \/>\n<meta property=\"og:locale\" content=\"fr_FR\" \/>\n<meta property=\"og:type\" content=\"article\" \/>\n<meta property=\"og:title\" content=\"Betwinner APK \u2014 T\u00e9l\u00e9chargez l&#039;application officielle pour Android\" \/>\n<meta property=\"og:description\" content=\"Download the latest Betwinner B\u00e9nin APK for free: a convenient mobile app for sports betting, casino, and live games with high odds, instant deposits, and withdrawals. Get a welcome bonus of up to 100% on your first deposit \u2013 register, install the APK, and bet on the goT\u00e9l\u00e9chargez gratuitement la derni\u00e8re version de l&#039;APK Betwinner : une application mobile pratique pour les paris sportifs, le casino et les jeux en direct, avec des cotes \u00e9lev\u00e9es, des d\u00e9p\u00f4ts et des retraits instantan\u00e9s. B\u00e9n\u00e9ficiez d&#039;un bonus de bienvenue pouvant atteindre 100 % sur votre premier d\u00e9p\u00f4t : inscrivez-vous, installez l&#039;APK et pariez o\u00f9 que vous soyez !\" \/>\n<meta property=\"og:url\" content=\"https:\/\/betwinner.team\/bj\/apk\/\" \/>\n<meta property=\"og:site_name\" content=\"Betwinner Team BJ\" \/>\n<meta property=\"article:modified_time\" content=\"2026-05-15T08:30:02+00:00\" \/>\n<meta name=\"twitter:card\" content=\"summary_large_image\" \/>\n<script type=\"application\/ld+json\" class=\"yoast-schema-graph\">{\"@context\":\"https:\/\/schema.org\",\"@graph\":[{\"@type\":\"WebPage\",\"@id\":\"https:\/\/betwinner.team\/bj\/apk\/\",\"url\":\"https:\/\/betwinner.team\/bj\/apk\/\",\"name\":\"Betwinner APK \u2014 T\u00e9l\u00e9chargez l'application officielle pour Android\",\"isPartOf\":{\"@id\":\"https:\/\/betwinner.team\/bj\/#website\"},\"datePublished\":\"2026-02-16T15:30:45+00:00\",\"dateModified\":\"2026-05-15T08:30:02+00:00\",\"description\":\"Download the latest Betwinner B\u00e9nin APK for free: a convenient mobile app for sports betting, casino, and live games with high odds, instant deposits, and withdrawals. Get a welcome bonus of up to 100% on your first deposit \u2013 register, install the APK, and bet on the goT\u00e9l\u00e9chargez gratuitement la derni\u00e8re version de l'APK Betwinner : une application mobile pratique pour les paris sportifs, le casino et les jeux en direct, avec des cotes \u00e9lev\u00e9es, des d\u00e9p\u00f4ts et des retraits instantan\u00e9s. B\u00e9n\u00e9ficiez d'un bonus de bienvenue pouvant atteindre 100 % sur votre premier d\u00e9p\u00f4t : inscrivez-vous, installez l'APK et pariez o\u00f9 que vous soyez !\",\"inLanguage\":\"fr-BJ\",\"potentialAction\":[{\"@type\":\"ReadAction\",\"target\":[\"https:\/\/betwinner.team\/bj\/apk\/\"]}]},{\"@type\":\"WebSite\",\"@id\":\"https:\/\/betwinner.team\/bj\/#website\",\"url\":\"https:\/\/betwinner.team\/bj\/\",\"name\":\"Betwinner Team BJ\",\"description\":\"\",\"potentialAction\":[{\"@type\":\"SearchAction\",\"target\":{\"@type\":\"EntryPoint\",\"urlTemplate\":\"https:\/\/betwinner.team\/bj\/?s={search_term_string}\"},\"query-input\":{\"@type\":\"PropertyValueSpecification\",\"valueRequired\":true,\"valueName\":\"search_term_string\"}}],\"inLanguage\":\"fr-BJ\"}]}<\/script>\n<!-- \/ Yoast SEO plugin. -->","yoast_head_json":{"title":"Betwinner APK \u2014 T\u00e9l\u00e9chargez l'application officielle pour Android","description":"Download the latest Betwinner B\u00e9nin APK for free: a convenient mobile app for sports betting, casino, and live games with high odds, instant deposits, and withdrawals. Get a welcome bonus of up to 100% on your first deposit \u2013 register, install the APK, and bet on the goT\u00e9l\u00e9chargez gratuitement la derni\u00e8re version de l'APK Betwinner : une application mobile pratique pour les paris sportifs, le casino et les jeux en direct, avec des cotes \u00e9lev\u00e9es, des d\u00e9p\u00f4ts et des retraits instantan\u00e9s. B\u00e9n\u00e9ficiez d'un bonus de bienvenue pouvant atteindre 100 % sur votre premier d\u00e9p\u00f4t : inscrivez-vous, installez l'APK et pariez o\u00f9 que vous soyez !","robots":{"index":"noindex","follow":"follow","max-snippet":"max-snippet:-1","max-image-preview":"max-image-preview:large","max-video-preview":"max-video-preview:-1"},"og_locale":"fr_FR","og_type":"article","og_title":"Betwinner APK \u2014 T\u00e9l\u00e9chargez l'application officielle pour Android","og_description":"Download the latest Betwinner B\u00e9nin APK for free: a convenient mobile app for sports betting, casino, and live games with high odds, instant deposits, and withdrawals. Get a welcome bonus of up to 100% on your first deposit \u2013 register, install the APK, and bet on the goT\u00e9l\u00e9chargez gratuitement la derni\u00e8re version de l'APK Betwinner : une application mobile pratique pour les paris sportifs, le casino et les jeux en direct, avec des cotes \u00e9lev\u00e9es, des d\u00e9p\u00f4ts et des retraits instantan\u00e9s. B\u00e9n\u00e9ficiez d'un bonus de bienvenue pouvant atteindre 100 % sur votre premier d\u00e9p\u00f4t : inscrivez-vous, installez l'APK et pariez o\u00f9 que vous soyez !","og_url":"https:\/\/betwinner.team\/bj\/apk\/","og_site_name":"Betwinner Team BJ","article_modified_time":"2026-05-15T08:30:02+00:00","twitter_card":"summary_large_image","schema":{"@context":"https:\/\/schema.org","@graph":[{"@type":"WebPage","@id":"https:\/\/betwinner.team\/bj\/apk\/","url":"https:\/\/betwinner.team\/bj\/apk\/","name":"Betwinner APK \u2014 T\u00e9l\u00e9chargez l'application officielle pour Android","isPartOf":{"@id":"https:\/\/betwinner.team\/bj\/#website"},"datePublished":"2026-02-16T15:30:45+00:00","dateModified":"2026-05-15T08:30:02+00:00","description":"Download the latest Betwinner B\u00e9nin APK for free: a convenient mobile app for sports betting, casino, and live games with high odds, instant deposits, and withdrawals. Get a welcome bonus of up to 100% on your first deposit \u2013 register, install the APK, and bet on the goT\u00e9l\u00e9chargez gratuitement la derni\u00e8re version de l'APK Betwinner : une application mobile pratique pour les paris sportifs, le casino et les jeux en direct, avec des cotes \u00e9lev\u00e9es, des d\u00e9p\u00f4ts et des retraits instantan\u00e9s. B\u00e9n\u00e9ficiez d'un bonus de bienvenue pouvant atteindre 100 % sur votre premier d\u00e9p\u00f4t : inscrivez-vous, installez l'APK et pariez o\u00f9 que vous soyez !","inLanguage":"fr-BJ","potentialAction":[{"@type":"ReadAction","target":["https:\/\/betwinner.team\/bj\/apk\/"]}]},{"@type":"WebSite","@id":"https:\/\/betwinner.team\/bj\/#website","url":"https:\/\/betwinner.team\/bj\/","name":"Betwinner Team BJ","description":"","potentialAction":[{"@type":"SearchAction","target":{"@type":"EntryPoint","urlTemplate":"https:\/\/betwinner.team\/bj\/?s={search_term_string}"},"query-input":{"@type":"PropertyValueSpecification","valueRequired":true,"valueName":"search_term_string"}}],"inLanguage":"fr-BJ"}]}},"_links":{"self":[{"href":"https:\/\/betwinner.team\/bj\/wp-json\/wp\/v2\/pages\/1449","targetHints":{"allow":["GET"]}}],"collection":[{"href":"https:\/\/betwinner.team\/bj\/wp-json\/wp\/v2\/pages"}],"about":[{"href":"https:\/\/betwinner.team\/bj\/wp-json\/wp\/v2\/types\/page"}],"author":[{"embeddable":true,"href":"https:\/\/betwinner.team\/bj\/wp-json\/wp\/v2\/users\/1"}],"replies":[{"embeddable":true,"href":"https:\/\/betwinner.team\/bj\/wp-json\/wp\/v2\/comments?post=1449"}],"version-history":[{"count":5,"href":"https:\/\/betwinner.team\/bj\/wp-json\/wp\/v2\/pages\/1449\/revisions"}],"predecessor-version":[{"id":1875,"href":"https:\/\/betwinner.team\/bj\/wp-json\/wp\/v2\/pages\/1449\/revisions\/1875"}],"wp:attachment":[{"href":"https:\/\/betwinner.team\/bj\/wp-json\/wp\/v2\/media?parent=1449"}],"curies":[{"name":"wp","href":"https:\/\/api.w.org\/{rel}","templated":true}]}}