{"id":1582,"date":"2026-02-23T08:00:50","date_gmt":"2026-02-23T05:00:50","guid":{"rendered":"https:\/\/betwinner.team\/argentina\/?page_id=1582"},"modified":"2026-04-09T15:34:46","modified_gmt":"2026-04-09T12:34:46","slug":"login","status":"publish","type":"page","link":"https:\/\/betwinner.team\/argentina\/login\/","title":{"rendered":"Iniciar sesi\u00f3n"},"content":{"rendered":"","protected":false},"excerpt":{"rendered":"","protected":false},"author":1,"featured_media":0,"parent":0,"menu_order":0,"comment_status":"closed","ping_status":"closed","template":"","meta":{"_acf_changed":false,"footnotes":""},"class_list":["post-1582","page","type-page","status-publish","hentry"],"acf":[],"yoast_head":"<!-- This site is optimized with the Yoast SEO plugin v26.9 - https:\/\/yoast.com\/product\/yoast-seo-wordpress\/ -->\n<title>Betwinner Login \u2014 Acceso a su Cuenta Personal y Recuperaci\u00f3n<\/title>\n<meta name=\"description\" content=\"Inicio de sesi\u00f3n r\u00e1pido en tu cuenta de Betwinner Argentina: utiliza tu nombre de usuario y contrase\u00f1a, el c\u00f3digo QR o datos biom\u00e9tricos en tu PC, Android o iOS. Si has olvidado tu contrase\u00f1a, puedes recuperarla en 1 minuto. Sincronizaci\u00f3n en todos los dispositivos, sin cuentas m\u00faltiples: \u00a1accede a las apuestas y a los juegos de casino con un solo clic!\" \/>\n<meta name=\"robots\" content=\"index, follow, max-snippet:-1, max-image-preview:large, max-video-preview:-1\" \/>\n<link rel=\"canonical\" href=\"https:\/\/betwinner.team\/argentina\/login\/\" \/>\n<meta property=\"og:locale\" content=\"es_ES\" \/>\n<meta property=\"og:type\" content=\"article\" \/>\n<meta property=\"og:title\" content=\"Betwinner Login \u2014 Acceso a su Cuenta Personal y Recuperaci\u00f3n\" \/>\n<meta property=\"og:description\" content=\"Inicio de sesi\u00f3n r\u00e1pido en tu cuenta de Betwinner Argentina: utiliza tu nombre de usuario y contrase\u00f1a, el c\u00f3digo QR o datos biom\u00e9tricos en tu PC, Android o iOS. Si has olvidado tu contrase\u00f1a, puedes recuperarla en 1 minuto. Sincronizaci\u00f3n en todos los dispositivos, sin cuentas m\u00faltiples: \u00a1accede a las apuestas y a los juegos de casino con un solo clic!\" \/>\n<meta property=\"og:url\" content=\"https:\/\/betwinner.team\/argentina\/login\/\" \/>\n<meta property=\"og:site_name\" content=\"Betwinner Team\" \/>\n<meta property=\"article:modified_time\" content=\"2026-04-09T12:34:46+00:00\" \/>\n<meta name=\"twitter:card\" content=\"summary_large_image\" \/>\n<script type=\"application\/ld+json\" class=\"yoast-schema-graph\">{\"@context\":\"https:\/\/schema.org\",\"@graph\":[{\"@type\":\"WebPage\",\"@id\":\"https:\/\/betwinner.team\/argentina\/login\/\",\"url\":\"https:\/\/betwinner.team\/argentina\/login\/\",\"name\":\"Betwinner Login \u2014 Acceso a su Cuenta Personal y Recuperaci\u00f3n\",\"isPartOf\":{\"@id\":\"http:\/\/betwinner.team\/argentina\/#website\"},\"datePublished\":\"2026-02-23T05:00:50+00:00\",\"dateModified\":\"2026-04-09T12:34:46+00:00\",\"description\":\"Inicio de sesi\u00f3n r\u00e1pido en tu cuenta de Betwinner Argentina: utiliza tu nombre de usuario y contrase\u00f1a, el c\u00f3digo QR o datos biom\u00e9tricos en tu PC, Android o iOS. Si has olvidado tu contrase\u00f1a, puedes recuperarla en 1 minuto. Sincronizaci\u00f3n en todos los dispositivos, sin cuentas m\u00faltiples: \u00a1accede a las apuestas y a los juegos de casino con un solo clic!\",\"inLanguage\":\"es-AR\",\"potentialAction\":[{\"@type\":\"ReadAction\",\"target\":[\"https:\/\/betwinner.team\/argentina\/login\/\"]}]},{\"@type\":\"WebSite\",\"@id\":\"http:\/\/betwinner.team\/argentina\/#website\",\"url\":\"http:\/\/betwinner.team\/argentina\/\",\"name\":\"Betwinner Team\",\"description\":\"\",\"potentialAction\":[{\"@type\":\"SearchAction\",\"target\":{\"@type\":\"EntryPoint\",\"urlTemplate\":\"http:\/\/betwinner.team\/argentina\/?s={search_term_string}\"},\"query-input\":{\"@type\":\"PropertyValueSpecification\",\"valueRequired\":true,\"valueName\":\"search_term_string\"}}],\"inLanguage\":\"es-AR\"}]}<\/script>\n<!-- \/ Yoast SEO plugin. -->","yoast_head_json":{"title":"Betwinner Login \u2014 Acceso a su Cuenta Personal y Recuperaci\u00f3n","description":"Inicio de sesi\u00f3n r\u00e1pido en tu cuenta de Betwinner Argentina: utiliza tu nombre de usuario y contrase\u00f1a, el c\u00f3digo QR o datos biom\u00e9tricos en tu PC, Android o iOS. Si has olvidado tu contrase\u00f1a, puedes recuperarla en 1 minuto. Sincronizaci\u00f3n en todos los dispositivos, sin cuentas m\u00faltiples: \u00a1accede a las apuestas y a los juegos de casino con un solo clic!","robots":{"index":"index","follow":"follow","max-snippet":"max-snippet:-1","max-image-preview":"max-image-preview:large","max-video-preview":"max-video-preview:-1"},"canonical":"https:\/\/betwinner.team\/argentina\/login\/","og_locale":"es_ES","og_type":"article","og_title":"Betwinner Login \u2014 Acceso a su Cuenta Personal y Recuperaci\u00f3n","og_description":"Inicio de sesi\u00f3n r\u00e1pido en tu cuenta de Betwinner Argentina: utiliza tu nombre de usuario y contrase\u00f1a, el c\u00f3digo QR o datos biom\u00e9tricos en tu PC, Android o iOS. Si has olvidado tu contrase\u00f1a, puedes recuperarla en 1 minuto. Sincronizaci\u00f3n en todos los dispositivos, sin cuentas m\u00faltiples: \u00a1accede a las apuestas y a los juegos de casino con un solo clic!","og_url":"https:\/\/betwinner.team\/argentina\/login\/","og_site_name":"Betwinner Team","article_modified_time":"2026-04-09T12:34:46+00:00","twitter_card":"summary_large_image","schema":{"@context":"https:\/\/schema.org","@graph":[{"@type":"WebPage","@id":"https:\/\/betwinner.team\/argentina\/login\/","url":"https:\/\/betwinner.team\/argentina\/login\/","name":"Betwinner Login \u2014 Acceso a su Cuenta Personal y Recuperaci\u00f3n","isPartOf":{"@id":"http:\/\/betwinner.team\/argentina\/#website"},"datePublished":"2026-02-23T05:00:50+00:00","dateModified":"2026-04-09T12:34:46+00:00","description":"Inicio de sesi\u00f3n r\u00e1pido en tu cuenta de Betwinner Argentina: utiliza tu nombre de usuario y contrase\u00f1a, el c\u00f3digo QR o datos biom\u00e9tricos en tu PC, Android o iOS. Si has olvidado tu contrase\u00f1a, puedes recuperarla en 1 minuto. Sincronizaci\u00f3n en todos los dispositivos, sin cuentas m\u00faltiples: \u00a1accede a las apuestas y a los juegos de casino con un solo clic!","inLanguage":"es-AR","potentialAction":[{"@type":"ReadAction","target":["https:\/\/betwinner.team\/argentina\/login\/"]}]},{"@type":"WebSite","@id":"http:\/\/betwinner.team\/argentina\/#website","url":"http:\/\/betwinner.team\/argentina\/","name":"Betwinner Team","description":"","potentialAction":[{"@type":"SearchAction","target":{"@type":"EntryPoint","urlTemplate":"http:\/\/betwinner.team\/argentina\/?s={search_term_string}"},"query-input":{"@type":"PropertyValueSpecification","valueRequired":true,"valueName":"search_term_string"}}],"inLanguage":"es-AR"}]}},"_links":{"self":[{"href":"https:\/\/betwinner.team\/argentina\/wp-json\/wp\/v2\/pages\/1582","targetHints":{"allow":["GET"]}}],"collection":[{"href":"https:\/\/betwinner.team\/argentina\/wp-json\/wp\/v2\/pages"}],"about":[{"href":"https:\/\/betwinner.team\/argentina\/wp-json\/wp\/v2\/types\/page"}],"author":[{"embeddable":true,"href":"https:\/\/betwinner.team\/argentina\/wp-json\/wp\/v2\/users\/1"}],"replies":[{"embeddable":true,"href":"https:\/\/betwinner.team\/argentina\/wp-json\/wp\/v2\/comments?post=1582"}],"version-history":[{"count":4,"href":"https:\/\/betwinner.team\/argentina\/wp-json\/wp\/v2\/pages\/1582\/revisions"}],"predecessor-version":[{"id":1639,"href":"https:\/\/betwinner.team\/argentina\/wp-json\/wp\/v2\/pages\/1582\/revisions\/1639"}],"wp:attachment":[{"href":"https:\/\/betwinner.team\/argentina\/wp-json\/wp\/v2\/media?parent=1582"}],"curies":[{"name":"wp","href":"https:\/\/api.w.org\/{rel}","templated":true}]}}