{"id":1560,"date":"2026-02-22T18:04:15","date_gmt":"2026-02-22T15:04:15","guid":{"rendered":"https:\/\/betwinner.team\/argentina\/?page_id=1560"},"modified":"2026-04-09T15:24:41","modified_gmt":"2026-04-09T12:24:41","slug":"partners","status":"publish","type":"page","link":"https:\/\/betwinner.team\/argentina\/partners\/","title":{"rendered":"Socios"},"content":{"rendered":"","protected":false},"excerpt":{"rendered":"","protected":false},"author":1,"featured_media":0,"parent":0,"menu_order":0,"comment_status":"closed","ping_status":"closed","template":"","meta":{"_acf_changed":false,"footnotes":""},"class_list":["post-1560","page","type-page","status-publish","hentry"],"acf":[],"yoast_head":"<!-- This site is optimized with the Yoast SEO plugin v26.9 - https:\/\/yoast.com\/product\/yoast-seo-wordpress\/ -->\n<title>Betwinner Affiliate Programme \u2014 RevShare up to 60% \u1409 Earnings<\/title>\n<meta name=\"description\" content=\"\u00danete a Betwinner Afiliados de Argentina: atrae a jugadores y obt\u00e9n hasta un 60 % de participaci\u00f3n en los ingresos, herramientas de marketing y un registro r\u00e1pido. Ideal para afiliados con una audiencia: \u00a1estad\u00edsticas transparentes, asistencia y pagos ilimitados!\" \/>\n<meta name=\"robots\" content=\"index, follow, max-snippet:-1, max-image-preview:large, max-video-preview:-1\" \/>\n<link rel=\"canonical\" href=\"https:\/\/betwinner.team\/argentina\/partners\/\" \/>\n<meta property=\"og:locale\" content=\"es_ES\" \/>\n<meta property=\"og:type\" content=\"article\" \/>\n<meta property=\"og:title\" content=\"Betwinner Affiliate Programme \u2014 RevShare up to 60% \u1409 Earnings\" \/>\n<meta property=\"og:description\" content=\"\u00danete a Betwinner Afiliados de Argentina: atrae a jugadores y obt\u00e9n hasta un 60 % de participaci\u00f3n en los ingresos, herramientas de marketing y un registro r\u00e1pido. Ideal para afiliados con una audiencia: \u00a1estad\u00edsticas transparentes, asistencia y pagos ilimitados!\" \/>\n<meta property=\"og:url\" content=\"https:\/\/betwinner.team\/argentina\/partners\/\" \/>\n<meta property=\"og:site_name\" content=\"Betwinner Team\" \/>\n<meta property=\"article:modified_time\" content=\"2026-04-09T12:24:41+00:00\" \/>\n<meta name=\"twitter:card\" content=\"summary_large_image\" \/>\n<script type=\"application\/ld+json\" class=\"yoast-schema-graph\">{\"@context\":\"https:\/\/schema.org\",\"@graph\":[{\"@type\":\"WebPage\",\"@id\":\"https:\/\/betwinner.team\/argentina\/partners\/\",\"url\":\"https:\/\/betwinner.team\/argentina\/partners\/\",\"name\":\"Betwinner Affiliate Programme \u2014 RevShare up to 60% \u1409 Earnings\",\"isPartOf\":{\"@id\":\"http:\/\/betwinner.team\/argentina\/#website\"},\"datePublished\":\"2026-02-22T15:04:15+00:00\",\"dateModified\":\"2026-04-09T12:24:41+00:00\",\"description\":\"\u00danete a Betwinner Afiliados de Argentina: atrae a jugadores y obt\u00e9n hasta un 60 % de participaci\u00f3n en los ingresos, herramientas de marketing y un registro r\u00e1pido. Ideal para afiliados con una audiencia: \u00a1estad\u00edsticas transparentes, asistencia y pagos ilimitados!\",\"inLanguage\":\"es-AR\",\"potentialAction\":[{\"@type\":\"ReadAction\",\"target\":[\"https:\/\/betwinner.team\/argentina\/partners\/\"]}]},{\"@type\":\"WebSite\",\"@id\":\"http:\/\/betwinner.team\/argentina\/#website\",\"url\":\"http:\/\/betwinner.team\/argentina\/\",\"name\":\"Betwinner Team\",\"description\":\"\",\"potentialAction\":[{\"@type\":\"SearchAction\",\"target\":{\"@type\":\"EntryPoint\",\"urlTemplate\":\"http:\/\/betwinner.team\/argentina\/?s={search_term_string}\"},\"query-input\":{\"@type\":\"PropertyValueSpecification\",\"valueRequired\":true,\"valueName\":\"search_term_string\"}}],\"inLanguage\":\"es-AR\"}]}<\/script>\n<!-- \/ Yoast SEO plugin. -->","yoast_head_json":{"title":"Betwinner Affiliate Programme \u2014 RevShare up to 60% \u1409 Earnings","description":"\u00danete a Betwinner Afiliados de Argentina: atrae a jugadores y obt\u00e9n hasta un 60 % de participaci\u00f3n en los ingresos, herramientas de marketing y un registro r\u00e1pido. Ideal para afiliados con una audiencia: \u00a1estad\u00edsticas transparentes, asistencia y pagos ilimitados!","robots":{"index":"index","follow":"follow","max-snippet":"max-snippet:-1","max-image-preview":"max-image-preview:large","max-video-preview":"max-video-preview:-1"},"canonical":"https:\/\/betwinner.team\/argentina\/partners\/","og_locale":"es_ES","og_type":"article","og_title":"Betwinner Affiliate Programme \u2014 RevShare up to 60% \u1409 Earnings","og_description":"\u00danete a Betwinner Afiliados de Argentina: atrae a jugadores y obt\u00e9n hasta un 60 % de participaci\u00f3n en los ingresos, herramientas de marketing y un registro r\u00e1pido. Ideal para afiliados con una audiencia: \u00a1estad\u00edsticas transparentes, asistencia y pagos ilimitados!","og_url":"https:\/\/betwinner.team\/argentina\/partners\/","og_site_name":"Betwinner Team","article_modified_time":"2026-04-09T12:24:41+00:00","twitter_card":"summary_large_image","schema":{"@context":"https:\/\/schema.org","@graph":[{"@type":"WebPage","@id":"https:\/\/betwinner.team\/argentina\/partners\/","url":"https:\/\/betwinner.team\/argentina\/partners\/","name":"Betwinner Affiliate Programme \u2014 RevShare up to 60% \u1409 Earnings","isPartOf":{"@id":"http:\/\/betwinner.team\/argentina\/#website"},"datePublished":"2026-02-22T15:04:15+00:00","dateModified":"2026-04-09T12:24:41+00:00","description":"\u00danete a Betwinner Afiliados de Argentina: atrae a jugadores y obt\u00e9n hasta un 60 % de participaci\u00f3n en los ingresos, herramientas de marketing y un registro r\u00e1pido. Ideal para afiliados con una audiencia: \u00a1estad\u00edsticas transparentes, asistencia y pagos ilimitados!","inLanguage":"es-AR","potentialAction":[{"@type":"ReadAction","target":["https:\/\/betwinner.team\/argentina\/partners\/"]}]},{"@type":"WebSite","@id":"http:\/\/betwinner.team\/argentina\/#website","url":"http:\/\/betwinner.team\/argentina\/","name":"Betwinner Team","description":"","potentialAction":[{"@type":"SearchAction","target":{"@type":"EntryPoint","urlTemplate":"http:\/\/betwinner.team\/argentina\/?s={search_term_string}"},"query-input":{"@type":"PropertyValueSpecification","valueRequired":true,"valueName":"search_term_string"}}],"inLanguage":"es-AR"}]}},"_links":{"self":[{"href":"https:\/\/betwinner.team\/argentina\/wp-json\/wp\/v2\/pages\/1560","targetHints":{"allow":["GET"]}}],"collection":[{"href":"https:\/\/betwinner.team\/argentina\/wp-json\/wp\/v2\/pages"}],"about":[{"href":"https:\/\/betwinner.team\/argentina\/wp-json\/wp\/v2\/types\/page"}],"author":[{"embeddable":true,"href":"https:\/\/betwinner.team\/argentina\/wp-json\/wp\/v2\/users\/1"}],"replies":[{"embeddable":true,"href":"https:\/\/betwinner.team\/argentina\/wp-json\/wp\/v2\/comments?post=1560"}],"version-history":[{"count":5,"href":"https:\/\/betwinner.team\/argentina\/wp-json\/wp\/v2\/pages\/1560\/revisions"}],"predecessor-version":[{"id":1637,"href":"https:\/\/betwinner.team\/argentina\/wp-json\/wp\/v2\/pages\/1560\/revisions\/1637"}],"wp:attachment":[{"href":"https:\/\/betwinner.team\/argentina\/wp-json\/wp\/v2\/media?parent=1560"}],"curies":[{"name":"wp","href":"https:\/\/api.w.org\/{rel}","templated":true}]}}