{"id":1543,"date":"2026-02-22T08:06:34","date_gmt":"2026-02-22T05:06:34","guid":{"rendered":"https:\/\/betwinner.team\/argentina\/?page_id=1543"},"modified":"2026-04-09T14:13:21","modified_gmt":"2026-04-09T11:13:21","slug":"registration","status":"publish","type":"page","link":"https:\/\/betwinner.team\/argentina\/registration\/","title":{"rendered":"Inscripci\u00f3n"},"content":{"rendered":"","protected":false},"excerpt":{"rendered":"","protected":false},"author":1,"featured_media":0,"parent":0,"menu_order":0,"comment_status":"closed","ping_status":"closed","template":"","meta":{"_acf_changed":false,"footnotes":""},"class_list":["post-1543","page","type-page","status-publish","hentry"],"acf":[],"yoast_head":"<!-- This site is optimized with the Yoast SEO plugin v26.9 - https:\/\/yoast.com\/product\/yoast-seo-wordpress\/ -->\n<title>Gu\u00eda de registro en Betwinner Argentina con bono 2026<\/title>\n<meta name=\"description\" content=\"Registro r\u00e1pido en Betwinner \u2014 Elige un m\u00e9todo (con un solo clic, por tel\u00e9fono o por correo electr\u00f3nico), verifica tu cuenta y recibe un bono de bienvenida utilizando el c\u00f3digo promocional. Accede a m\u00e1s de 9.000 eventos y miles de tragamonedas desde cualquier dispositivo: \u00a1empieza en solo 1 minuto!\" \/>\n<meta name=\"robots\" content=\"index, follow, max-snippet:-1, max-image-preview:large, max-video-preview:-1\" \/>\n<link rel=\"canonical\" href=\"https:\/\/betwinner.team\/argentina\/registration\/\" \/>\n<meta property=\"og:locale\" content=\"es_ES\" \/>\n<meta property=\"og:type\" content=\"article\" \/>\n<meta property=\"og:title\" content=\"Gu\u00eda de registro en Betwinner Argentina con bono 2026\" \/>\n<meta property=\"og:description\" content=\"Registro r\u00e1pido en Betwinner \u2014 Elige un m\u00e9todo (con un solo clic, por tel\u00e9fono o por correo electr\u00f3nico), verifica tu cuenta y recibe un bono de bienvenida utilizando el c\u00f3digo promocional. Accede a m\u00e1s de 9.000 eventos y miles de tragamonedas desde cualquier dispositivo: \u00a1empieza en solo 1 minuto!\" \/>\n<meta property=\"og:url\" content=\"https:\/\/betwinner.team\/argentina\/registration\/\" \/>\n<meta property=\"og:site_name\" content=\"Betwinner Team\" \/>\n<meta property=\"article:modified_time\" content=\"2026-04-09T11:13:21+00:00\" \/>\n<meta name=\"twitter:card\" content=\"summary_large_image\" \/>\n<script type=\"application\/ld+json\" class=\"yoast-schema-graph\">{\"@context\":\"https:\/\/schema.org\",\"@graph\":[{\"@type\":\"WebPage\",\"@id\":\"https:\/\/betwinner.team\/argentina\/registration\/\",\"url\":\"https:\/\/betwinner.team\/argentina\/registration\/\",\"name\":\"Gu\u00eda de registro en Betwinner Argentina con bono 2026\",\"isPartOf\":{\"@id\":\"http:\/\/betwinner.team\/argentina\/#website\"},\"datePublished\":\"2026-02-22T05:06:34+00:00\",\"dateModified\":\"2026-04-09T11:13:21+00:00\",\"description\":\"Registro r\u00e1pido en Betwinner \u2014 Elige un m\u00e9todo (con un solo clic, por tel\u00e9fono o por correo electr\u00f3nico), verifica tu cuenta y recibe un bono de bienvenida utilizando el c\u00f3digo promocional. Accede a m\u00e1s de 9.000 eventos y miles de tragamonedas desde cualquier dispositivo: \u00a1empieza en solo 1 minuto!\",\"inLanguage\":\"es-AR\",\"potentialAction\":[{\"@type\":\"ReadAction\",\"target\":[\"https:\/\/betwinner.team\/argentina\/registration\/\"]}]},{\"@type\":\"WebSite\",\"@id\":\"http:\/\/betwinner.team\/argentina\/#website\",\"url\":\"http:\/\/betwinner.team\/argentina\/\",\"name\":\"Betwinner Team\",\"description\":\"\",\"potentialAction\":[{\"@type\":\"SearchAction\",\"target\":{\"@type\":\"EntryPoint\",\"urlTemplate\":\"http:\/\/betwinner.team\/argentina\/?s={search_term_string}\"},\"query-input\":{\"@type\":\"PropertyValueSpecification\",\"valueRequired\":true,\"valueName\":\"search_term_string\"}}],\"inLanguage\":\"es-AR\"}]}<\/script>\n<!-- \/ Yoast SEO plugin. -->","yoast_head_json":{"title":"Gu\u00eda de registro en Betwinner Argentina con bono 2026","description":"Registro r\u00e1pido en Betwinner \u2014 Elige un m\u00e9todo (con un solo clic, por tel\u00e9fono o por correo electr\u00f3nico), verifica tu cuenta y recibe un bono de bienvenida utilizando el c\u00f3digo promocional. Accede a m\u00e1s de 9.000 eventos y miles de tragamonedas desde cualquier dispositivo: \u00a1empieza en solo 1 minuto!","robots":{"index":"index","follow":"follow","max-snippet":"max-snippet:-1","max-image-preview":"max-image-preview:large","max-video-preview":"max-video-preview:-1"},"canonical":"https:\/\/betwinner.team\/argentina\/registration\/","og_locale":"es_ES","og_type":"article","og_title":"Gu\u00eda de registro en Betwinner Argentina con bono 2026","og_description":"Registro r\u00e1pido en Betwinner \u2014 Elige un m\u00e9todo (con un solo clic, por tel\u00e9fono o por correo electr\u00f3nico), verifica tu cuenta y recibe un bono de bienvenida utilizando el c\u00f3digo promocional. Accede a m\u00e1s de 9.000 eventos y miles de tragamonedas desde cualquier dispositivo: \u00a1empieza en solo 1 minuto!","og_url":"https:\/\/betwinner.team\/argentina\/registration\/","og_site_name":"Betwinner Team","article_modified_time":"2026-04-09T11:13:21+00:00","twitter_card":"summary_large_image","schema":{"@context":"https:\/\/schema.org","@graph":[{"@type":"WebPage","@id":"https:\/\/betwinner.team\/argentina\/registration\/","url":"https:\/\/betwinner.team\/argentina\/registration\/","name":"Gu\u00eda de registro en Betwinner Argentina con bono 2026","isPartOf":{"@id":"http:\/\/betwinner.team\/argentina\/#website"},"datePublished":"2026-02-22T05:06:34+00:00","dateModified":"2026-04-09T11:13:21+00:00","description":"Registro r\u00e1pido en Betwinner \u2014 Elige un m\u00e9todo (con un solo clic, por tel\u00e9fono o por correo electr\u00f3nico), verifica tu cuenta y recibe un bono de bienvenida utilizando el c\u00f3digo promocional. Accede a m\u00e1s de 9.000 eventos y miles de tragamonedas desde cualquier dispositivo: \u00a1empieza en solo 1 minuto!","inLanguage":"es-AR","potentialAction":[{"@type":"ReadAction","target":["https:\/\/betwinner.team\/argentina\/registration\/"]}]},{"@type":"WebSite","@id":"http:\/\/betwinner.team\/argentina\/#website","url":"http:\/\/betwinner.team\/argentina\/","name":"Betwinner Team","description":"","potentialAction":[{"@type":"SearchAction","target":{"@type":"EntryPoint","urlTemplate":"http:\/\/betwinner.team\/argentina\/?s={search_term_string}"},"query-input":{"@type":"PropertyValueSpecification","valueRequired":true,"valueName":"search_term_string"}}],"inLanguage":"es-AR"}]}},"_links":{"self":[{"href":"https:\/\/betwinner.team\/argentina\/wp-json\/wp\/v2\/pages\/1543","targetHints":{"allow":["GET"]}}],"collection":[{"href":"https:\/\/betwinner.team\/argentina\/wp-json\/wp\/v2\/pages"}],"about":[{"href":"https:\/\/betwinner.team\/argentina\/wp-json\/wp\/v2\/types\/page"}],"author":[{"embeddable":true,"href":"https:\/\/betwinner.team\/argentina\/wp-json\/wp\/v2\/users\/1"}],"replies":[{"embeddable":true,"href":"https:\/\/betwinner.team\/argentina\/wp-json\/wp\/v2\/comments?post=1543"}],"version-history":[{"count":5,"href":"https:\/\/betwinner.team\/argentina\/wp-json\/wp\/v2\/pages\/1543\/revisions"}],"predecessor-version":[{"id":1630,"href":"https:\/\/betwinner.team\/argentina\/wp-json\/wp\/v2\/pages\/1543\/revisions\/1630"}],"wp:attachment":[{"href":"https:\/\/betwinner.team\/argentina\/wp-json\/wp\/v2\/media?parent=1543"}],"curies":[{"name":"wp","href":"https:\/\/api.w.org\/{rel}","templated":true}]}}