{"id":1449,"date":"2026-02-16T18:30:45","date_gmt":"2026-02-16T15:30:45","guid":{"rendered":"https:\/\/betwinner.team\/argentina\/?page_id=1449"},"modified":"2026-04-09T13:17:08","modified_gmt":"2026-04-09T10:17:08","slug":"apk","status":"publish","type":"page","link":"https:\/\/betwinner.team\/argentina\/apk\/","title":{"rendered":"APK"},"content":{"rendered":"","protected":false},"excerpt":{"rendered":"","protected":false},"author":1,"featured_media":0,"parent":0,"menu_order":0,"comment_status":"closed","ping_status":"closed","template":"","meta":{"_acf_changed":false,"footnotes":""},"class_list":["post-1449","page","type-page","status-publish","hentry"],"acf":[],"yoast_head":"<!-- This site is optimized with the Yoast SEO plugin v26.9 - https:\/\/yoast.com\/product\/yoast-seo-wordpress\/ -->\n<title>Betwinner APK: descarga la aplicaci\u00f3n oficial para Android<\/title>\n<meta name=\"description\" content=\"Descarga gratis la \u00faltima versi\u00f3n del APK de Betwinner Argentina una pr\u00e1ctica aplicaci\u00f3n m\u00f3vil para apuestas deportivas, casino y juegos en vivo con cuotas elevadas, dep\u00f3sitos y retiros instant\u00e1neos. Consigue un bono de bienvenida de hasta el 100 % en tu primer dep\u00f3sito: \u00a1reg\u00edstrate, instala el APK y apuesta desde cualquier lugar!\" \/>\n<meta name=\"robots\" content=\"index, follow, max-snippet:-1, max-image-preview:large, max-video-preview:-1\" \/>\n<link rel=\"canonical\" href=\"https:\/\/betwinner.team\/argentina\/apk\/\" \/>\n<meta property=\"og:locale\" content=\"es_ES\" \/>\n<meta property=\"og:type\" content=\"article\" \/>\n<meta property=\"og:title\" content=\"Betwinner APK: descarga la aplicaci\u00f3n oficial para Android\" \/>\n<meta property=\"og:description\" content=\"Descarga gratis la \u00faltima versi\u00f3n del APK de Betwinner Argentina una pr\u00e1ctica aplicaci\u00f3n m\u00f3vil para apuestas deportivas, casino y juegos en vivo con cuotas elevadas, dep\u00f3sitos y retiros instant\u00e1neos. Consigue un bono de bienvenida de hasta el 100 % en tu primer dep\u00f3sito: \u00a1reg\u00edstrate, instala el APK y apuesta desde cualquier lugar!\" \/>\n<meta property=\"og:url\" content=\"https:\/\/betwinner.team\/argentina\/apk\/\" \/>\n<meta property=\"og:site_name\" content=\"Betwinner Team\" \/>\n<meta property=\"article:modified_time\" content=\"2026-04-09T10:17:08+00:00\" \/>\n<meta name=\"twitter:card\" content=\"summary_large_image\" \/>\n<script type=\"application\/ld+json\" class=\"yoast-schema-graph\">{\"@context\":\"https:\/\/schema.org\",\"@graph\":[{\"@type\":\"WebPage\",\"@id\":\"https:\/\/betwinner.team\/argentina\/apk\/\",\"url\":\"https:\/\/betwinner.team\/argentina\/apk\/\",\"name\":\"Betwinner APK: descarga la aplicaci\u00f3n oficial para Android\",\"isPartOf\":{\"@id\":\"http:\/\/betwinner.team\/argentina\/#website\"},\"datePublished\":\"2026-02-16T15:30:45+00:00\",\"dateModified\":\"2026-04-09T10:17:08+00:00\",\"description\":\"Descarga gratis la \u00faltima versi\u00f3n del APK de Betwinner Argentina una pr\u00e1ctica aplicaci\u00f3n m\u00f3vil para apuestas deportivas, casino y juegos en vivo con cuotas elevadas, dep\u00f3sitos y retiros instant\u00e1neos. Consigue un bono de bienvenida de hasta el 100 % en tu primer dep\u00f3sito: \u00a1reg\u00edstrate, instala el APK y apuesta desde cualquier lugar!\",\"inLanguage\":\"es-AR\",\"potentialAction\":[{\"@type\":\"ReadAction\",\"target\":[\"https:\/\/betwinner.team\/argentina\/apk\/\"]}]},{\"@type\":\"WebSite\",\"@id\":\"http:\/\/betwinner.team\/argentina\/#website\",\"url\":\"http:\/\/betwinner.team\/argentina\/\",\"name\":\"Betwinner Team\",\"description\":\"\",\"potentialAction\":[{\"@type\":\"SearchAction\",\"target\":{\"@type\":\"EntryPoint\",\"urlTemplate\":\"http:\/\/betwinner.team\/argentina\/?s={search_term_string}\"},\"query-input\":{\"@type\":\"PropertyValueSpecification\",\"valueRequired\":true,\"valueName\":\"search_term_string\"}}],\"inLanguage\":\"es-AR\"}]}<\/script>\n<!-- \/ Yoast SEO plugin. -->","yoast_head_json":{"title":"Betwinner APK: descarga la aplicaci\u00f3n oficial para Android","description":"Descarga gratis la \u00faltima versi\u00f3n del APK de Betwinner Argentina una pr\u00e1ctica aplicaci\u00f3n m\u00f3vil para apuestas deportivas, casino y juegos en vivo con cuotas elevadas, dep\u00f3sitos y retiros instant\u00e1neos. Consigue un bono de bienvenida de hasta el 100 % en tu primer dep\u00f3sito: \u00a1reg\u00edstrate, instala el APK y apuesta desde cualquier lugar!","robots":{"index":"index","follow":"follow","max-snippet":"max-snippet:-1","max-image-preview":"max-image-preview:large","max-video-preview":"max-video-preview:-1"},"canonical":"https:\/\/betwinner.team\/argentina\/apk\/","og_locale":"es_ES","og_type":"article","og_title":"Betwinner APK: descarga la aplicaci\u00f3n oficial para Android","og_description":"Descarga gratis la \u00faltima versi\u00f3n del APK de Betwinner Argentina una pr\u00e1ctica aplicaci\u00f3n m\u00f3vil para apuestas deportivas, casino y juegos en vivo con cuotas elevadas, dep\u00f3sitos y retiros instant\u00e1neos. Consigue un bono de bienvenida de hasta el 100 % en tu primer dep\u00f3sito: \u00a1reg\u00edstrate, instala el APK y apuesta desde cualquier lugar!","og_url":"https:\/\/betwinner.team\/argentina\/apk\/","og_site_name":"Betwinner Team","article_modified_time":"2026-04-09T10:17:08+00:00","twitter_card":"summary_large_image","schema":{"@context":"https:\/\/schema.org","@graph":[{"@type":"WebPage","@id":"https:\/\/betwinner.team\/argentina\/apk\/","url":"https:\/\/betwinner.team\/argentina\/apk\/","name":"Betwinner APK: descarga la aplicaci\u00f3n oficial para Android","isPartOf":{"@id":"http:\/\/betwinner.team\/argentina\/#website"},"datePublished":"2026-02-16T15:30:45+00:00","dateModified":"2026-04-09T10:17:08+00:00","description":"Descarga gratis la \u00faltima versi\u00f3n del APK de Betwinner Argentina una pr\u00e1ctica aplicaci\u00f3n m\u00f3vil para apuestas deportivas, casino y juegos en vivo con cuotas elevadas, dep\u00f3sitos y retiros instant\u00e1neos. Consigue un bono de bienvenida de hasta el 100 % en tu primer dep\u00f3sito: \u00a1reg\u00edstrate, instala el APK y apuesta desde cualquier lugar!","inLanguage":"es-AR","potentialAction":[{"@type":"ReadAction","target":["https:\/\/betwinner.team\/argentina\/apk\/"]}]},{"@type":"WebSite","@id":"http:\/\/betwinner.team\/argentina\/#website","url":"http:\/\/betwinner.team\/argentina\/","name":"Betwinner Team","description":"","potentialAction":[{"@type":"SearchAction","target":{"@type":"EntryPoint","urlTemplate":"http:\/\/betwinner.team\/argentina\/?s={search_term_string}"},"query-input":{"@type":"PropertyValueSpecification","valueRequired":true,"valueName":"search_term_string"}}],"inLanguage":"es-AR"}]}},"_links":{"self":[{"href":"https:\/\/betwinner.team\/argentina\/wp-json\/wp\/v2\/pages\/1449","targetHints":{"allow":["GET"]}}],"collection":[{"href":"https:\/\/betwinner.team\/argentina\/wp-json\/wp\/v2\/pages"}],"about":[{"href":"https:\/\/betwinner.team\/argentina\/wp-json\/wp\/v2\/types\/page"}],"author":[{"embeddable":true,"href":"https:\/\/betwinner.team\/argentina\/wp-json\/wp\/v2\/users\/1"}],"replies":[{"embeddable":true,"href":"https:\/\/betwinner.team\/argentina\/wp-json\/wp\/v2\/comments?post=1449"}],"version-history":[{"count":5,"href":"https:\/\/betwinner.team\/argentina\/wp-json\/wp\/v2\/pages\/1449\/revisions"}],"predecessor-version":[{"id":1625,"href":"https:\/\/betwinner.team\/argentina\/wp-json\/wp\/v2\/pages\/1449\/revisions\/1625"}],"wp:attachment":[{"href":"https:\/\/betwinner.team\/argentina\/wp-json\/wp\/v2\/media?parent=1449"}],"curies":[{"name":"wp","href":"https:\/\/api.w.org\/{rel}","templated":true}]}}