{"id":1423,"date":"2026-02-11T12:28:48","date_gmt":"2026-02-11T09:28:48","guid":{"rendered":"https:\/\/betwinner.team\/argentina\/?page_id=1423"},"modified":"2026-04-09T13:42:22","modified_gmt":"2026-04-09T10:42:22","slug":"app","status":"publish","type":"page","link":"https:\/\/betwinner.team\/argentina\/app\/","title":{"rendered":"Aplicaci\u00f3n"},"content":{"rendered":"","protected":false},"excerpt":{"rendered":"","protected":false},"author":1,"featured_media":0,"parent":0,"menu_order":0,"comment_status":"closed","ping_status":"closed","template":"","meta":{"_acf_changed":false,"footnotes":""},"class_list":["post-1423","page","type-page","status-publish","hentry"],"acf":[],"yoast_head":"<!-- This site is optimized with the Yoast SEO plugin v26.9 - https:\/\/yoast.com\/product\/yoast-seo-wordpress\/ -->\n<title>Descargar App Betwinner \u2014 Apuestas y Casino M\u00f3vil<\/title>\n<meta name=\"description\" content=\"Aplicaci\u00f3n oficial de Betwinner Argentina para Android e iOS: apuestas en vivo en m\u00e1s de 1000 eventos, tragamonedas de casino, retiros r\u00e1pidos y los mejores deportes con un solo clic. Descarga la aplicaci\u00f3n gratis, reg\u00edstrate con un c\u00f3digo promocional y ll\u00e9vate un bono de bienvenida de hasta el 100 % + reembolso: \u00a1juega sin demora desde cualquier lugar!\" \/>\n<meta name=\"robots\" content=\"index, follow, max-snippet:-1, max-image-preview:large, max-video-preview:-1\" \/>\n<link rel=\"canonical\" href=\"https:\/\/betwinner.team\/argentina\/app\/\" \/>\n<meta property=\"og:locale\" content=\"es_ES\" \/>\n<meta property=\"og:type\" content=\"article\" \/>\n<meta property=\"og:title\" content=\"Descargar App Betwinner \u2014 Apuestas y Casino M\u00f3vil\" \/>\n<meta property=\"og:description\" content=\"Aplicaci\u00f3n oficial de Betwinner Argentina para Android e iOS: apuestas en vivo en m\u00e1s de 1000 eventos, tragamonedas de casino, retiros r\u00e1pidos y los mejores deportes con un solo clic. Descarga la aplicaci\u00f3n gratis, reg\u00edstrate con un c\u00f3digo promocional y ll\u00e9vate un bono de bienvenida de hasta el 100 % + reembolso: \u00a1juega sin demora desde cualquier lugar!\" \/>\n<meta property=\"og:url\" content=\"https:\/\/betwinner.team\/argentina\/app\/\" \/>\n<meta property=\"og:site_name\" content=\"Betwinner Team\" \/>\n<meta property=\"article:modified_time\" content=\"2026-04-09T10:42:22+00:00\" \/>\n<meta name=\"twitter:card\" content=\"summary_large_image\" \/>\n<script type=\"application\/ld+json\" class=\"yoast-schema-graph\">{\"@context\":\"https:\/\/schema.org\",\"@graph\":[{\"@type\":\"WebPage\",\"@id\":\"https:\/\/betwinner.team\/argentina\/app\/\",\"url\":\"https:\/\/betwinner.team\/argentina\/app\/\",\"name\":\"Descargar App Betwinner \u2014 Apuestas y Casino M\u00f3vil\",\"isPartOf\":{\"@id\":\"http:\/\/betwinner.team\/argentina\/#website\"},\"datePublished\":\"2026-02-11T09:28:48+00:00\",\"dateModified\":\"2026-04-09T10:42:22+00:00\",\"description\":\"Aplicaci\u00f3n oficial de Betwinner Argentina para Android e iOS: apuestas en vivo en m\u00e1s de 1000 eventos, tragamonedas de casino, retiros r\u00e1pidos y los mejores deportes con un solo clic. Descarga la aplicaci\u00f3n gratis, reg\u00edstrate con un c\u00f3digo promocional y ll\u00e9vate un bono de bienvenida de hasta el 100 % + reembolso: \u00a1juega sin demora desde cualquier lugar!\",\"inLanguage\":\"es-AR\",\"potentialAction\":[{\"@type\":\"ReadAction\",\"target\":[\"https:\/\/betwinner.team\/argentina\/app\/\"]}]},{\"@type\":\"WebSite\",\"@id\":\"http:\/\/betwinner.team\/argentina\/#website\",\"url\":\"http:\/\/betwinner.team\/argentina\/\",\"name\":\"Betwinner Team\",\"description\":\"\",\"potentialAction\":[{\"@type\":\"SearchAction\",\"target\":{\"@type\":\"EntryPoint\",\"urlTemplate\":\"http:\/\/betwinner.team\/argentina\/?s={search_term_string}\"},\"query-input\":{\"@type\":\"PropertyValueSpecification\",\"valueRequired\":true,\"valueName\":\"search_term_string\"}}],\"inLanguage\":\"es-AR\"}]}<\/script>\n<!-- \/ Yoast SEO plugin. -->","yoast_head_json":{"title":"Descargar App Betwinner \u2014 Apuestas y Casino M\u00f3vil","description":"Aplicaci\u00f3n oficial de Betwinner Argentina para Android e iOS: apuestas en vivo en m\u00e1s de 1000 eventos, tragamonedas de casino, retiros r\u00e1pidos y los mejores deportes con un solo clic. Descarga la aplicaci\u00f3n gratis, reg\u00edstrate con un c\u00f3digo promocional y ll\u00e9vate un bono de bienvenida de hasta el 100 % + reembolso: \u00a1juega sin demora desde cualquier lugar!","robots":{"index":"index","follow":"follow","max-snippet":"max-snippet:-1","max-image-preview":"max-image-preview:large","max-video-preview":"max-video-preview:-1"},"canonical":"https:\/\/betwinner.team\/argentina\/app\/","og_locale":"es_ES","og_type":"article","og_title":"Descargar App Betwinner \u2014 Apuestas y Casino M\u00f3vil","og_description":"Aplicaci\u00f3n oficial de Betwinner Argentina para Android e iOS: apuestas en vivo en m\u00e1s de 1000 eventos, tragamonedas de casino, retiros r\u00e1pidos y los mejores deportes con un solo clic. Descarga la aplicaci\u00f3n gratis, reg\u00edstrate con un c\u00f3digo promocional y ll\u00e9vate un bono de bienvenida de hasta el 100 % + reembolso: \u00a1juega sin demora desde cualquier lugar!","og_url":"https:\/\/betwinner.team\/argentina\/app\/","og_site_name":"Betwinner Team","article_modified_time":"2026-04-09T10:42:22+00:00","twitter_card":"summary_large_image","schema":{"@context":"https:\/\/schema.org","@graph":[{"@type":"WebPage","@id":"https:\/\/betwinner.team\/argentina\/app\/","url":"https:\/\/betwinner.team\/argentina\/app\/","name":"Descargar App Betwinner \u2014 Apuestas y Casino M\u00f3vil","isPartOf":{"@id":"http:\/\/betwinner.team\/argentina\/#website"},"datePublished":"2026-02-11T09:28:48+00:00","dateModified":"2026-04-09T10:42:22+00:00","description":"Aplicaci\u00f3n oficial de Betwinner Argentina para Android e iOS: apuestas en vivo en m\u00e1s de 1000 eventos, tragamonedas de casino, retiros r\u00e1pidos y los mejores deportes con un solo clic. Descarga la aplicaci\u00f3n gratis, reg\u00edstrate con un c\u00f3digo promocional y ll\u00e9vate un bono de bienvenida de hasta el 100 % + reembolso: \u00a1juega sin demora desde cualquier lugar!","inLanguage":"es-AR","potentialAction":[{"@type":"ReadAction","target":["https:\/\/betwinner.team\/argentina\/app\/"]}]},{"@type":"WebSite","@id":"http:\/\/betwinner.team\/argentina\/#website","url":"http:\/\/betwinner.team\/argentina\/","name":"Betwinner Team","description":"","potentialAction":[{"@type":"SearchAction","target":{"@type":"EntryPoint","urlTemplate":"http:\/\/betwinner.team\/argentina\/?s={search_term_string}"},"query-input":{"@type":"PropertyValueSpecification","valueRequired":true,"valueName":"search_term_string"}}],"inLanguage":"es-AR"}]}},"_links":{"self":[{"href":"https:\/\/betwinner.team\/argentina\/wp-json\/wp\/v2\/pages\/1423","targetHints":{"allow":["GET"]}}],"collection":[{"href":"https:\/\/betwinner.team\/argentina\/wp-json\/wp\/v2\/pages"}],"about":[{"href":"https:\/\/betwinner.team\/argentina\/wp-json\/wp\/v2\/types\/page"}],"author":[{"embeddable":true,"href":"https:\/\/betwinner.team\/argentina\/wp-json\/wp\/v2\/users\/1"}],"replies":[{"embeddable":true,"href":"https:\/\/betwinner.team\/argentina\/wp-json\/wp\/v2\/comments?post=1423"}],"version-history":[{"count":5,"href":"https:\/\/betwinner.team\/argentina\/wp-json\/wp\/v2\/pages\/1423\/revisions"}],"predecessor-version":[{"id":1627,"href":"https:\/\/betwinner.team\/argentina\/wp-json\/wp\/v2\/pages\/1423\/revisions\/1627"}],"wp:attachment":[{"href":"https:\/\/betwinner.team\/argentina\/wp-json\/wp\/v2\/media?parent=1423"}],"curies":[{"name":"wp","href":"https:\/\/api.w.org\/{rel}","templated":true}]}}