{"id":1086,"date":"2025-11-15T16:52:15","date_gmt":"2025-11-15T13:52:15","guid":{"rendered":"https:\/\/betwinner.team\/argentina\/?page_id=1086"},"modified":"2026-04-09T15:14:29","modified_gmt":"2026-04-09T12:14:29","slug":"home","status":"publish","type":"page","link":"https:\/\/betwinner.team\/argentina\/","title":{"rendered":"Inicio"},"content":{"rendered":"","protected":false},"excerpt":{"rendered":"","protected":false},"author":1,"featured_media":0,"parent":0,"menu_order":0,"comment_status":"closed","ping_status":"closed","template":"","meta":{"_acf_changed":false,"footnotes":""},"class_list":["post-1086","page","type-page","status-publish","hentry"],"acf":[],"yoast_head":"<!-- This site is optimized with the Yoast SEO plugin v26.9 - https:\/\/yoast.com\/product\/yoast-seo-wordpress\/ -->\n<title>Betwinner Betting and Casino \u2014 Bono hasta 2.430.000 ARS Registro<\/title>\n<meta name=\"description\" content=\"Betwinner Argentina es una de las principales casas de apuestas, con una amplia gama de opciones de apuestas deportivas, retransmisiones en directo, deportes electr\u00f3nicos y tragamonedas de casino. Consigue un bono de bienvenida de hasta 2 430 000 ARS, apuestas gratis y promociones; p\u00e1gina web f\u00e1cil de usar, pagos r\u00e1pidos y m\u00e1s de 100 m\u00e9todos de dep\u00f3sito. Analizamos las ventajas, las desventajas, las opiniones de los usuarios y c\u00f3mo sacar el m\u00e1ximo partido a Betwinner.\" \/>\n<meta name=\"robots\" content=\"index, follow, max-snippet:-1, max-image-preview:large, max-video-preview:-1\" \/>\n<link rel=\"canonical\" href=\"https:\/\/betwinner.team\/argentina\/\" \/>\n<meta property=\"og:locale\" content=\"es_ES\" \/>\n<meta property=\"og:type\" content=\"article\" \/>\n<meta property=\"og:title\" content=\"Betwinner Betting and Casino \u2014 Bono hasta 2.430.000 ARS Registro\" \/>\n<meta property=\"og:description\" content=\"Betwinner Argentina es una de las principales casas de apuestas, con una amplia gama de opciones de apuestas deportivas, retransmisiones en directo, deportes electr\u00f3nicos y tragamonedas de casino. Consigue un bono de bienvenida de hasta 2 430 000 ARS, apuestas gratis y promociones; p\u00e1gina web f\u00e1cil de usar, pagos r\u00e1pidos y m\u00e1s de 100 m\u00e9todos de dep\u00f3sito. Analizamos las ventajas, las desventajas, las opiniones de los usuarios y c\u00f3mo sacar el m\u00e1ximo partido a Betwinner.\" \/>\n<meta property=\"og:url\" content=\"https:\/\/betwinner.team\/argentina\/\" \/>\n<meta property=\"og:site_name\" content=\"Betwinner Team\" \/>\n<meta property=\"article:modified_time\" content=\"2026-04-09T12:14:29+00:00\" \/>\n<meta name=\"twitter:card\" content=\"summary_large_image\" \/>\n<script type=\"application\/ld+json\" class=\"yoast-schema-graph\">{\"@context\":\"https:\/\/schema.org\",\"@graph\":[{\"@type\":\"WebPage\",\"@id\":\"https:\/\/betwinner.team\/argentina\/\",\"url\":\"https:\/\/betwinner.team\/argentina\/\",\"name\":\"Betwinner Betting and Casino \u2014 Bono hasta 2.430.000 ARS Registro\",\"isPartOf\":{\"@id\":\"http:\/\/betwinner.team\/argentina\/#website\"},\"datePublished\":\"2025-11-15T13:52:15+00:00\",\"dateModified\":\"2026-04-09T12:14:29+00:00\",\"description\":\"Betwinner Argentina es una de las principales casas de apuestas, con una amplia gama de opciones de apuestas deportivas, retransmisiones en directo, deportes electr\u00f3nicos y tragamonedas de casino. Consigue un bono de bienvenida de hasta 2 430 000 ARS, apuestas gratis y promociones; p\u00e1gina web f\u00e1cil de usar, pagos r\u00e1pidos y m\u00e1s de 100 m\u00e9todos de dep\u00f3sito. Analizamos las ventajas, las desventajas, las opiniones de los usuarios y c\u00f3mo sacar el m\u00e1ximo partido a Betwinner.\",\"inLanguage\":\"es-AR\",\"potentialAction\":[{\"@type\":\"ReadAction\",\"target\":[\"https:\/\/betwinner.team\/argentina\/\"]}]},{\"@type\":\"WebSite\",\"@id\":\"http:\/\/betwinner.team\/argentina\/#website\",\"url\":\"http:\/\/betwinner.team\/argentina\/\",\"name\":\"Betwinner Team\",\"description\":\"\",\"potentialAction\":[{\"@type\":\"SearchAction\",\"target\":{\"@type\":\"EntryPoint\",\"urlTemplate\":\"http:\/\/betwinner.team\/argentina\/?s={search_term_string}\"},\"query-input\":{\"@type\":\"PropertyValueSpecification\",\"valueRequired\":true,\"valueName\":\"search_term_string\"}}],\"inLanguage\":\"es-AR\"}]}<\/script>\n<!-- \/ Yoast SEO plugin. -->","yoast_head_json":{"title":"Betwinner Betting and Casino \u2014 Bono hasta 2.430.000 ARS Registro","description":"Betwinner Argentina es una de las principales casas de apuestas, con una amplia gama de opciones de apuestas deportivas, retransmisiones en directo, deportes electr\u00f3nicos y tragamonedas de casino. Consigue un bono de bienvenida de hasta 2 430 000 ARS, apuestas gratis y promociones; p\u00e1gina web f\u00e1cil de usar, pagos r\u00e1pidos y m\u00e1s de 100 m\u00e9todos de dep\u00f3sito. Analizamos las ventajas, las desventajas, las opiniones de los usuarios y c\u00f3mo sacar el m\u00e1ximo partido a Betwinner.","robots":{"index":"index","follow":"follow","max-snippet":"max-snippet:-1","max-image-preview":"max-image-preview:large","max-video-preview":"max-video-preview:-1"},"canonical":"https:\/\/betwinner.team\/argentina\/","og_locale":"es_ES","og_type":"article","og_title":"Betwinner Betting and Casino \u2014 Bono hasta 2.430.000 ARS Registro","og_description":"Betwinner Argentina es una de las principales casas de apuestas, con una amplia gama de opciones de apuestas deportivas, retransmisiones en directo, deportes electr\u00f3nicos y tragamonedas de casino. Consigue un bono de bienvenida de hasta 2 430 000 ARS, apuestas gratis y promociones; p\u00e1gina web f\u00e1cil de usar, pagos r\u00e1pidos y m\u00e1s de 100 m\u00e9todos de dep\u00f3sito. Analizamos las ventajas, las desventajas, las opiniones de los usuarios y c\u00f3mo sacar el m\u00e1ximo partido a Betwinner.","og_url":"https:\/\/betwinner.team\/argentina\/","og_site_name":"Betwinner Team","article_modified_time":"2026-04-09T12:14:29+00:00","twitter_card":"summary_large_image","schema":{"@context":"https:\/\/schema.org","@graph":[{"@type":"WebPage","@id":"https:\/\/betwinner.team\/argentina\/","url":"https:\/\/betwinner.team\/argentina\/","name":"Betwinner Betting and Casino \u2014 Bono hasta 2.430.000 ARS Registro","isPartOf":{"@id":"http:\/\/betwinner.team\/argentina\/#website"},"datePublished":"2025-11-15T13:52:15+00:00","dateModified":"2026-04-09T12:14:29+00:00","description":"Betwinner Argentina es una de las principales casas de apuestas, con una amplia gama de opciones de apuestas deportivas, retransmisiones en directo, deportes electr\u00f3nicos y tragamonedas de casino. Consigue un bono de bienvenida de hasta 2 430 000 ARS, apuestas gratis y promociones; p\u00e1gina web f\u00e1cil de usar, pagos r\u00e1pidos y m\u00e1s de 100 m\u00e9todos de dep\u00f3sito. Analizamos las ventajas, las desventajas, las opiniones de los usuarios y c\u00f3mo sacar el m\u00e1ximo partido a Betwinner.","inLanguage":"es-AR","potentialAction":[{"@type":"ReadAction","target":["https:\/\/betwinner.team\/argentina\/"]}]},{"@type":"WebSite","@id":"http:\/\/betwinner.team\/argentina\/#website","url":"http:\/\/betwinner.team\/argentina\/","name":"Betwinner Team","description":"","potentialAction":[{"@type":"SearchAction","target":{"@type":"EntryPoint","urlTemplate":"http:\/\/betwinner.team\/argentina\/?s={search_term_string}"},"query-input":{"@type":"PropertyValueSpecification","valueRequired":true,"valueName":"search_term_string"}}],"inLanguage":"es-AR"}]}},"_links":{"self":[{"href":"https:\/\/betwinner.team\/argentina\/wp-json\/wp\/v2\/pages\/1086","targetHints":{"allow":["GET"]}}],"collection":[{"href":"https:\/\/betwinner.team\/argentina\/wp-json\/wp\/v2\/pages"}],"about":[{"href":"https:\/\/betwinner.team\/argentina\/wp-json\/wp\/v2\/types\/page"}],"author":[{"embeddable":true,"href":"https:\/\/betwinner.team\/argentina\/wp-json\/wp\/v2\/users\/1"}],"replies":[{"embeddable":true,"href":"https:\/\/betwinner.team\/argentina\/wp-json\/wp\/v2\/comments?post=1086"}],"version-history":[{"count":4,"href":"https:\/\/betwinner.team\/argentina\/wp-json\/wp\/v2\/pages\/1086\/revisions"}],"predecessor-version":[{"id":1635,"href":"https:\/\/betwinner.team\/argentina\/wp-json\/wp\/v2\/pages\/1086\/revisions\/1635"}],"wp:attachment":[{"href":"https:\/\/betwinner.team\/argentina\/wp-json\/wp\/v2\/media?parent=1086"}],"curies":[{"name":"wp","href":"https:\/\/api.w.org\/{rel}","templated":true}]}}